{"id":999,"date":"2011-02-09T11:11:25","date_gmt":"2011-02-09T11:11:25","guid":{"rendered":"http:\/\/www.campuswerk.com\/Hochschulen-Deutschland"},"modified":"2022-05-10T21:30:51","modified_gmt":"2022-05-10T21:30:51","slug":"hochschule-fur-gestaltung-schwabisch-gmund","status":"publish","type":"page","link":"https:\/\/www.campuswerk.com\/Hochschulen-Deutschland\/hochschulen\/hochschulen-baden-wurttemberg\/hochschule-fur-gestaltung-schwabisch-gmund","title":{"rendered":"Hochschule f\u00fcr Gestaltung Schw\u00e4bisch Gm\u00fcnd"},"content":{"rendered":"<h4>Kontakt<\/h4>\n<div class=\"adresse\">\n<ul>\n<li>Hochschule f\u00fcr Gestaltung Schw\u00e4bisch Gm\u00fcnd<\/li>\n<li>Marie-Curie-Str. 19<\/li>\n<li>73529 Schw\u00e4bisch Gm\u00fcnd<\/li>\n<li>Telefon: +49 (0) 7171 60 26 00<\/li>\n<li>E-Mail: sekretariat@hfg-gmuend.de<\/li>\n<li>\u00d6ffnungszeiten: Mo-Fr 9-12, Mi 14-15.30<\/li>\n<li>Internet: <a title=\"Hochschule f\u00fcr Gestaltung Schw\u00e4bisch Gm\u00fcnd\" href=\"https:\/\/www.hfg-gmuend.de\">https:\/\/www.hfg-gmuend.de<\/a><\/li>\n<\/ul>\n<\/div>\n<pre>[wpmaps company=\"Hochschule f\u00fcr Gestaltung Schw\u00e4bisch Gm\u00fcnd\" street=\"Marie-Curie-Str. 19\" city=\"73529 Schw\u00e4bisch Gm\u00fcnd\"]<\/pre>\n<h5>\u00dcbersicht Studieng\u00e4nge<\/h5>\n<table border=\"0\" width=\"840\" cellpadding=\"0\">\n<tbody>\n<tr>\n<td class=\"tstyle\" width=\"40%\">Studieng\u00e4nge<\/td>\n<td class=\"tstyle\" align=\"center\" width=\"20%\">Bachlor<\/td>\n<td class=\"tstyle\" align=\"center\" width=\"20%\">Master<\/td>\n<td class=\"tstyle\" align=\"center\" width=\"20%\">Fernstudiengang<\/td>\n<\/tr>\n<tr>\n<td>Communication Planning and Design<\/td>\n<td align=\"center\"><\/td>\n<td align=\"center\">M<\/td>\n<td align=\"center\"><\/td>\n<\/tr>\n<tr>\n<td>Interaktionsgestaltung<\/td>\n<td align=\"center\">B<\/td>\n<td align=\"center\"><\/td>\n<td align=\"center\"><\/td>\n<\/tr>\n<tr>\n<td>Kommunikationsgestaltung<\/td>\n<td align=\"center\">B<\/td>\n<td align=\"center\"><\/td>\n<td align=\"center\"><\/td>\n<\/tr>\n<tr>\n<td>Product Planning and Design<\/td>\n<td align=\"center\"><\/td>\n<td align=\"center\">M<\/td>\n<td align=\"center\"><\/td>\n<\/tr>\n<tr>\n<td>Produktgestaltung<\/td>\n<td align=\"center\">B<\/td>\n<td align=\"center\"><\/td>\n<td align=\"center\"><\/td>\n<\/tr>\n<\/tbody>\n<\/table>\n<p>Weitere Hochschulen Baden W\u00fcrttemberg: <a title=\"Hochschule Heilbronn\" href=\"https:\/\/www.campuswerk.com\/Hochschulen-Deutschland\/hochschulen\/hochschulen-baden-wurttemberg\/hochschule-heilbronn\">Hochschule Heilbronn<\/a> | <a title=\"Hochschule Karlsruhe \u2013 Technik und Wirtschaft\" href=\"https:\/\/www.campuswerk.com\/Hochschulen-Deutschland\/hochschulen\/hochschulen-baden-wurttemberg\/hochschule-karlsruhe-technik-und-wirtschaft\">Hochschule Karlsruhe \u2013 Technik und Wirtschaft<\/a> | <a title=\"HHochschule Mannheim\" href=\"https:\/\/www.campuswerk.com\/Hochschulen-Deutschland\/hochschulen\/hochschulen-baden-wurttemberg\/hochschule-mannheim\">Hochschule Mannheim<\/a> | <a title=\"Hochschule Offenburg\" href=\"https:\/\/www.campuswerk.com\/Hochschulen-Deutschland\/hochschulen\/hochschulen-baden-wurttemberg\/hochschule-offenburg\">Hochschule Offenburg<\/a> | <a title=\"Hochschule Pforzheim\" href=\"https:\/\/www.campuswerk.com\/Hochschulen-Deutschland\/hochschulen\/hochschulen-baden-wurttemberg\/hochschule-pforzheim\">Hochschule Pforzheim<\/a> | <a title=\"Hochschule Ravensburg-Weingarten\" href=\"https:\/\/www.campuswerk.com\/Hochschulen-Deutschland\/hochschulen\/hochschulen-baden-wurttemberg\/hochschule-ravensburg-weingarten\">Hochschule Ravensburg-Weingarten<\/a> | <a title=\"Hochschule Reutlingen\" href=\"https:\/\/www.campuswerk.com\/Hochschulen-Deutschland\/hochschulen\/hochschulen-baden-wurttemberg\/hochschule-reutlingen\">Hochschule Reutlingen<\/a> | <a title=\"Hochschule Ulm\" href=\"https:\/\/www.campuswerk.com\/Hochschulen-Deutschland\/hochschulen\/hochschulen-baden-wurttemberg\/hochschule-ulm\">Hochschule Ulm<\/a> | <a title=\"Internationale Hochschule Calw\" href=\"https:\/\/www.campuswerk.com\/Hochschulen-Deutschland\/hochschulen\/hochschulen-baden-wurttemberg\/internationale-hochschule-calw\">Internationale Hochschule Calw<\/a> | <a title=\"Karlsruher Institut f\u00fcr Technologie\" href=\"https:\/\/www.campuswerk.com\/Hochschulen-Deutschland\/hochschulen\/hochschulen-baden-wurttemberg\/karlsruher-institut-fur-technologie\">Karlsruher Institut f\u00fcr Technologie<\/a> | <a title=\"Katholische Fachhochschule Freiburg\" href=\"https:\/\/www.campuswerk.com\/Hochschulen-Deutschland\/hochschulen\/hochschulen-baden-wurttemberg\/katholische-fachhochschule-freiburg\">Katholische Fachhochschule Freiburg<\/a> | <a title=\"Katholische Hochschule f\u00fcr Kirchenmusik Rottenburg\" href=\"https:\/\/www.campuswerk.com\/Hochschulen-Deutschland\/hochschulen\/hochschulen-baden-wurttemberg\/katholische-hochschule-fur-kirchenmusik-rottenburg\">Katholische Hochschule f\u00fcr Kirchenmusik Rottenburg<\/a> | <a title=\"Merz Akademie\" href=\"https:\/\/www.campuswerk.com\/Hochschulen-Deutschland\/hochschulen\/hochschulen-baden-wurttemberg\/merz-akademie\">Merz Akademie<\/a><\/p>\n","protected":false},"excerpt":{"rendered":"<p>Kontakt Hochschule f\u00fcr Gestaltung Schw\u00e4bisch Gm\u00fcnd Marie-Curie-Str. 19 73529 Schw\u00e4bisch Gm\u00fcnd Telefon: +49 (0) 7171 60 26 00 E-Mail: sekretariat@hfg-gmuend.de \u00d6ffnungszeiten: Mo-Fr 9-12, Mi 14-15.30 Internet: https:\/\/www.hfg-gmuend.de [wpmaps company=&#8220;Hochschule f\u00fcr Gestaltung Schw\u00e4bisch Gm\u00fcnd&#8220; street=&#8220;Marie-Curie-Str. 19&#8243; city=&#8220;73529 Schw\u00e4bisch Gm\u00fcnd&#8220;] \u00dcbersicht Studieng\u00e4nge Studieng\u00e4nge Bachlor Master Fernstudiengang Communication Planning and Design M Interaktionsgestaltung B Kommunikationsgestaltung B Product Planning [&hellip;]<\/p>\n","protected":false},"author":1,"featured_media":0,"parent":323,"menu_order":0,"comment_status":"open","ping_status":"open","template":"","meta":{"footnotes":""},"class_list":["post-999","page","type-page","status-publish","hentry"],"_links":{"self":[{"href":"https:\/\/www.campuswerk.com\/Hochschulen-Deutschland\/wp-json\/wp\/v2\/pages\/999","targetHints":{"allow":["GET"]}}],"collection":[{"href":"https:\/\/www.campuswerk.com\/Hochschulen-Deutschland\/wp-json\/wp\/v2\/pages"}],"about":[{"href":"https:\/\/www.campuswerk.com\/Hochschulen-Deutschland\/wp-json\/wp\/v2\/types\/page"}],"author":[{"embeddable":true,"href":"https:\/\/www.campuswerk.com\/Hochschulen-Deutschland\/wp-json\/wp\/v2\/users\/1"}],"replies":[{"embeddable":true,"href":"https:\/\/www.campuswerk.com\/Hochschulen-Deutschland\/wp-json\/wp\/v2\/comments?post=999"}],"version-history":[{"count":5,"href":"https:\/\/www.campuswerk.com\/Hochschulen-Deutschland\/wp-json\/wp\/v2\/pages\/999\/revisions"}],"predecessor-version":[{"id":3112,"href":"https:\/\/www.campuswerk.com\/Hochschulen-Deutschland\/wp-json\/wp\/v2\/pages\/999\/revisions\/3112"}],"up":[{"embeddable":true,"href":"https:\/\/www.campuswerk.com\/Hochschulen-Deutschland\/wp-json\/wp\/v2\/pages\/323"}],"wp:attachment":[{"href":"https:\/\/www.campuswerk.com\/Hochschulen-Deutschland\/wp-json\/wp\/v2\/media?parent=999"}],"curies":[{"name":"wp","href":"https:\/\/api.w.org\/{rel}","templated":true}]}}