{"id":980,"date":"2011-02-09T11:06:15","date_gmt":"2011-02-09T11:06:15","guid":{"rendered":"http:\/\/www.campuswerk.com\/Hochschulen-Deutschland"},"modified":"2022-05-10T21:31:12","modified_gmt":"2022-05-10T21:31:12","slug":"hochschule-albstadt-simaringen","status":"publish","type":"page","link":"https:\/\/www.campuswerk.com\/Hochschulen-Deutschland\/hochschulen\/hochschulen-baden-wurttemberg\/hochschule-albstadt-simaringen","title":{"rendered":"Hochschule Albstadt-Simaringen"},"content":{"rendered":"<h4>Kontakt<\/h4>\n<div class=\"adresse\">\n<ul>\n<li>Hochschule Albstadt-Sigmaringen<\/li>\n<li>Anton-G\u00fcnther-Stra\u00dfe 51<\/li>\n<li>72488 Sigmaringen<\/li>\n<li>Telefon: +49 (0) 7571 732 0<\/li>\n<li>E-Mail: info@hs-albsig.de<\/li>\n<li>\u00d6ffnungszeiten: Di, Do 9-11.30, Fr 9-12, Mo-Do 13-15.30<\/li>\n<li>Internet: <a title=\"Hochschule Albstadt-Sigmaringen\" href=\"https:\/\/www.hs-albsig.de\">https:\/\/www.hs-albsig.de<\/a><\/li>\n<\/ul>\n<\/div>\n<pre>[wpmaps company=\"Hochschule Albstadt-Sigmaringen\" street=\"Anton-G\u00fcnther-Stra\u00dfe 51\" city=\"72488 Sigmaringen\"]<\/pre>\n<h5>\u00dcbersicht Studieng\u00e4nge<\/h5>\n<table border=\"0\" width=\"840\" cellpadding=\"0\">\n<tbody>\n<tr>\n<td class=\"tstyle\" width=\"40%\">Studieng\u00e4nge<\/td>\n<td class=\"tstyle\" align=\"center\" width=\"20%\">Bachlor<\/td>\n<td class=\"tstyle\" align=\"center\" width=\"20%\">Master<\/td>\n<td class=\"tstyle\" align=\"center\" width=\"20%\">Fernstudiengang<\/td>\n<\/tr>\n<tr>\n<td>Bekleidungstechnik<\/td>\n<td align=\"center\">B<\/td>\n<td align=\"center\"><\/td>\n<td align=\"center\"><\/td>\n<\/tr>\n<tr>\n<td>Betriebswirtschaft<\/td>\n<td align=\"center\">B<\/td>\n<td align=\"center\"><\/td>\n<td align=\"center\"><\/td>\n<\/tr>\n<tr>\n<td>Betriebswirtschaft und Management<\/td>\n<td align=\"center\"><\/td>\n<td align=\"center\">M<\/td>\n<td align=\"center\"><\/td>\n<\/tr>\n<tr>\n<td>Biomedical Engineering<\/td>\n<td align=\"center\"><\/td>\n<td align=\"center\">M<\/td>\n<td align=\"center\"><\/td>\n<\/tr>\n<tr>\n<td>Digitale Forensik (berufsbegleitend)<\/td>\n<td align=\"center\"><\/td>\n<td align=\"center\">M<\/td>\n<td align=\"center\">F<\/td>\n<\/tr>\n<tr>\n<td>Facility Design and Management<\/td>\n<td align=\"center\"><\/td>\n<td align=\"center\">M<\/td>\n<td align=\"center\"><\/td>\n<\/tr>\n<tr>\n<td>Facility Management<\/td>\n<td align=\"center\">B<\/td>\n<td align=\"center\"><\/td>\n<td align=\"center\"><\/td>\n<\/tr>\n<tr>\n<td>Kommunikations- und Softwaretechnik<\/td>\n<td align=\"center\">B<\/td>\n<td align=\"center\"><\/td>\n<td align=\"center\"><\/td>\n<\/tr>\n<tr>\n<td>Kommunikations- und Softwaretechnik (dual)<\/td>\n<td align=\"center\">B<\/td>\n<td align=\"center\"><\/td>\n<td align=\"center\"><\/td>\n<\/tr>\n<tr>\n<td>Lebensmittel, Ern\u00e4hrung, Hygiene<\/td>\n<td align=\"center\">B<\/td>\n<td align=\"center\"><\/td>\n<td align=\"center\"><\/td>\n<\/tr>\n<tr>\n<td>Maschinenbau<\/td>\n<td align=\"center\">B<\/td>\n<td align=\"center\">M<\/td>\n<td align=\"center\"><\/td>\n<\/tr>\n<tr>\n<td>Maschinenbau (dual)<\/td>\n<td align=\"center\">B<\/td>\n<td align=\"center\"><\/td>\n<td align=\"center\"><\/td>\n<\/tr>\n<tr>\n<td>Pharmatechnik<\/td>\n<td align=\"center\">B<\/td>\n<td align=\"center\"><\/td>\n<td align=\"center\"><\/td>\n<\/tr>\n<tr>\n<td>Systems Engineering<\/td>\n<td align=\"center\"><\/td>\n<td align=\"center\">M<\/td>\n<td align=\"center\"><\/td>\n<\/tr>\n<tr>\n<td>Textil- und Bekleidungsmanagement<\/td>\n<td align=\"center\"><\/td>\n<td align=\"center\">M<\/td>\n<td align=\"center\"><\/td>\n<\/tr>\n<tr>\n<td>Textile Produkttechnologie, Technische Textilien<\/td>\n<td align=\"center\">B<\/td>\n<td align=\"center\"><\/td>\n<td align=\"center\"><\/td>\n<\/tr>\n<tr>\n<td>Wirtschaftsinformatik<\/td>\n<td align=\"center\">B<\/td>\n<td align=\"center\">M<\/td>\n<td align=\"center\"><\/td>\n<\/tr>\n<tr>\n<td>Wirtschaftsingenieurwesen<\/td>\n<td align=\"center\">B<\/td>\n<td align=\"center\">M<\/td>\n<td align=\"center\"><\/td>\n<\/tr>\n<\/tbody>\n<\/table>\n<p>Weitere Hochschulen Baden W\u00fcrttemberg: <a title=\"Popakademie Baden-W\u00fcrttemberg\" href=\"https:\/\/www.campuswerk.com\/Hochschulen-Deutschland\/hochschulen\/hochschulen-baden-wurttemberg\/popakademie-baden-wurttemberg\">Popakademie Baden-W\u00fcrttemberg<\/a> | <a title=\"P\u00e4dagogische Hochschule Freiburg\" href=\"https:\/\/www.campuswerk.com\/Hochschulen-Deutschland\/hochschulen\/hochschulen-baden-wurttemberg\/padagogische-hochschule-freiburg\">P\u00e4dagogische Hochschule Freiburg<\/a> | <a title=\"P\u00e4dagogische Hochschule Heidelberg\" href=\"https:\/\/www.campuswerk.com\/Hochschulen-Deutschland\/hochschulen\/hochschulen-baden-wurttemberg\/padagogische-hochschule-heidelberg\">P\u00e4dagogische Hochschule Heidelberg<\/a> | <a title=\"P\u00e4dagogische Hochschule Karlsruhe\" href=\"https:\/\/www.campuswerk.com\/Hochschulen-Deutschland\/hochschulen\/hochschulen-baden-wurttemberg\/padagogische-hochschule-karlsruhe\">P\u00e4dagogische Hochschule Karlsruhe<\/a> | <a title=\"P\u00e4dagogische Hochschule Ludwigsburg\" href=\"https:\/\/www.campuswerk.com\/Hochschulen-Deutschland\/hochschulen\/hochschulen-baden-wurttemberg\/padagogische-hochschule-ludwigsburg\">P\u00e4dagogische Hochschule Ludwigsburg<\/a> | <a title=\"P\u00e4dagogische Hochschule Schw\u00e4bisch Gm\u00fcnd\" href=\"https:\/\/www.campuswerk.com\/Hochschulen-Deutschland\/hochschulen\/hochschulen-baden-wurttemberg\/padagogische-hochschule-schwabisch-gmund\">P\u00e4dagogische Hochschule Schw\u00e4bisch Gm\u00fcnd<\/a> | <a title=\"SRH Hochschule Heidelberg\" href=\"https:\/\/www.campuswerk.com\/Hochschulen-Deutschland\/hochschulen\/hochschulen-baden-wurttemberg\/srh-hochschule-heidelberg\">SRH Hochschule Heidelberg<\/a> | <a title=\"Staatliche Akademie der Bildenden K\u00fcnste Karlsruhe\" href=\"https:\/\/www.campuswerk.com\/Hochschulen-Deutschland\/hochschulen\/hochschulen-baden-wurttemberg\/staatliche-akademie-der-bildenden-kunste-karlsruhe\">Staatliche Akademie der Bildenden K\u00fcnste Karlsruhe<\/a> | <a title=\"Staatliche Akademie der Bildenden K\u00fcnste Stuttgart\" href=\"https:\/\/www.campuswerk.com\/Hochschulen-Deutschland\/hochschulen\/hochschulen-baden-wurttemberg\/staatliche-akademie-der-bildenden-kunste-stuttgart\">Staatliche Akademie der Bildenden K\u00fcnste Stuttgart<\/a> | <a title=\"Staatliche Hochschule f\u00fcr Gestaltung Karlsruhe\" href=\"https:\/\/www.campuswerk.com\/Hochschulen-Deutschland\/hochschulen\/hochschulen-baden-wurttemberg\/staatliche-hochschule-fur-gestaltung-karlsruhe\">Staatliche Hochschule f\u00fcr Gestaltung Karlsruhe<\/a> | <a title=\"Wissenschaftliche Hochschule Lahr\" href=\"https:\/\/www.campuswerk.com\/Hochschulen-Deutschland\/hochschulen\/hochschulen-baden-wurttemberg\/wissenschaftliche-hochschule-lahr\">Wissenschaftliche Hochschule Lahr<\/a><\/p>\n","protected":false},"excerpt":{"rendered":"<p>Kontakt Hochschule Albstadt-Sigmaringen Anton-G\u00fcnther-Stra\u00dfe 51 72488 Sigmaringen Telefon: +49 (0) 7571 732 0 E-Mail: info@hs-albsig.de \u00d6ffnungszeiten: Di, Do 9-11.30, Fr 9-12, Mo-Do 13-15.30 Internet: https:\/\/www.hs-albsig.de [wpmaps company=&#8220;Hochschule Albstadt-Sigmaringen&#8220; street=&#8220;Anton-G\u00fcnther-Stra\u00dfe 51&#8243; city=&#8220;72488 Sigmaringen&#8220;] \u00dcbersicht Studieng\u00e4nge Studieng\u00e4nge Bachlor Master Fernstudiengang Bekleidungstechnik B Betriebswirtschaft B Betriebswirtschaft und Management M Biomedical Engineering M Digitale Forensik (berufsbegleitend) M F Facility [&hellip;]<\/p>\n","protected":false},"author":1,"featured_media":0,"parent":323,"menu_order":0,"comment_status":"open","ping_status":"open","template":"","meta":{"footnotes":""},"class_list":["post-980","page","type-page","status-publish","hentry"],"_links":{"self":[{"href":"https:\/\/www.campuswerk.com\/Hochschulen-Deutschland\/wp-json\/wp\/v2\/pages\/980","targetHints":{"allow":["GET"]}}],"collection":[{"href":"https:\/\/www.campuswerk.com\/Hochschulen-Deutschland\/wp-json\/wp\/v2\/pages"}],"about":[{"href":"https:\/\/www.campuswerk.com\/Hochschulen-Deutschland\/wp-json\/wp\/v2\/types\/page"}],"author":[{"embeddable":true,"href":"https:\/\/www.campuswerk.com\/Hochschulen-Deutschland\/wp-json\/wp\/v2\/users\/1"}],"replies":[{"embeddable":true,"href":"https:\/\/www.campuswerk.com\/Hochschulen-Deutschland\/wp-json\/wp\/v2\/comments?post=980"}],"version-history":[{"count":5,"href":"https:\/\/www.campuswerk.com\/Hochschulen-Deutschland\/wp-json\/wp\/v2\/pages\/980\/revisions"}],"predecessor-version":[{"id":3114,"href":"https:\/\/www.campuswerk.com\/Hochschulen-Deutschland\/wp-json\/wp\/v2\/pages\/980\/revisions\/3114"}],"up":[{"embeddable":true,"href":"https:\/\/www.campuswerk.com\/Hochschulen-Deutschland\/wp-json\/wp\/v2\/pages\/323"}],"wp:attachment":[{"href":"https:\/\/www.campuswerk.com\/Hochschulen-Deutschland\/wp-json\/wp\/v2\/media?parent=980"}],"curies":[{"name":"wp","href":"https:\/\/api.w.org\/{rel}","templated":true}]}}