{"id":977,"date":"2011-02-09T11:05:16","date_gmt":"2011-02-09T11:05:16","guid":{"rendered":"http:\/\/www.campuswerk.com\/Hochschulen-Deutschland"},"modified":"2022-05-10T21:48:15","modified_gmt":"2022-05-10T21:48:15","slug":"hochschule-aalen","status":"publish","type":"page","link":"https:\/\/www.campuswerk.com\/Hochschulen-Deutschland\/hochschulen\/hochschulen-baden-wurttemberg\/hochschule-aalen","title":{"rendered":"Hochschule Aalen"},"content":{"rendered":"<h4>Kontakt<\/h4>\n<div class=\"adresse\">\n<ul>\n<li>Hochschule Aalen<\/li>\n<li>Beethovenstra\u00dfe 1<\/li>\n<li>73430 Aalen<\/li>\n<li>Telefon: +49 (0) 7361 576 0<\/li>\n<li>E-Mail: info@htw-aalen.de<\/li>\n<li>\u00d6ffnungszeiten: Mo-Sa 7-21<\/li>\n<li>Internet: <a title=\"Hochschule Aalen\" href=\"https:\/\/www.hs-aalen.de\">https:\/\/www.hs-aalen.de<\/a><\/li>\n<\/ul>\n<\/div>\n<pre>[wpmaps company=\"Hochschule Aalen\" street=\"Beethovenstra\u00dfe 1\" city=\"73430 Aalen\"]<\/pre>\n<h5>\u00dcbersicht Studieng\u00e4nge<\/h5>\n<table border=\"0\" width=\"840\" cellpadding=\"0\">\n<tbody>\n<tr>\n<td class=\"tstyle\" width=\"40%\">Studieng\u00e4nge<\/td>\n<td class=\"tstyle\" align=\"center\" width=\"20%\">Bachlor<\/td>\n<td class=\"tstyle\" align=\"center\" width=\"20%\">Master<\/td>\n<td class=\"tstyle\" align=\"center\" width=\"20%\">Fernstudiengang<\/td>\n<\/tr>\n<tr>\n<td>Allgemeiner Maschinenbau<\/td>\n<td align=\"center\">B<\/td>\n<td align=\"center\"><\/td>\n<td align=\"center\"><\/td>\n<\/tr>\n<tr>\n<td>Analytische und Bioanalytische Chemie<\/td>\n<td align=\"center\"><\/td>\n<td align=\"center\">M<\/td>\n<td align=\"center\"><\/td>\n<\/tr>\n<tr>\n<td>Augenoptik \/ Augenoptik und H\u00f6rakustik<\/td>\n<td align=\"center\">B<\/td>\n<td align=\"center\"><\/td>\n<td align=\"center\"><\/td>\n<\/tr>\n<tr>\n<td>Betriebswirtschaft f\u00fcr kleine und mittlere Unternehmen<\/td>\n<td align=\"center\">B<\/td>\n<td align=\"center\"><\/td>\n<td align=\"center\"><\/td>\n<\/tr>\n<tr>\n<td>Chemie<\/td>\n<td align=\"center\">B<\/td>\n<td align=\"center\"><\/td>\n<td align=\"center\"><\/td>\n<\/tr>\n<tr>\n<td>Computer Controlled Systems<\/td>\n<td align=\"center\"><\/td>\n<td align=\"center\">M<\/td>\n<td align=\"center\"><\/td>\n<\/tr>\n<tr>\n<td>Elektronik und Informationstechnik<\/td>\n<td align=\"center\">B<\/td>\n<td align=\"center\"><\/td>\n<td align=\"center\"><\/td>\n<\/tr>\n<tr>\n<td>Gesundheitsmanagement<\/td>\n<td align=\"center\">B<\/td>\n<td align=\"center\"><\/td>\n<td align=\"center\"><\/td>\n<\/tr>\n<tr>\n<td>Industrial Management<\/td>\n<td align=\"center\"><\/td>\n<td align=\"center\">M<\/td>\n<td align=\"center\"><\/td>\n<\/tr>\n<tr>\n<td>Ingenieurp\u00e4dagogik<\/td>\n<td align=\"center\">B<\/td>\n<td align=\"center\">M<\/td>\n<td align=\"center\"><\/td>\n<\/tr>\n<tr>\n<td>Internationale Betriebswirtschaft<\/td>\n<td align=\"center\">B<\/td>\n<td align=\"center\"><\/td>\n<td align=\"center\"><\/td>\n<\/tr>\n<tr>\n<td>Internationaler Technischer Vertrieb<\/td>\n<td align=\"center\">B<\/td>\n<td align=\"center\"><\/td>\n<td align=\"center\"><\/td>\n<\/tr>\n<tr>\n<td>IT-Sicherheit<\/td>\n<td align=\"center\">B<\/td>\n<td align=\"center\"><\/td>\n<td align=\"center\"><\/td>\n<\/tr>\n<tr>\n<td>Kunststofftechnik<\/td>\n<td align=\"center\">B<\/td>\n<td align=\"center\"><\/td>\n<td align=\"center\"><\/td>\n<\/tr>\n<tr>\n<td>Management \/ International Business<\/td>\n<td align=\"center\"><\/td>\n<td align=\"center\">M<\/td>\n<td align=\"center\"><\/td>\n<\/tr>\n<tr>\n<td>Maschinenbau &#8211; Fertigungstechnik<\/td>\n<td align=\"center\">B<\/td>\n<td align=\"center\"><\/td>\n<td align=\"center\"><\/td>\n<\/tr>\n<tr>\n<td>Maschinenbau &#8211; Produktentwicklung und Simulation<\/td>\n<td align=\"center\">B<\/td>\n<td align=\"center\"><\/td>\n<td align=\"center\"><\/td>\n<\/tr>\n<tr>\n<td>Materialographie<\/td>\n<td align=\"center\">B<\/td>\n<td align=\"center\"><\/td>\n<td align=\"center\"><\/td>\n<\/tr>\n<tr>\n<td>Mechatronik<\/td>\n<td align=\"center\">B<\/td>\n<td align=\"center\"><\/td>\n<td align=\"center\"><\/td>\n<\/tr>\n<tr>\n<td>Medieninformatik<\/td>\n<td align=\"center\">B<\/td>\n<td align=\"center\"><\/td>\n<td align=\"center\"><\/td>\n<\/tr>\n<tr>\n<td>Oberfl\u00e4chen- und Werkstofftechnik<\/td>\n<td align=\"center\">B<\/td>\n<td align=\"center\"><\/td>\n<td align=\"center\"><\/td>\n<\/tr>\n<tr>\n<td>Optoelektronik \/ Lasertechnik<\/td>\n<td align=\"center\">B<\/td>\n<td align=\"center\"><\/td>\n<td align=\"center\"><\/td>\n<\/tr>\n<tr>\n<td>Photonics<\/td>\n<td align=\"center\"><\/td>\n<td align=\"center\">M<\/td>\n<td align=\"center\"><\/td>\n<\/tr>\n<tr>\n<td>Polymer Technology<\/td>\n<td align=\"center\"><\/td>\n<td align=\"center\">M<\/td>\n<td align=\"center\"><\/td>\n<\/tr>\n<tr>\n<td>Produktentwicklung und Fertigung<\/td>\n<td align=\"center\"><\/td>\n<td align=\"center\">M<\/td>\n<td align=\"center\"><\/td>\n<\/tr>\n<tr>\n<td>Software Engineering<\/td>\n<td align=\"center\">B<\/td>\n<td align=\"center\"><\/td>\n<td align=\"center\"><\/td>\n<\/tr>\n<tr>\n<td>Taxation (berufsbegleitend)<\/td>\n<td align=\"center\"><\/td>\n<td align=\"center\">M<\/td>\n<td align=\"center\"><\/td>\n<\/tr>\n<tr>\n<td>Technische Redaktion<\/td>\n<td align=\"center\">B<\/td>\n<td align=\"center\"><\/td>\n<td align=\"center\"><\/td>\n<\/tr>\n<tr>\n<td>Vision Science and Business<\/td>\n<td align=\"center\"><\/td>\n<td align=\"center\">M<\/td>\n<td align=\"center\"><\/td>\n<\/tr>\n<tr>\n<td>Wirtschaftsinformatik<\/td>\n<td align=\"center\">B<\/td>\n<td align=\"center\"><\/td>\n<td align=\"center\"><\/td>\n<\/tr>\n<tr>\n<td>Wirtschaftsingenieurwesen<\/td>\n<td align=\"center\">B<\/td>\n<td align=\"center\"><\/td>\n<td align=\"center\"><\/td>\n<\/tr>\n<\/tbody>\n<\/table>\n<p>Weitere Hochschulen Baden W\u00fcrttemberg: <a title=\"Popakademie Baden-W\u00fcrttemberg\" href=\"https:\/\/www.campuswerk.com\/Hochschulen-Deutschland\/hochschulen\/hochschulen-baden-wurttemberg\/popakademie-baden-wurttemberg\">Popakademie Baden-W\u00fcrttemberg<\/a> | <a title=\"P\u00e4dagogische Hochschule Freiburg\" href=\"https:\/\/www.campuswerk.com\/Hochschulen-Deutschland\/hochschulen\/hochschulen-baden-wurttemberg\/padagogische-hochschule-freiburg\">P\u00e4dagogische Hochschule Freiburg<\/a> | <a title=\"P\u00e4dagogische Hochschule Heidelberg\" href=\"https:\/\/www.campuswerk.com\/Hochschulen-Deutschland\/hochschulen\/hochschulen-baden-wurttemberg\/padagogische-hochschule-heidelberg\">P\u00e4dagogische Hochschule Heidelberg<\/a> | <a title=\"P\u00e4dagogische Hochschule Karlsruhe\" href=\"https:\/\/www.campuswerk.com\/Hochschulen-Deutschland\/hochschulen\/hochschulen-baden-wurttemberg\/padagogische-hochschule-karlsruhe\">P\u00e4dagogische Hochschule Karlsruhe<\/a> | <a title=\"P\u00e4dagogische Hochschule Ludwigsburg\" href=\"https:\/\/www.campuswerk.com\/Hochschulen-Deutschland\/hochschulen\/hochschulen-baden-wurttemberg\/padagogische-hochschule-ludwigsburg\">P\u00e4dagogische Hochschule Ludwigsburg<\/a> | <a title=\"P\u00e4dagogische Hochschule Schw\u00e4bisch Gm\u00fcnd\" href=\"https:\/\/www.campuswerk.com\/Hochschulen-Deutschland\/hochschulen\/hochschulen-baden-wurttemberg\/padagogische-hochschule-schwabisch-gmund\">P\u00e4dagogische Hochschule Schw\u00e4bisch Gm\u00fcnd<\/a> | <a title=\"SRH Hochschule Heidelberg\" href=\"https:\/\/www.campuswerk.com\/Hochschulen-Deutschland\/hochschulen\/hochschulen-baden-wurttemberg\/srh-hochschule-heidelberg\">SRH Hochschule Heidelberg<\/a> | <a title=\"Staatliche Akademie der Bildenden K\u00fcnste Karlsruhe\" href=\"https:\/\/www.campuswerk.com\/Hochschulen-Deutschland\/hochschulen\/hochschulen-baden-wurttemberg\/staatliche-akademie-der-bildenden-kunste-karlsruhe\">Staatliche Akademie der Bildenden K\u00fcnste Karlsruhe<\/a> | <a title=\"Staatliche Akademie der Bildenden K\u00fcnste Stuttgart\" href=\"https:\/\/www.campuswerk.com\/Hochschulen-Deutschland\/hochschulen\/hochschulen-baden-wurttemberg\/staatliche-akademie-der-bildenden-kunste-stuttgart\">Staatliche Akademie der Bildenden K\u00fcnste Stuttgart<\/a> | <a title=\"Staatliche Hochschule f\u00fcr Gestaltung Karlsruhe\" href=\"https:\/\/www.campuswerk.com\/Hochschulen-Deutschland\/hochschulen\/hochschulen-baden-wurttemberg\/staatliche-hochschule-fur-gestaltung-karlsruhe\">Staatliche Hochschule f\u00fcr Gestaltung Karlsruhe<\/a> | <a title=\"Wissenschaftliche Hochschule Lahr\" href=\"https:\/\/www.campuswerk.com\/Hochschulen-Deutschland\/hochschulen\/hochschulen-baden-wurttemberg\/wissenschaftliche-hochschule-lahr\">Wissenschaftliche Hochschule Lahr<\/a><\/p>\n","protected":false},"excerpt":{"rendered":"<p>Kontakt Hochschule Aalen Beethovenstra\u00dfe 1 73430 Aalen Telefon: +49 (0) 7361 576 0 E-Mail: info@htw-aalen.de \u00d6ffnungszeiten: Mo-Sa 7-21 Internet: https:\/\/www.hs-aalen.de [wpmaps company=&#8220;Hochschule Aalen&#8220; street=&#8220;Beethovenstra\u00dfe 1&#8243; city=&#8220;73430 Aalen&#8220;] \u00dcbersicht Studieng\u00e4nge Studieng\u00e4nge Bachlor Master Fernstudiengang Allgemeiner Maschinenbau B Analytische und Bioanalytische Chemie M Augenoptik \/ Augenoptik und H\u00f6rakustik B Betriebswirtschaft f\u00fcr kleine und mittlere Unternehmen B Chemie [&hellip;]<\/p>\n","protected":false},"author":1,"featured_media":0,"parent":323,"menu_order":0,"comment_status":"open","ping_status":"open","template":"","meta":{"footnotes":""},"class_list":["post-977","page","type-page","status-publish","hentry"],"_links":{"self":[{"href":"https:\/\/www.campuswerk.com\/Hochschulen-Deutschland\/wp-json\/wp\/v2\/pages\/977","targetHints":{"allow":["GET"]}}],"collection":[{"href":"https:\/\/www.campuswerk.com\/Hochschulen-Deutschland\/wp-json\/wp\/v2\/pages"}],"about":[{"href":"https:\/\/www.campuswerk.com\/Hochschulen-Deutschland\/wp-json\/wp\/v2\/types\/page"}],"author":[{"embeddable":true,"href":"https:\/\/www.campuswerk.com\/Hochschulen-Deutschland\/wp-json\/wp\/v2\/users\/1"}],"replies":[{"embeddable":true,"href":"https:\/\/www.campuswerk.com\/Hochschulen-Deutschland\/wp-json\/wp\/v2\/comments?post=977"}],"version-history":[{"count":6,"href":"https:\/\/www.campuswerk.com\/Hochschulen-Deutschland\/wp-json\/wp\/v2\/pages\/977\/revisions"}],"predecessor-version":[{"id":3171,"href":"https:\/\/www.campuswerk.com\/Hochschulen-Deutschland\/wp-json\/wp\/v2\/pages\/977\/revisions\/3171"}],"up":[{"embeddable":true,"href":"https:\/\/www.campuswerk.com\/Hochschulen-Deutschland\/wp-json\/wp\/v2\/pages\/323"}],"wp:attachment":[{"href":"https:\/\/www.campuswerk.com\/Hochschulen-Deutschland\/wp-json\/wp\/v2\/media?parent=977"}],"curies":[{"name":"wp","href":"https:\/\/api.w.org\/{rel}","templated":true}]}}