{"id":970,"date":"2011-02-09T11:03:34","date_gmt":"2011-02-09T11:03:34","guid":{"rendered":"http:\/\/www.campuswerk.com\/Hochschulen-Deutschland"},"modified":"2022-05-10T19:49:47","modified_gmt":"2022-05-10T19:49:47","slug":"fachhochschule-fur-rechtspflege-schwetzingen","status":"publish","type":"page","link":"https:\/\/www.campuswerk.com\/Hochschulen-Deutschland\/hochschulen\/hochschulen-baden-wurttemberg\/fachhochschule-fur-rechtspflege-schwetzingen","title":{"rendered":"Fachhochschule f\u00fcr Rechtspflege Schwetzingen"},"content":{"rendered":"<h4>Kontakt<\/h4>\n<div class=\"adresse\">\n<ul>\n<li>Fachhochschule Schwetzingen &#8211; Hochschule f\u00fcr Rechtspflege<\/li>\n<li>K\u00e4fertaler Stra\u00dfe 190<\/li>\n<li>68167 Mannheim<\/li>\n<li>Telefon: +49 (0) 621 37 00 99-0<\/li>\n<li>E-Mail: poststelle@fhrschwetzingen.justiz.bwl.de<\/li>\n<li>\u00d6ffnungszeiten:<\/li>\n<li>Internet: <a title=\"Fachhochschule Schwetzingen - Hochschule f\u00fcr Rechtspflege\" href=\"http:\/\/www.fh-schwetzingen.de\/pb\/,Lde\/Startseite\">http:\/\/www.fh-schwetzingen.de<\/a><\/li>\n<\/ul>\n<\/div>\n<pre>[wpmaps company=\"Fachhochschule Schwetzingen - Hochschule f\u00fcr Rechtspflege\" street=\"K\u00e4fertaler Stra\u00dfe 190\" city=\"68167 Mannheim\"]<\/pre>\n<h5>\u00dcbersicht Studieng\u00e4nge<\/h5>\n<table border=\"0\" width=\"840\" cellpadding=\"0\">\n<tbody>\n<tr>\n<td class=\"tstyle\" width=\"40%\">Studieng\u00e4nge<\/td>\n<td class=\"tstyle\" align=\"center\" width=\"20%\">Bachlor<\/td>\n<td class=\"tstyle\" align=\"center\" width=\"20%\">Master<\/td>\n<td class=\"tstyle\" align=\"center\" width=\"20%\">Fernstudiengang<\/td>\n<\/tr>\n<tr>\n<td>Rechtspflege<\/td>\n<td align=\"center\"><\/td>\n<td align=\"center\"><\/td>\n<td align=\"center\"><\/td>\n<\/tr>\n<\/tbody>\n<\/table>\n<p>Weitere Hochschulen Baden W\u00fcrttemberg: <a title=\"Popakademie Baden-W\u00fcrttemberg\" href=\"https:\/\/www.campuswerk.com\/Hochschulen-Deutschland\/hochschulen\/hochschulen-baden-wurttemberg\/popakademie-baden-wurttemberg\">Popakademie Baden-W\u00fcrttemberg<\/a> | <a title=\"P\u00e4dagogische Hochschule Freiburg\" href=\"https:\/\/www.campuswerk.com\/Hochschulen-Deutschland\/hochschulen\/hochschulen-baden-wurttemberg\/padagogische-hochschule-freiburg\">P\u00e4dagogische Hochschule Freiburg<\/a> | <a title=\"P\u00e4dagogische Hochschule Heidelberg\" href=\"https:\/\/www.campuswerk.com\/Hochschulen-Deutschland\/hochschulen\/hochschulen-baden-wurttemberg\/padagogische-hochschule-heidelberg\">P\u00e4dagogische Hochschule Heidelberg<\/a> | <a title=\"P\u00e4dagogische Hochschule Karlsruhe\" href=\"https:\/\/www.campuswerk.com\/Hochschulen-Deutschland\/hochschulen\/hochschulen-baden-wurttemberg\/padagogische-hochschule-karlsruhe\">P\u00e4dagogische Hochschule Karlsruhe<\/a> | <a title=\"P\u00e4dagogische Hochschule Ludwigsburg\" href=\"https:\/\/www.campuswerk.com\/Hochschulen-Deutschland\/hochschulen\/hochschulen-baden-wurttemberg\/padagogische-hochschule-ludwigsburg\">P\u00e4dagogische Hochschule Ludwigsburg<\/a> | <a title=\"P\u00e4dagogische Hochschule Schw\u00e4bisch Gm\u00fcnd\" href=\"https:\/\/www.campuswerk.com\/Hochschulen-Deutschland\/hochschulen\/hochschulen-baden-wurttemberg\/padagogische-hochschule-schwabisch-gmund\">P\u00e4dagogische Hochschule Schw\u00e4bisch Gm\u00fcnd<\/a> | <a title=\"SRH Hochschule Heidelberg\" href=\"https:\/\/www.campuswerk.com\/Hochschulen-Deutschland\/hochschulen\/hochschulen-baden-wurttemberg\/srh-hochschule-heidelberg\">SRH Hochschule Heidelberg<\/a> | <a title=\"Staatliche Akademie der Bildenden K\u00fcnste Karlsruhe\" href=\"https:\/\/www.campuswerk.com\/Hochschulen-Deutschland\/hochschulen\/hochschulen-baden-wurttemberg\/staatliche-akademie-der-bildenden-kunste-karlsruhe\">Staatliche Akademie der Bildenden K\u00fcnste Karlsruhe<\/a> | <a title=\"Staatliche Akademie der Bildenden K\u00fcnste Stuttgart\" href=\"https:\/\/www.campuswerk.com\/Hochschulen-Deutschland\/hochschulen\/hochschulen-baden-wurttemberg\/staatliche-akademie-der-bildenden-kunste-stuttgart\">Staatliche Akademie der Bildenden K\u00fcnste Stuttgart<\/a> | <a title=\"Staatliche Hochschule f\u00fcr Gestaltung Karlsruhe\" href=\"https:\/\/www.campuswerk.com\/Hochschulen-Deutschland\/hochschulen\/hochschulen-baden-wurttemberg\/staatliche-hochschule-fur-gestaltung-karlsruhe\">Staatliche Hochschule f\u00fcr Gestaltung Karlsruhe<\/a> | <a title=\"Wissenschaftliche Hochschule Lahr\" href=\"https:\/\/www.campuswerk.com\/Hochschulen-Deutschland\/hochschulen\/hochschulen-baden-wurttemberg\/wissenschaftliche-hochschule-lahr\">Wissenschaftliche Hochschule Lahr<\/a><\/p>\n","protected":false},"excerpt":{"rendered":"<p>Kontakt Fachhochschule Schwetzingen &#8211; Hochschule f\u00fcr Rechtspflege K\u00e4fertaler Stra\u00dfe 190 68167 Mannheim Telefon: +49 (0) 621 37 00 99-0 E-Mail: poststelle@fhrschwetzingen.justiz.bwl.de \u00d6ffnungszeiten: Internet: http:\/\/www.fh-schwetzingen.de [wpmaps company=&#8220;Fachhochschule Schwetzingen &#8211; Hochschule f\u00fcr Rechtspflege&#8220; street=&#8220;K\u00e4fertaler Stra\u00dfe 190&#8243; city=&#8220;68167 Mannheim&#8220;] \u00dcbersicht Studieng\u00e4nge Studieng\u00e4nge Bachlor Master Fernstudiengang Rechtspflege Weitere Hochschulen Baden W\u00fcrttemberg: Popakademie Baden-W\u00fcrttemberg | P\u00e4dagogische Hochschule Freiburg | P\u00e4dagogische [&hellip;]<\/p>\n","protected":false},"author":1,"featured_media":0,"parent":323,"menu_order":0,"comment_status":"open","ping_status":"open","template":"","meta":{"footnotes":""},"class_list":["post-970","page","type-page","status-publish","hentry"],"_links":{"self":[{"href":"https:\/\/www.campuswerk.com\/Hochschulen-Deutschland\/wp-json\/wp\/v2\/pages\/970","targetHints":{"allow":["GET"]}}],"collection":[{"href":"https:\/\/www.campuswerk.com\/Hochschulen-Deutschland\/wp-json\/wp\/v2\/pages"}],"about":[{"href":"https:\/\/www.campuswerk.com\/Hochschulen-Deutschland\/wp-json\/wp\/v2\/types\/page"}],"author":[{"embeddable":true,"href":"https:\/\/www.campuswerk.com\/Hochschulen-Deutschland\/wp-json\/wp\/v2\/users\/1"}],"replies":[{"embeddable":true,"href":"https:\/\/www.campuswerk.com\/Hochschulen-Deutschland\/wp-json\/wp\/v2\/comments?post=970"}],"version-history":[{"count":6,"href":"https:\/\/www.campuswerk.com\/Hochschulen-Deutschland\/wp-json\/wp\/v2\/pages\/970\/revisions"}],"predecessor-version":[{"id":2840,"href":"https:\/\/www.campuswerk.com\/Hochschulen-Deutschland\/wp-json\/wp\/v2\/pages\/970\/revisions\/2840"}],"up":[{"embeddable":true,"href":"https:\/\/www.campuswerk.com\/Hochschulen-Deutschland\/wp-json\/wp\/v2\/pages\/323"}],"wp:attachment":[{"href":"https:\/\/www.campuswerk.com\/Hochschulen-Deutschland\/wp-json\/wp\/v2\/media?parent=970"}],"curies":[{"name":"wp","href":"https:\/\/api.w.org\/{rel}","templated":true}]}}