{"id":958,"date":"2011-02-09T10:58:44","date_gmt":"2011-02-09T10:58:44","guid":{"rendered":"http:\/\/www.campuswerk.com\/Hochschulen-Deutschland"},"modified":"2022-05-10T19:57:10","modified_gmt":"2022-05-10T19:57:10","slug":"evangelische-fachhochschule-freiburg","status":"publish","type":"page","link":"https:\/\/www.campuswerk.com\/Hochschulen-Deutschland\/hochschulen\/hochschulen-baden-wurttemberg\/evangelische-fachhochschule-freiburg","title":{"rendered":"Evangelische Fachhochschule Freiburg"},"content":{"rendered":"<h4>Kontakt<\/h4>\n<div class=\"adresse\">\n<ul>\n<li>Evangelische Fachhochschule Freiburg<\/li>\n<li>Bugginger Stra\u00dfe 38<\/li>\n<li>79114 Freiburg<\/li>\n<li>Telefon: +49 (0) 761 47 812 0<\/li>\n<li>E-Mail: mail@efh-freiburg.de<\/li>\n<li>\u00d6ffnungszeiten: Mo-Fr 10-12, Mo-do 14-15.30<\/li>\n<li>Internet: <a title=\"Evangelische Fachhochschule Freiburg\" href=\"https:\/\/www.eh-freiburg.de\">https:\/\/www.eh-freiburg.de<\/a><\/li>\n<\/ul>\n<\/div>\n<pre>[wpmaps company=\"Evangelische Fachhochschule Freiburg\" street=\"Bugginger Stra\u00dfe 38\" city=\"79114 Freiburg\"]<\/pre>\n<h5>\u00dcbersicht Studieng\u00e4nge<\/h5>\n<table border=\"0\" width=\"840\" cellpadding=\"0\">\n<tbody>\n<tr>\n<td class=\"tstyle\" width=\"40%\">Studieng\u00e4nge<\/td>\n<td class=\"tstyle\" align=\"center\" width=\"20%\">Bachlor<\/td>\n<td class=\"tstyle\" align=\"center\" width=\"20%\">Master<\/td>\n<td class=\"tstyle\" align=\"center\" width=\"20%\">Fernstudiengang<\/td>\n<\/tr>\n<tr>\n<td>Diakoniewissenschaft<\/td>\n<td align=\"center\"><\/td>\n<td align=\"center\">M<\/td>\n<td align=\"center\"><\/td>\n<\/tr>\n<tr>\n<td>Management und Didaktik<\/td>\n<td align=\"center\"><\/td>\n<td align=\"center\">M<\/td>\n<td align=\"center\"><\/td>\n<\/tr>\n<tr>\n<td>P\u00e4dagogik der Fr\u00fchen Kindheit (Early Childhood Education)<\/td>\n<td align=\"center\">B<\/td>\n<td align=\"center\"><\/td>\n<td align=\"center\"><\/td>\n<\/tr>\n<tr>\n<td>Religionsp\u00e4dagogik \/ Gemeindediakonie<\/td>\n<td align=\"center\">B<\/td>\n<td align=\"center\"><\/td>\n<td align=\"center\"><\/td>\n<\/tr>\n<tr>\n<td>Soziale Arbeit<\/td>\n<td align=\"center\">B<\/td>\n<td align=\"center\">M<\/td>\n<td align=\"center\"><\/td>\n<\/tr>\n<tr>\n<td>Sozialmanagement<\/td>\n<td align=\"center\"><\/td>\n<td align=\"center\">M<\/td>\n<td align=\"center\"><\/td>\n<\/tr>\n<tr>\n<td>Supervision<\/td>\n<td align=\"center\"><\/td>\n<td align=\"center\">M<\/td>\n<td align=\"center\"><\/td>\n<\/tr>\n<\/tbody>\n<\/table>\n<p>Weitere Hochschulen Baden W\u00fcrttemberg: <a title=\"Popakademie Baden-W\u00fcrttemberg\" href=\"https:\/\/www.campuswerk.com\/Hochschulen-Deutschland\/hochschulen\/hochschulen-baden-wurttemberg\/popakademie-baden-wurttemberg\">Popakademie Baden-W\u00fcrttemberg<\/a> | <a title=\"P\u00e4dagogische Hochschule Freiburg\" href=\"https:\/\/www.campuswerk.com\/Hochschulen-Deutschland\/hochschulen\/hochschulen-baden-wurttemberg\/padagogische-hochschule-freiburg\">P\u00e4dagogische Hochschule Freiburg<\/a> | <a title=\"P\u00e4dagogische Hochschule Heidelberg\" href=\"https:\/\/www.campuswerk.com\/Hochschulen-Deutschland\/hochschulen\/hochschulen-baden-wurttemberg\/padagogische-hochschule-heidelberg\">P\u00e4dagogische Hochschule Heidelberg<\/a> | <a title=\"P\u00e4dagogische Hochschule Karlsruhe\" href=\"https:\/\/www.campuswerk.com\/Hochschulen-Deutschland\/hochschulen\/hochschulen-baden-wurttemberg\/padagogische-hochschule-karlsruhe\">P\u00e4dagogische Hochschule Karlsruhe<\/a> | <a title=\"P\u00e4dagogische Hochschule Ludwigsburg\" href=\"https:\/\/www.campuswerk.com\/Hochschulen-Deutschland\/hochschulen\/hochschulen-baden-wurttemberg\/padagogische-hochschule-ludwigsburg\">P\u00e4dagogische Hochschule Ludwigsburg<\/a> | <a title=\"P\u00e4dagogische Hochschule Schw\u00e4bisch Gm\u00fcnd\" href=\"https:\/\/www.campuswerk.com\/Hochschulen-Deutschland\/hochschulen\/hochschulen-baden-wurttemberg\/padagogische-hochschule-schwabisch-gmund\">P\u00e4dagogische Hochschule Schw\u00e4bisch Gm\u00fcnd<\/a> | <a title=\"SRH Hochschule Heidelberg\" href=\"https:\/\/www.campuswerk.com\/Hochschulen-Deutschland\/hochschulen\/hochschulen-baden-wurttemberg\/srh-hochschule-heidelberg\">SRH Hochschule Heidelberg<\/a> | <a title=\"Staatliche Akademie der Bildenden K\u00fcnste Karlsruhe\" href=\"https:\/\/www.campuswerk.com\/Hochschulen-Deutschland\/hochschulen\/hochschulen-baden-wurttemberg\/staatliche-akademie-der-bildenden-kunste-karlsruhe\">Staatliche Akademie der Bildenden K\u00fcnste Karlsruhe<\/a> | <a title=\"Staatliche Akademie der Bildenden K\u00fcnste Stuttgart\" href=\"https:\/\/www.campuswerk.com\/Hochschulen-Deutschland\/hochschulen\/hochschulen-baden-wurttemberg\/staatliche-akademie-der-bildenden-kunste-stuttgart\">Staatliche Akademie der Bildenden K\u00fcnste Stuttgart<\/a> | <a title=\"Staatliche Hochschule f\u00fcr Gestaltung Karlsruhe\" href=\"https:\/\/www.campuswerk.com\/Hochschulen-Deutschland\/hochschulen\/hochschulen-baden-wurttemberg\/staatliche-hochschule-fur-gestaltung-karlsruhe\">Staatliche Hochschule f\u00fcr Gestaltung Karlsruhe<\/a> | <a title=\"Wissenschaftliche Hochschule Lahr\" href=\"https:\/\/www.campuswerk.com\/Hochschulen-Deutschland\/hochschulen\/hochschulen-baden-wurttemberg\/wissenschaftliche-hochschule-lahr\">Wissenschaftliche Hochschule Lahr<\/a><\/p>\n","protected":false},"excerpt":{"rendered":"<p>Kontakt Evangelische Fachhochschule Freiburg Bugginger Stra\u00dfe 38 79114 Freiburg Telefon: +49 (0) 761 47 812 0 E-Mail: mail@efh-freiburg.de \u00d6ffnungszeiten: Mo-Fr 10-12, Mo-do 14-15.30 Internet: https:\/\/www.eh-freiburg.de [wpmaps company=&#8220;Evangelische Fachhochschule Freiburg&#8220; street=&#8220;Bugginger Stra\u00dfe 38&#8243; city=&#8220;79114 Freiburg&#8220;] \u00dcbersicht Studieng\u00e4nge Studieng\u00e4nge Bachlor Master Fernstudiengang Diakoniewissenschaft M Management und Didaktik M P\u00e4dagogik der Fr\u00fchen Kindheit (Early Childhood Education) B Religionsp\u00e4dagogik [&hellip;]<\/p>\n","protected":false},"author":1,"featured_media":0,"parent":323,"menu_order":0,"comment_status":"open","ping_status":"open","template":"","meta":{"footnotes":""},"class_list":["post-958","page","type-page","status-publish","hentry"],"_links":{"self":[{"href":"https:\/\/www.campuswerk.com\/Hochschulen-Deutschland\/wp-json\/wp\/v2\/pages\/958","targetHints":{"allow":["GET"]}}],"collection":[{"href":"https:\/\/www.campuswerk.com\/Hochschulen-Deutschland\/wp-json\/wp\/v2\/pages"}],"about":[{"href":"https:\/\/www.campuswerk.com\/Hochschulen-Deutschland\/wp-json\/wp\/v2\/types\/page"}],"author":[{"embeddable":true,"href":"https:\/\/www.campuswerk.com\/Hochschulen-Deutschland\/wp-json\/wp\/v2\/users\/1"}],"replies":[{"embeddable":true,"href":"https:\/\/www.campuswerk.com\/Hochschulen-Deutschland\/wp-json\/wp\/v2\/comments?post=958"}],"version-history":[{"count":5,"href":"https:\/\/www.campuswerk.com\/Hochschulen-Deutschland\/wp-json\/wp\/v2\/pages\/958\/revisions"}],"predecessor-version":[{"id":2856,"href":"https:\/\/www.campuswerk.com\/Hochschulen-Deutschland\/wp-json\/wp\/v2\/pages\/958\/revisions\/2856"}],"up":[{"embeddable":true,"href":"https:\/\/www.campuswerk.com\/Hochschulen-Deutschland\/wp-json\/wp\/v2\/pages\/323"}],"wp:attachment":[{"href":"https:\/\/www.campuswerk.com\/Hochschulen-Deutschland\/wp-json\/wp\/v2\/media?parent=958"}],"curies":[{"name":"wp","href":"https:\/\/api.w.org\/{rel}","templated":true}]}}