{"id":952,"date":"2011-02-09T10:55:56","date_gmt":"2011-02-09T10:55:56","guid":{"rendered":"http:\/\/www.campuswerk.com\/Hochschulen-Deutschland"},"modified":"2022-05-10T19:50:21","modified_gmt":"2022-05-10T19:50:21","slug":"akademie-fur-darstellende-kunst-baden-wurttemberg","status":"publish","type":"page","link":"https:\/\/www.campuswerk.com\/Hochschulen-Deutschland\/hochschulen\/hochschulen-baden-wurttemberg\/akademie-fur-darstellende-kunst-baden-wurttemberg","title":{"rendered":"Akademie f\u00fcr Darstellende Kunst Baden-W\u00fcrttemberg"},"content":{"rendered":"<h4>Kontakt<\/h4>\n<div class=\"adresse\">\n<ul>\n<li>Akademie f\u00fcr Darstellende Kunst Baden-W\u00fcrttemberg<\/li>\n<li>Akademiehof 1<\/li>\n<li>71638 Ludwigsburg<\/li>\n<li>Telefon: +49 (0) 7141 3099 6 0<\/li>\n<li>E-Mail: info@adk-bw.de<\/li>\n<li>\u00d6ffnungszeiten:<\/li>\n<li>Internet: <a title=\"Akademie f\u00fcr Darstellende Kunst Baden-W\u00fcrttemberg\" href=\"https:\/\/adk-bw.de\">https:\/\/adk-bw.de<\/a><\/li>\n<\/ul>\n<\/div>\n<pre>[wpmaps company=\"Akademie f\u00fcr Darstellende Kunst Baden-W\u00fcrttemberg\" street=\"Akademiehof 1\" city=\"71638 Ludwigsburg\"]<\/pre>\n<h5>\u00dcbersicht Studieng\u00e4nge<\/h5>\n<table border=\"0\" width=\"840\" cellpadding=\"0\">\n<tbody>\n<tr>\n<td class=\"tstyle\" width=\"40%\">Studieng\u00e4nge<\/td>\n<td class=\"tstyle\" align=\"center\" width=\"20%\">Bachlor<\/td>\n<td class=\"tstyle\" align=\"center\" width=\"20%\">Master<\/td>\n<td class=\"tstyle\" align=\"center\" width=\"20%\">Fernstudiengang<\/td>\n<\/tr>\n<tr>\n<td>B\u00fchnen- und Kost\u00fcmbild<\/td>\n<td align=\"center\"><\/td>\n<td align=\"center\"><\/td>\n<td align=\"center\"><\/td>\n<\/tr>\n<tr>\n<td>Dramaturgie<\/td>\n<td align=\"center\"><\/td>\n<td align=\"center\">M<\/td>\n<td align=\"center\"><\/td>\n<\/tr>\n<tr>\n<td>Regie<\/td>\n<td align=\"center\">B<\/td>\n<td align=\"center\"><\/td>\n<td align=\"center\"><\/td>\n<\/tr>\n<tr>\n<td>Schauspiel<\/td>\n<td align=\"center\">B<\/td>\n<td align=\"center\"><\/td>\n<td align=\"center\"><\/td>\n<\/tr>\n<\/tbody>\n<\/table>\n<p>Weitere Hochschulen Baden W\u00fcrttemberg: <a title=\"Popakademie Baden-W\u00fcrttemberg\" href=\"https:\/\/www.campuswerk.com\/Hochschulen-Deutschland\/hochschulen\/hochschulen-baden-wurttemberg\/popakademie-baden-wurttemberg\">Popakademie Baden-W\u00fcrttemberg<\/a> | <a title=\"P\u00e4dagogische Hochschule Freiburg\" href=\"https:\/\/www.campuswerk.com\/Hochschulen-Deutschland\/hochschulen\/hochschulen-baden-wurttemberg\/padagogische-hochschule-freiburg\">P\u00e4dagogische Hochschule Freiburg<\/a> | <a title=\"P\u00e4dagogische Hochschule Heidelberg\" href=\"https:\/\/www.campuswerk.com\/Hochschulen-Deutschland\/hochschulen\/hochschulen-baden-wurttemberg\/padagogische-hochschule-heidelberg\">P\u00e4dagogische Hochschule Heidelberg<\/a> | <a title=\"P\u00e4dagogische Hochschule Karlsruhe\" href=\"https:\/\/www.campuswerk.com\/Hochschulen-Deutschland\/hochschulen\/hochschulen-baden-wurttemberg\/padagogische-hochschule-karlsruhe\">P\u00e4dagogische Hochschule Karlsruhe<\/a> | <a title=\"P\u00e4dagogische Hochschule Ludwigsburg\" href=\"https:\/\/www.campuswerk.com\/Hochschulen-Deutschland\/hochschulen\/hochschulen-baden-wurttemberg\/padagogische-hochschule-ludwigsburg\">P\u00e4dagogische Hochschule Ludwigsburg<\/a> | <a title=\"P\u00e4dagogische Hochschule Schw\u00e4bisch Gm\u00fcnd\" href=\"https:\/\/www.campuswerk.com\/Hochschulen-Deutschland\/hochschulen\/hochschulen-baden-wurttemberg\/padagogische-hochschule-schwabisch-gmund\">P\u00e4dagogische Hochschule Schw\u00e4bisch Gm\u00fcnd<\/a> | <a title=\"SRH Hochschule Heidelberg\" href=\"https:\/\/www.campuswerk.com\/Hochschulen-Deutschland\/hochschulen\/hochschulen-baden-wurttemberg\/srh-hochschule-heidelberg\">SRH Hochschule Heidelberg<\/a> | <a title=\"Staatliche Akademie der Bildenden K\u00fcnste Karlsruhe\" href=\"https:\/\/www.campuswerk.com\/Hochschulen-Deutschland\/hochschulen\/hochschulen-baden-wurttemberg\/staatliche-akademie-der-bildenden-kunste-karlsruhe\">Staatliche Akademie der Bildenden K\u00fcnste Karlsruhe<\/a> | <a title=\"Staatliche Akademie der Bildenden K\u00fcnste Stuttgart\" href=\"https:\/\/www.campuswerk.com\/Hochschulen-Deutschland\/hochschulen\/hochschulen-baden-wurttemberg\/staatliche-akademie-der-bildenden-kunste-stuttgart\">Staatliche Akademie der Bildenden K\u00fcnste Stuttgart<\/a> | <a title=\"Staatliche Hochschule f\u00fcr Gestaltung Karlsruhe\" href=\"https:\/\/www.campuswerk.com\/Hochschulen-Deutschland\/hochschulen\/hochschulen-baden-wurttemberg\/staatliche-hochschule-fur-gestaltung-karlsruhe\">Staatliche Hochschule f\u00fcr Gestaltung Karlsruhe<\/a> | <a title=\"Wissenschaftliche Hochschule Lahr\" href=\"https:\/\/www.campuswerk.com\/Hochschulen-Deutschland\/hochschulen\/hochschulen-baden-wurttemberg\/wissenschaftliche-hochschule-lahr\">Wissenschaftliche Hochschule Lahr<\/a><\/p>\n","protected":false},"excerpt":{"rendered":"<p>Kontakt Akademie f\u00fcr Darstellende Kunst Baden-W\u00fcrttemberg Akademiehof 1 71638 Ludwigsburg Telefon: +49 (0) 7141 3099 6 0 E-Mail: info@adk-bw.de \u00d6ffnungszeiten: Internet: https:\/\/adk-bw.de [wpmaps company=&#8220;Akademie f\u00fcr Darstellende Kunst Baden-W\u00fcrttemberg&#8220; street=&#8220;Akademiehof 1&#8243; city=&#8220;71638 Ludwigsburg&#8220;] \u00dcbersicht Studieng\u00e4nge Studieng\u00e4nge Bachlor Master Fernstudiengang B\u00fchnen- und Kost\u00fcmbild Dramaturgie M Regie B Schauspiel B Weitere Hochschulen Baden W\u00fcrttemberg: Popakademie Baden-W\u00fcrttemberg | P\u00e4dagogische [&hellip;]<\/p>\n","protected":false},"author":1,"featured_media":0,"parent":323,"menu_order":0,"comment_status":"open","ping_status":"open","template":"","meta":{"footnotes":""},"class_list":["post-952","page","type-page","status-publish","hentry"],"_links":{"self":[{"href":"https:\/\/www.campuswerk.com\/Hochschulen-Deutschland\/wp-json\/wp\/v2\/pages\/952","targetHints":{"allow":["GET"]}}],"collection":[{"href":"https:\/\/www.campuswerk.com\/Hochschulen-Deutschland\/wp-json\/wp\/v2\/pages"}],"about":[{"href":"https:\/\/www.campuswerk.com\/Hochschulen-Deutschland\/wp-json\/wp\/v2\/types\/page"}],"author":[{"embeddable":true,"href":"https:\/\/www.campuswerk.com\/Hochschulen-Deutschland\/wp-json\/wp\/v2\/users\/1"}],"replies":[{"embeddable":true,"href":"https:\/\/www.campuswerk.com\/Hochschulen-Deutschland\/wp-json\/wp\/v2\/comments?post=952"}],"version-history":[{"count":6,"href":"https:\/\/www.campuswerk.com\/Hochschulen-Deutschland\/wp-json\/wp\/v2\/pages\/952\/revisions"}],"predecessor-version":[{"id":2841,"href":"https:\/\/www.campuswerk.com\/Hochschulen-Deutschland\/wp-json\/wp\/v2\/pages\/952\/revisions\/2841"}],"up":[{"embeddable":true,"href":"https:\/\/www.campuswerk.com\/Hochschulen-Deutschland\/wp-json\/wp\/v2\/pages\/323"}],"wp:attachment":[{"href":"https:\/\/www.campuswerk.com\/Hochschulen-Deutschland\/wp-json\/wp\/v2\/media?parent=952"}],"curies":[{"name":"wp","href":"https:\/\/api.w.org\/{rel}","templated":true}]}}