{"id":789,"date":"2011-02-09T09:24:48","date_gmt":"2011-02-09T09:24:48","guid":{"rendered":"http:\/\/www.campuswerk.com\/Hochschulen-Deutschland"},"modified":"2022-05-11T06:59:48","modified_gmt":"2022-05-11T06:59:48","slug":"universitat-osnabruck","status":"publish","type":"page","link":"https:\/\/www.campuswerk.com\/Hochschulen-Deutschland\/universitaten\/universitaten-niedersachsen\/universitat-osnabruck","title":{"rendered":"Universit\u00e4t Osnabr\u00fcck"},"content":{"rendered":"<h4>Kontakt<\/h4>\n<div class=\"adresse\">\n<ul>\n<li>Universit\u00e4t Osnabr\u00fcck<\/li>\n<li>Neuer Graben 29<\/li>\n<li>49074 Osnabr\u00fcck<\/li>\n<li>Telefon: +49 (0) 541 969 4999<\/li>\n<li>E-Mail: zsb.uniundfh@uni-osnabrueck.de<\/li>\n<li>\u00d6ffnungszeiten: Mo, Mi 14 bis 15:30, Di, Do 10 bis 12<\/li>\n<li>Internet: <a title=\"Universit\u00e4t Osnabr\u00fcck\" href=\"https:\/\/www.uni-osnabrueck.de\/startseite\/\">https:\/\/www.uni-osnabrueck.de<\/a><\/li>\n<\/ul>\n<\/div>\n<pre>[wpmaps company=\"Universit\u00e4t Osnabr\u00fcck\" street=\"Neuer Graben 29\" city=\"49074 Osnabr\u00fcck\"]<\/pre>\n<h5>\u00dcbersicht Studieng\u00e4nge<\/h5>\n<table border=\"0\" width=\"840\" cellpadding=\"0\">\n<tbody>\n<tr>\n<td class=\"tstyle\" width=\"40%\">Studieng\u00e4nge<\/td>\n<td class=\"tstyle\" align=\"center\" width=\"20%\">Bachlor<\/td>\n<td class=\"tstyle\" align=\"center\" width=\"20%\">Master<\/td>\n<td class=\"tstyle\" align=\"center\" width=\"20%\">Fernstudiengang<\/td>\n<\/tr>\n<tr>\n<td>Angewandte Systemwissenschaft<\/td>\n<td align=\"center\">B<\/td>\n<td align=\"center\">M<\/td>\n<td align=\"center\"><\/td>\n<\/tr>\n<tr>\n<td>Anglistik \/ Amerikanistik<\/td>\n<td align=\"center\"><\/td>\n<td align=\"center\">M<\/td>\n<td align=\"center\"><\/td>\n<\/tr>\n<tr>\n<td>Anglistik \/ Englisch (Lehramt)<\/td>\n<td align=\"center\">B<\/td>\n<td align=\"center\">M<\/td>\n<td align=\"center\"><\/td>\n<\/tr>\n<tr>\n<td>Betriebswirtschaft<\/td>\n<td align=\"center\">B<\/td>\n<td align=\"center\"><\/td>\n<td align=\"center\"><\/td>\n<\/tr>\n<tr>\n<td>Betriebswirtschaftslehre<\/td>\n<td align=\"center\"><\/td>\n<td align=\"center\"><\/td>\n<td align=\"center\"><\/td>\n<\/tr>\n<tr>\n<td>Biologie<\/td>\n<td align=\"center\">B<\/td>\n<td align=\"center\"><\/td>\n<td align=\"center\"><\/td>\n<\/tr>\n<tr>\n<td>Biowissenschaften<\/td>\n<td align=\"center\">B<\/td>\n<td align=\"center\">M<\/td>\n<td align=\"center\"><\/td>\n<\/tr>\n<tr>\n<td>Chemie<\/td>\n<td align=\"center\">B<\/td>\n<td align=\"center\">M<\/td>\n<td align=\"center\"><\/td>\n<\/tr>\n<tr>\n<td>Cognitive Science<\/td>\n<td align=\"center\">B<\/td>\n<td align=\"center\">M<\/td>\n<td align=\"center\"><\/td>\n<\/tr>\n<tr>\n<td>Demokratisches Regieren und Zivilgesellschaft<\/td>\n<td align=\"center\"><\/td>\n<td align=\"center\">M<\/td>\n<td align=\"center\"><\/td>\n<\/tr>\n<tr>\n<td>Deutsch (Lehramt)<\/td>\n<td align=\"center\">B<\/td>\n<td align=\"center\">M<\/td>\n<td align=\"center\"><\/td>\n<\/tr>\n<tr>\n<td>Electronic Business<\/td>\n<td align=\"center\"><\/td>\n<td align=\"center\">M<\/td>\n<td align=\"center\"><\/td>\n<\/tr>\n<tr>\n<td>Elektrotechnik (Lehramt)<\/td>\n<td align=\"center\"><\/td>\n<td align=\"center\">M<\/td>\n<td align=\"center\"><\/td>\n<\/tr>\n<tr>\n<td>English and American Studies<\/td>\n<td align=\"center\"><\/td>\n<td align=\"center\">M<\/td>\n<td align=\"center\"><\/td>\n<\/tr>\n<tr>\n<td>Erziehungswissenschaft<\/td>\n<td align=\"center\"><\/td>\n<td align=\"center\">M<\/td>\n<td align=\"center\"><\/td>\n<\/tr>\n<tr>\n<td>Erziehungswissenschaft \/ P\u00e4dagogik<\/td>\n<td align=\"center\">B<\/td>\n<td align=\"center\">M<\/td>\n<td align=\"center\"><\/td>\n<\/tr>\n<tr>\n<td>Europ\u00e4ische Studien<\/td>\n<td align=\"center\">B<\/td>\n<td align=\"center\">M<\/td>\n<td align=\"center\"><\/td>\n<\/tr>\n<tr>\n<td>Evangelische Theologie<\/td>\n<td align=\"center\">B<\/td>\n<td align=\"center\">M<\/td>\n<td align=\"center\"><\/td>\n<\/tr>\n<tr>\n<td>Geographie \/ Erdkunde (Lehramt)<\/td>\n<td align=\"center\">B<\/td>\n<td align=\"center\">M<\/td>\n<td align=\"center\"><\/td>\n<\/tr>\n<tr>\n<td>Geoinformatik<\/td>\n<td align=\"center\">B<\/td>\n<td align=\"center\">M<\/td>\n<td align=\"center\"><\/td>\n<\/tr>\n<tr>\n<td>Germanistik \/ Deutsch (Lehramt)<\/td>\n<td align=\"center\">B<\/td>\n<td align=\"center\">M<\/td>\n<td align=\"center\"><\/td>\n<\/tr>\n<tr>\n<td>Geschichte<\/td>\n<td align=\"center\">B<\/td>\n<td align=\"center\">M<\/td>\n<td align=\"center\"><\/td>\n<\/tr>\n<tr>\n<td>Gesundheitswissenschaften<\/td>\n<td align=\"center\">B<\/td>\n<td align=\"center\">M<\/td>\n<td align=\"center\"><\/td>\n<\/tr>\n<tr>\n<td>Information Systems<\/td>\n<td align=\"center\">B<\/td>\n<td align=\"center\">M<\/td>\n<td align=\"center\"><\/td>\n<\/tr>\n<tr>\n<td>Internationale Migration und Interkulturelle Beziehungen<\/td>\n<td align=\"center\"><\/td>\n<td align=\"center\">M<\/td>\n<td align=\"center\"><\/td>\n<\/tr>\n<tr>\n<td>Katholische Theologie<\/td>\n<td align=\"center\">B<\/td>\n<td align=\"center\">M<\/td>\n<td align=\"center\"><\/td>\n<\/tr>\n<tr>\n<td>Kognitive Mathematik<\/td>\n<td align=\"center\"><\/td>\n<td align=\"center\">M<\/td>\n<td align=\"center\"><\/td>\n<\/tr>\n<tr>\n<td>Kunst \/ Kunstp\u00e4dagogik (Lehramt)<\/td>\n<td align=\"center\">B<\/td>\n<td align=\"center\">M<\/td>\n<td align=\"center\"><\/td>\n<\/tr>\n<tr>\n<td>Kunstgeschichte<\/td>\n<td align=\"center\">B<\/td>\n<td align=\"center\">M<\/td>\n<td align=\"center\"><\/td>\n<\/tr>\n<tr>\n<td>Latein (Lehramt)<\/td>\n<td align=\"center\">B<\/td>\n<td align=\"center\">M<\/td>\n<td align=\"center\"><\/td>\n<\/tr>\n<tr>\n<td>Materialwissenschaft<\/td>\n<td align=\"center\"><\/td>\n<td align=\"center\">M<\/td>\n<td align=\"center\"><\/td>\n<\/tr>\n<tr>\n<td>Mathematik<\/td>\n<td align=\"center\">B<\/td>\n<td align=\"center\"><\/td>\n<td align=\"center\"><\/td>\n<\/tr>\n<tr>\n<td>Mathematik (Lehramt)<\/td>\n<td align=\"center\"><\/td>\n<td align=\"center\">M<\/td>\n<td align=\"center\"><\/td>\n<\/tr>\n<tr>\n<td>Mathematik \/ Informatik<\/td>\n<td align=\"center\">B<\/td>\n<td align=\"center\">M<\/td>\n<td align=\"center\"><\/td>\n<\/tr>\n<tr>\n<td>Mathematik mit Anwendungsfach<\/td>\n<td align=\"center\"><\/td>\n<td align=\"center\">M<\/td>\n<td align=\"center\"><\/td>\n<\/tr>\n<tr>\n<td>Musik, Musikwissenschaft<\/td>\n<td align=\"center\">B<\/td>\n<td align=\"center\">M<\/td>\n<td align=\"center\"><\/td>\n<\/tr>\n<tr>\n<td>Pflegewissenschaft<\/td>\n<td align=\"center\">B<\/td>\n<td align=\"center\">M<\/td>\n<td align=\"center\"><\/td>\n<\/tr>\n<tr>\n<td>Philosophie<\/td>\n<td align=\"center\">B<\/td>\n<td align=\"center\"><\/td>\n<td align=\"center\"><\/td>\n<\/tr>\n<tr>\n<td>Physik<\/td>\n<td align=\"center\">B<\/td>\n<td align=\"center\">M<\/td>\n<td align=\"center\"><\/td>\n<\/tr>\n<tr>\n<td>Physik mit Informatik<\/td>\n<td align=\"center\">B<\/td>\n<td align=\"center\">M<\/td>\n<td align=\"center\"><\/td>\n<\/tr>\n<tr>\n<td>Psychologie<\/td>\n<td align=\"center\">B<\/td>\n<td align=\"center\"><\/td>\n<td align=\"center\"><\/td>\n<\/tr>\n<tr>\n<td>Renaissance- und Reformationsstudien<\/td>\n<td align=\"center\"><\/td>\n<td align=\"center\">M<\/td>\n<td align=\"center\"><\/td>\n<\/tr>\n<tr>\n<td>Romanistik (zwei Sprachen)<\/td>\n<td align=\"center\">B<\/td>\n<td align=\"center\">M<\/td>\n<td align=\"center\"><\/td>\n<\/tr>\n<tr>\n<td>Romanistik \/ Franz\u00f6sisch<\/td>\n<td align=\"center\">B<\/td>\n<td align=\"center\">M<\/td>\n<td align=\"center\"><\/td>\n<\/tr>\n<tr>\n<td>Romanistik \/ Italienisch<\/td>\n<td align=\"center\">B<\/td>\n<td align=\"center\">M<\/td>\n<td align=\"center\"><\/td>\n<\/tr>\n<tr>\n<td>Romanistik \/ Spanisch<\/td>\n<td align=\"center\">B<\/td>\n<td align=\"center\"><\/td>\n<td align=\"center\"><\/td>\n<\/tr>\n<tr>\n<td>Sachunterricht (Lehramt)<\/td>\n<td align=\"center\">B<\/td>\n<td align=\"center\">M<\/td>\n<td align=\"center\"><\/td>\n<\/tr>\n<tr>\n<td>Social Sciences, Soziologie und Politikwissenschaft<\/td>\n<td align=\"center\">B<\/td>\n<td align=\"center\">M<\/td>\n<td align=\"center\"><\/td>\n<\/tr>\n<tr>\n<td>Sport, Sportwissenschaft<\/td>\n<td align=\"center\">B<\/td>\n<td align=\"center\">M<\/td>\n<td align=\"center\"><\/td>\n<\/tr>\n<tr>\n<td>Steuerwissenschaften (Taxation)<\/td>\n<td align=\"center\"><\/td>\n<td align=\"center\">M<\/td>\n<td align=\"center\"><\/td>\n<\/tr>\n<tr>\n<td>Textiles Gestalten (Lehramt)<\/td>\n<td align=\"center\">B<\/td>\n<td align=\"center\">M<\/td>\n<td align=\"center\"><\/td>\n<\/tr>\n<tr>\n<td>Theologie und Kultur<\/td>\n<td align=\"center\"><\/td>\n<td align=\"center\">M<\/td>\n<td align=\"center\"><\/td>\n<\/tr>\n<tr>\n<td>Volkswirtschaftslehre<\/td>\n<td align=\"center\">B<\/td>\n<td align=\"center\"><\/td>\n<td align=\"center\"><\/td>\n<\/tr>\n<tr>\n<td>Wirtschafts- und Sozialgeographie<\/td>\n<td align=\"center\"><\/td>\n<td align=\"center\">M<\/td>\n<td align=\"center\"><\/td>\n<\/tr>\n<tr>\n<td>Wirtschaftsrecht<\/td>\n<td align=\"center\">B<\/td>\n<td align=\"center\"><\/td>\n<td align=\"center\"><\/td>\n<\/tr>\n<tr>\n<td>Wirtschaftsstrafrecht<\/td>\n<td align=\"center\"><\/td>\n<td align=\"center\">M<\/td>\n<td align=\"center\"><\/td>\n<\/tr>\n<tr>\n<td>Wirtschaftswissenschaft<\/td>\n<td align=\"center\">B<\/td>\n<td align=\"center\"><\/td>\n<td align=\"center\"><\/td>\n<\/tr>\n<\/tbody>\n<\/table>\n<p>Weitere Universit\u00e4ten in Niedersachsen: Carl von Ossietzky Universit\u00e4t | Georg-August-Universit\u00e4t Gottfried | Wilhelm Leibniz Universit\u00e4t<\/p>\n","protected":false},"excerpt":{"rendered":"<p>Kontakt Universit\u00e4t Osnabr\u00fcck Neuer Graben 29 49074 Osnabr\u00fcck Telefon: +49 (0) 541 969 4999 E-Mail: zsb.uniundfh@uni-osnabrueck.de \u00d6ffnungszeiten: Mo, Mi 14 bis 15:30, Di, Do 10 bis 12 Internet: https:\/\/www.uni-osnabrueck.de [wpmaps company=&#8220;Universit\u00e4t Osnabr\u00fcck&#8220; street=&#8220;Neuer Graben 29&#8243; city=&#8220;49074 Osnabr\u00fcck&#8220;] \u00dcbersicht Studieng\u00e4nge Studieng\u00e4nge Bachlor Master Fernstudiengang Angewandte Systemwissenschaft B M Anglistik \/ Amerikanistik M Anglistik \/ Englisch (Lehramt) [&hellip;]<\/p>\n","protected":false},"author":1,"featured_media":0,"parent":440,"menu_order":0,"comment_status":"open","ping_status":"open","template":"","meta":{"footnotes":""},"class_list":["post-789","page","type-page","status-publish","hentry"],"_links":{"self":[{"href":"https:\/\/www.campuswerk.com\/Hochschulen-Deutschland\/wp-json\/wp\/v2\/pages\/789","targetHints":{"allow":["GET"]}}],"collection":[{"href":"https:\/\/www.campuswerk.com\/Hochschulen-Deutschland\/wp-json\/wp\/v2\/pages"}],"about":[{"href":"https:\/\/www.campuswerk.com\/Hochschulen-Deutschland\/wp-json\/wp\/v2\/types\/page"}],"author":[{"embeddable":true,"href":"https:\/\/www.campuswerk.com\/Hochschulen-Deutschland\/wp-json\/wp\/v2\/users\/1"}],"replies":[{"embeddable":true,"href":"https:\/\/www.campuswerk.com\/Hochschulen-Deutschland\/wp-json\/wp\/v2\/comments?post=789"}],"version-history":[{"count":5,"href":"https:\/\/www.campuswerk.com\/Hochschulen-Deutschland\/wp-json\/wp\/v2\/pages\/789\/revisions"}],"predecessor-version":[{"id":3280,"href":"https:\/\/www.campuswerk.com\/Hochschulen-Deutschland\/wp-json\/wp\/v2\/pages\/789\/revisions\/3280"}],"up":[{"embeddable":true,"href":"https:\/\/www.campuswerk.com\/Hochschulen-Deutschland\/wp-json\/wp\/v2\/pages\/440"}],"wp:attachment":[{"href":"https:\/\/www.campuswerk.com\/Hochschulen-Deutschland\/wp-json\/wp\/v2\/media?parent=789"}],"curies":[{"name":"wp","href":"https:\/\/api.w.org\/{rel}","templated":true}]}}