{"id":643,"date":"2011-02-08T09:16:11","date_gmt":"2011-02-08T09:16:11","guid":{"rendered":"http:\/\/www.campuswerk.com\/Hochschulen-Deutschland"},"modified":"2022-05-09T13:19:11","modified_gmt":"2022-05-09T13:19:11","slug":"universitat-ulm","status":"publish","type":"page","link":"https:\/\/www.campuswerk.com\/Hochschulen-Deutschland\/universitaten\/universitateten-baden-wurttenberg\/universitat-ulm","title":{"rendered":"Universit\u00e4t Ulm"},"content":{"rendered":"<h4>Kontakt<\/h4>\n<div class=\"adresse\">\n<ul>\n<li>Universit\u00e4t Ulm<\/li>\n<li>Albert-Einstein-Allee 5<\/li>\n<li>89081 Ulm<\/li>\n<li>Telefon: +49 (0) 731 50 22 053<\/li>\n<li>E-Mail: zentralestudienberatung@uni-ulm.de<\/li>\n<li>\u00d6ffnungszeiten: Mo-Fr 9-11.30<\/li>\n<li>Internet: <a title=\"Universit\u00e4t Ulm\" href=\"https:\/\/www.uni-ulm.de\">http:\/\/www.uni-ulm.de<\/a><\/li>\n<\/ul>\n<\/div>\n<pre>[wpmaps company=\"Universit\u00e4t Ulm\" street=\"Albert-Einstein-Allee 5\" city=\"89081 Ulm\"]<\/pre>\n<h5>\u00dcbersicht Studieng\u00e4nge<\/h5>\n<table border=\"0\" width=\"840\" cellpadding=\"0\">\n<tbody>\n<tr>\n<td class=\"tstyle\" width=\"40%\">Studieng\u00e4nge<\/td>\n<td class=\"tstyle\" align=\"center\" width=\"20%\">Bachlor<\/td>\n<td class=\"tstyle\" align=\"center\" width=\"20%\">Master<\/td>\n<td class=\"tstyle\" align=\"center\" width=\"20%\">Fernstudiengang<\/td>\n<\/tr>\n<tr>\n<td>Advanced Materials<\/td>\n<td align=\"center\"><\/td>\n<td align=\"center\">M<\/td>\n<td align=\"center\"><\/td>\n<\/tr>\n<tr>\n<td>Advanced Oncology<\/td>\n<td align=\"center\"><\/td>\n<td align=\"center\">M<\/td>\n<td align=\"center\">F<\/td>\n<\/tr>\n<tr>\n<td>Biochemie<\/td>\n<td align=\"center\">B<\/td>\n<td align=\"center\">M<\/td>\n<td align=\"center\"><\/td>\n<\/tr>\n<tr>\n<td>Biologie<\/td>\n<td align=\"center\">B<\/td>\n<td align=\"center\">M<\/td>\n<td align=\"center\"><\/td>\n<\/tr>\n<tr>\n<td>Biologie (Lehramt)<\/td>\n<td align=\"center\"><\/td>\n<td align=\"center\"><\/td>\n<td align=\"center\"><\/td>\n<\/tr>\n<tr>\n<td>Chemie<\/td>\n<td align=\"center\">B<\/td>\n<td align=\"center\">M<\/td>\n<td align=\"center\"><\/td>\n<\/tr>\n<tr>\n<td>Chemie (Lehramt)<\/td>\n<td align=\"center\"><\/td>\n<td align=\"center\"><\/td>\n<td align=\"center\"><\/td>\n<\/tr>\n<tr>\n<td>Communication Techology<\/td>\n<td align=\"center\"><\/td>\n<td align=\"center\">M<\/td>\n<td align=\"center\"><\/td>\n<\/tr>\n<tr>\n<td>Elektrotechnik<\/td>\n<td align=\"center\">B<\/td>\n<td align=\"center\">M<\/td>\n<td align=\"center\"><\/td>\n<\/tr>\n<tr>\n<td>Finance<\/td>\n<td align=\"center\"><\/td>\n<td align=\"center\">M<\/td>\n<td align=\"center\"><\/td>\n<\/tr>\n<tr>\n<td>Informatik<\/td>\n<td align=\"center\">B<\/td>\n<td align=\"center\">M<\/td>\n<td align=\"center\"><\/td>\n<\/tr>\n<tr>\n<td>Informationssystemtechnik<\/td>\n<td align=\"center\">B<\/td>\n<td align=\"center\">M<\/td>\n<td align=\"center\"><\/td>\n<\/tr>\n<tr>\n<td>Informationstechnologie<\/td>\n<td align=\"center\"><\/td>\n<td align=\"center\"><\/td>\n<td align=\"center\"><\/td>\n<\/tr>\n<tr>\n<td>Mathematik<\/td>\n<td align=\"center\">B<\/td>\n<td align=\"center\">M<\/td>\n<td align=\"center\"><\/td>\n<\/tr>\n<tr>\n<td>Mathematik (Lehramt)<\/td>\n<td align=\"center\"><\/td>\n<td align=\"center\"><\/td>\n<td align=\"center\"><\/td>\n<\/tr>\n<tr>\n<td>Mathematische Biometrie<\/td>\n<td align=\"center\">B<\/td>\n<td align=\"center\"><\/td>\n<td align=\"center\"><\/td>\n<\/tr>\n<tr>\n<td>Medieninformatik<\/td>\n<td align=\"center\">B<\/td>\n<td align=\"center\">M<\/td>\n<td align=\"center\"><\/td>\n<\/tr>\n<tr>\n<td>Medizin<\/td>\n<td align=\"center\"><\/td>\n<td align=\"center\"><\/td>\n<td align=\"center\"><\/td>\n<\/tr>\n<tr>\n<td>Molekulare Medizin<\/td>\n<td align=\"center\">B<\/td>\n<td align=\"center\">M<\/td>\n<td align=\"center\"><\/td>\n<\/tr>\n<tr>\n<td>Philosophie<\/td>\n<td align=\"center\">B<\/td>\n<td align=\"center\"><\/td>\n<td align=\"center\"><\/td>\n<\/tr>\n<tr>\n<td>Physik<\/td>\n<td align=\"center\">B<\/td>\n<td align=\"center\">M<\/td>\n<td align=\"center\"><\/td>\n<\/tr>\n<tr>\n<td>Physik (Lehramt)<\/td>\n<td align=\"center\"><\/td>\n<td align=\"center\"><\/td>\n<td align=\"center\"><\/td>\n<\/tr>\n<tr>\n<td>Psychologie<\/td>\n<td align=\"center\">B<\/td>\n<td align=\"center\"><\/td>\n<td align=\"center\"><\/td>\n<\/tr>\n<tr>\n<td>Wirtschaftschemie<\/td>\n<td align=\"center\">B<\/td>\n<td align=\"center\">M<\/td>\n<td align=\"center\"><\/td>\n<\/tr>\n<tr>\n<td>Wirtschaftsmathematik<\/td>\n<td align=\"center\">B<\/td>\n<td align=\"center\">M<\/td>\n<td align=\"center\"><\/td>\n<\/tr>\n<tr>\n<td>Wirtschaftsphysik<\/td>\n<td align=\"center\">B<\/td>\n<td align=\"center\">M<\/td>\n<td align=\"center\"><\/td>\n<\/tr>\n<tr>\n<td>Wirtschaftswissenschaften<\/td>\n<td align=\"center\">B<\/td>\n<td align=\"center\">M<\/td>\n<td align=\"center\"><\/td>\n<\/tr>\n<tr>\n<td>Zahnmedizin<\/td>\n<td align=\"center\"><\/td>\n<td align=\"center\"><\/td>\n<td align=\"center\"><\/td>\n<\/tr>\n<\/tbody>\n<\/table>\n<p>Weitere Universit\u00e4ten Baden-W\u00fcrttemberg: <a title=\"Albert-Ludwigs-Universit\u00e4t\" href=\"https:\/\/www.campuswerk.com\/Hochschulen-Deutschland\/universitaten\/universitateten-baden-wurttenberg\/albert-ludwigs-universitat\">Albert-Ludwigs-Universit\u00e4t<\/a> | <a title=\"Eberhard Karls Universit\u00e4t T\u00fcbingen\" href=\"https:\/\/www.campuswerk.com\/Hochschulen-Deutschland\/universitaten\/universitateten-baden-wurttenberg\/eberhard-karls-universitat-tubingen\">Eberhard Karls Universit\u00e4t T\u00fcbingen<\/a> | <a title=\"Universit\u00e4t Heidelberg\" href=\"https:\/\/www.campuswerk.com\/Hochschulen-Deutschland\/universitaten\/universitateten-baden-wurttenberg\/ruprecht-karls-universitat\">Universit\u00e4t Heidelberg<\/a> | <a title=\"Universit\u00e4t Hohenheim\" href=\"https:\/\/www.campuswerk.com\/Hochschulen-Deutschland\/universitaten\/universitateten-baden-wurttenberg\/universitat-hohenheim\">Universit\u00e4t Hohenheim<\/a> | <a title=\"Universit\u00e4t Konstanz\" href=\"https:\/\/www.campuswerk.com\/Hochschulen-Deutschland\/universitaten\/universitateten-baden-wurttenberg\/universitat-konstanz\">Universit\u00e4t Konstanz<\/a> | <a title=\"Universit\u00e4t Mannheim\" href=\"https:\/\/www.campuswerk.com\/Hochschulen-Deutschland\/private-hs\/private-hochschulen-baden-wurttemberg\/merkur-internationale-fachhochschule-karlsruhe\">Universit\u00e4t Mannheim<\/a> | <a title=\"Universit\u00e4t Stuttgart\" href=\"https:\/\/www.campuswerk.com\/Hochschulen-Deutschland\/universitaten\/universitateten-baden-wurttenberg\/universitat-stuttgart\">Universit\u00e4t Stuttgart<\/a><\/p>\n","protected":false},"excerpt":{"rendered":"<p>Kontakt Universit\u00e4t Ulm Albert-Einstein-Allee 5 89081 Ulm Telefon: +49 (0) 731 50 22 053 E-Mail: zentralestudienberatung@uni-ulm.de \u00d6ffnungszeiten: Mo-Fr 9-11.30 Internet: http:\/\/www.uni-ulm.de [wpmaps company=&#8220;Universit\u00e4t Ulm&#8220; street=&#8220;Albert-Einstein-Allee 5&#8243; city=&#8220;89081 Ulm&#8220;] \u00dcbersicht Studieng\u00e4nge Studieng\u00e4nge Bachlor Master Fernstudiengang Advanced Materials M Advanced Oncology M F Biochemie B M Biologie B M Biologie (Lehramt) Chemie B M Chemie (Lehramt) Communication [&hellip;]<\/p>\n","protected":false},"author":1,"featured_media":0,"parent":334,"menu_order":0,"comment_status":"open","ping_status":"open","template":"","meta":{"footnotes":""},"class_list":["post-643","page","type-page","status-publish","hentry"],"_links":{"self":[{"href":"https:\/\/www.campuswerk.com\/Hochschulen-Deutschland\/wp-json\/wp\/v2\/pages\/643","targetHints":{"allow":["GET"]}}],"collection":[{"href":"https:\/\/www.campuswerk.com\/Hochschulen-Deutschland\/wp-json\/wp\/v2\/pages"}],"about":[{"href":"https:\/\/www.campuswerk.com\/Hochschulen-Deutschland\/wp-json\/wp\/v2\/types\/page"}],"author":[{"embeddable":true,"href":"https:\/\/www.campuswerk.com\/Hochschulen-Deutschland\/wp-json\/wp\/v2\/users\/1"}],"replies":[{"embeddable":true,"href":"https:\/\/www.campuswerk.com\/Hochschulen-Deutschland\/wp-json\/wp\/v2\/comments?post=643"}],"version-history":[{"count":3,"href":"https:\/\/www.campuswerk.com\/Hochschulen-Deutschland\/wp-json\/wp\/v2\/pages\/643\/revisions"}],"predecessor-version":[{"id":2815,"href":"https:\/\/www.campuswerk.com\/Hochschulen-Deutschland\/wp-json\/wp\/v2\/pages\/643\/revisions\/2815"}],"up":[{"embeddable":true,"href":"https:\/\/www.campuswerk.com\/Hochschulen-Deutschland\/wp-json\/wp\/v2\/pages\/334"}],"wp:attachment":[{"href":"https:\/\/www.campuswerk.com\/Hochschulen-Deutschland\/wp-json\/wp\/v2\/media?parent=643"}],"curies":[{"name":"wp","href":"https:\/\/api.w.org\/{rel}","templated":true}]}}