{"id":1628,"date":"2011-02-10T11:54:21","date_gmt":"2011-02-10T11:54:21","guid":{"rendered":"http:\/\/www.campuswerk.com\/Hochschulen-Deutschland"},"modified":"2022-05-10T21:00:56","modified_gmt":"2022-05-10T21:00:56","slug":"adam-ries-fachhochschule-erfurt","status":"publish","type":"page","link":"https:\/\/www.campuswerk.com\/Hochschulen-Deutschland\/private-hs\/private-hochschulen-thuringen\/adam-ries-fachhochschule-erfurt","title":{"rendered":"Adam-Ries-Fachhochschule Erfurt"},"content":{"rendered":"<h4>Kontakt<\/h4>\n<div class=\"adresse\">\n<ul>\n<li>Adam-Ries-Fachhochschule<\/li>\n<li>Juri-Gagarin-Ring 152<\/li>\n<li>99084 Erfurt<\/li>\n<li>Telefon: +49 (0)361 653120-10<\/li>\n<li>E-Mail: info@adam-ries-fh.de<\/li>\n<li>\u00d6ffnungszeiten: 09:00 &#8211; 16:00 Uhr<\/li>\n<li>Internet: <a title=\"Adam Ries-Fachhochschule \" href=\"https:\/\/www.adam-ries-fh.de\">https:\/\/www.adam-ries-fh.de<\/a><\/li>\n<\/ul>\n<\/div>\n<pre>[wpmaps company=\"Adam-Ries-Fachhochschule\" street=\"Juri-Gagarin-Ring 152\" city=\"99084 Erfurt\"]<\/pre>\n<h5>\u00dcbersicht Studieng\u00e4nge<\/h5>\n<table border=\"0\" width=\"840\" cellpadding=\"0\">\n<tbody>\n<tr>\n<td class=\"tstyle\" width=\"40%\">Studieng\u00e4nge<\/td>\n<td class=\"tstyle\" align=\"center\" width=\"20%\">Bachlor<\/td>\n<td class=\"tstyle\" align=\"center\" width=\"20%\">Master<\/td>\n<td class=\"tstyle\" align=\"center\" width=\"20%\">Fernstudiengang<\/td>\n<\/tr>\n<tr>\n<td>Management nachhaltiger Energien (dual)<\/td>\n<td align=\"center\">B<\/td>\n<td align=\"center\"><\/td>\n<td align=\"center\"><\/td>\n<\/tr>\n<tr>\n<td>Produktions- und Logistikmanagement (dual)<\/td>\n<td align=\"center\">B<\/td>\n<td align=\"center\"><\/td>\n<td align=\"center\"><\/td>\n<\/tr>\n<tr>\n<td>Steuern und Pr\u00fcfungswesen (dual)<\/td>\n<td align=\"center\">B<\/td>\n<td align=\"center\"><\/td>\n<td align=\"center\"><\/td>\n<\/tr>\n<tr>\n<td>Tourismuswirtschaft (dual)<\/td>\n<td align=\"center\">B<\/td>\n<td align=\"center\"><\/td>\n<td align=\"center\"><\/td>\n<\/tr>\n<\/tbody>\n<\/table>\n<p>Weitere private Hochschulen Th\u00fcringen: <a title=\"FH Kunst\" href=\"https:\/\/www.campuswerk.com\/Hochschulen-Deutschland\/private-hs\/private-hochschulen-thuringen\/fh-kunst-arnstadt\">FH Kunst<\/a><\/p>\n","protected":false},"excerpt":{"rendered":"<p>Kontakt Adam-Ries-Fachhochschule Juri-Gagarin-Ring 152 99084 Erfurt Telefon: +49 (0)361 653120-10 E-Mail: info@adam-ries-fh.de \u00d6ffnungszeiten: 09:00 &#8211; 16:00 Uhr Internet: https:\/\/www.adam-ries-fh.de [wpmaps company=&#8220;Adam-Ries-Fachhochschule&#8220; street=&#8220;Juri-Gagarin-Ring 152&#8243; city=&#8220;99084 Erfurt&#8220;] \u00dcbersicht Studieng\u00e4nge Studieng\u00e4nge Bachlor Master Fernstudiengang Management nachhaltiger Energien (dual) B Produktions- und Logistikmanagement (dual) B Steuern und Pr\u00fcfungswesen (dual) B Tourismuswirtschaft (dual) B Weitere private Hochschulen Th\u00fcringen: FH Kunst<\/p>\n","protected":false},"author":1,"featured_media":0,"parent":533,"menu_order":0,"comment_status":"open","ping_status":"open","template":"","meta":{"footnotes":""},"class_list":["post-1628","page","type-page","status-publish","hentry"],"_links":{"self":[{"href":"https:\/\/www.campuswerk.com\/Hochschulen-Deutschland\/wp-json\/wp\/v2\/pages\/1628","targetHints":{"allow":["GET"]}}],"collection":[{"href":"https:\/\/www.campuswerk.com\/Hochschulen-Deutschland\/wp-json\/wp\/v2\/pages"}],"about":[{"href":"https:\/\/www.campuswerk.com\/Hochschulen-Deutschland\/wp-json\/wp\/v2\/types\/page"}],"author":[{"embeddable":true,"href":"https:\/\/www.campuswerk.com\/Hochschulen-Deutschland\/wp-json\/wp\/v2\/users\/1"}],"replies":[{"embeddable":true,"href":"https:\/\/www.campuswerk.com\/Hochschulen-Deutschland\/wp-json\/wp\/v2\/comments?post=1628"}],"version-history":[{"count":3,"href":"https:\/\/www.campuswerk.com\/Hochschulen-Deutschland\/wp-json\/wp\/v2\/pages\/1628\/revisions"}],"predecessor-version":[{"id":3038,"href":"https:\/\/www.campuswerk.com\/Hochschulen-Deutschland\/wp-json\/wp\/v2\/pages\/1628\/revisions\/3038"}],"up":[{"embeddable":true,"href":"https:\/\/www.campuswerk.com\/Hochschulen-Deutschland\/wp-json\/wp\/v2\/pages\/533"}],"wp:attachment":[{"href":"https:\/\/www.campuswerk.com\/Hochschulen-Deutschland\/wp-json\/wp\/v2\/media?parent=1628"}],"curies":[{"name":"wp","href":"https:\/\/api.w.org\/{rel}","templated":true}]}}