{"id":1552,"date":"2011-02-10T10:41:34","date_gmt":"2011-02-10T10:41:34","guid":{"rendered":"http:\/\/www.campuswerk.com\/Hochschulen-Deutschland"},"modified":"2022-05-11T06:40:46","modified_gmt":"2022-05-11T06:40:46","slug":"amd-akademie-mode-und-design","status":"publish","type":"page","link":"https:\/\/www.campuswerk.com\/Hochschulen-Deutschland\/private-hs\/private-hochschulen-hamburg\/amd-akademie-mode-und-design","title":{"rendered":"AMD Akademie Mode und Design"},"content":{"rendered":"<h4>Kontakt<\/h4>\n<div class=\"adresse\">\n<ul>\n<li>AMD Akademie Mode &amp; Design GmbH, Berlin<\/li>\n<li>Franklinstra\u00dfe 10<\/li>\n<li>10587 Berlin<\/li>\n<li>Telefon: +49 (0) 330 99 76 0<\/li>\n<li>E-Mail: berlin@amdnet.de<\/li>\n<li>\u00d6ffnungszeiten:<\/li>\n<li>Internet: <a title=\"AMD Akademie\" href=\"https:\/\/www.amdnet.de\">https:\/\/www.amdnet.de<\/a><\/li>\n<\/ul>\n<\/div>\n<pre>[wpmaps company=\"AMD Akademie Mode &amp; Design GmbH, Berlin\" street=\"Franklinstra\u00dfe 10\" city=\"10587 Berlin\"]<\/pre>\n<h5>\u00dcbersicht Studieng\u00e4nge<\/h5>\n<table border=\"0\" width=\"840\" cellpadding=\"0\">\n<tbody>\n<tr>\n<td class=\"tstyle\" width=\"40%\">Studieng\u00e4nge<\/td>\n<td class=\"tstyle\" align=\"center\" width=\"20%\">Bachlor<\/td>\n<td class=\"tstyle\" align=\"center\" width=\"20%\">Master<\/td>\n<td class=\"tstyle\" align=\"center\" width=\"20%\">Fernstudiengang<\/td>\n<\/tr>\n<tr>\n<td>Mode Design<\/td>\n<td align=\"center\">B<\/td>\n<td align=\"center\"><\/td>\n<td align=\"center\"><\/td>\n<\/tr>\n<tr>\n<td>Mode- und Designmanagement<\/td>\n<td align=\"center\">B<\/td>\n<td align=\"center\"><\/td>\n<td align=\"center\"><\/td>\n<\/tr>\n<\/tbody>\n<\/table>\n<p>Weitere private Hochschulen in Berlin: <a title=\"BBW Hochschule\" href=\"https:\/\/www.campuswerk.com\/Hochschulen-Deutschland\/private-hs\/private-hochschulen-berlin\/bbw-hochschule\">BBW Hochschule<\/a> | <a title=\"Technische Kunsthochschule BTK\" href=\"https:\/\/www.campuswerk.com\/Hochschulen-Deutschland\/private-hs\/private-hochschulen-berlin\/berliner-technische-kunsthochschule-2\">Technische Kunsthochschule BTK<\/a> | <a title=\"Deutsche Film und Fernsehakademie\" href=\"https:\/\/www.campuswerk.com\/Hochschulen-Deutschland\/private-hs\/private-hochschulen-berlin\/deutsche-film-und-fernsehakademie-berlin-dffb\">Deutsche Film und Fernsehakademie <\/a>| <a title=\"ESCP Europe Campus Berlin\" href=\"https:\/\/www.campuswerk.com\/Hochschulen-Deutschland\/private-hs\/private-hochschulen-berlin\/escp-europe-campus-berlin\">ESCP Europe Campus Berlin<\/a> | <a title=\"European School of Management and Technology\" href=\"https:\/\/www.campuswerk.com\/Hochschulen-Deutschland\/private-hs\/private-hochschulen-berlin\/european-school-of-management-and-technology\">European School of Management and Technology<\/a> | <a title=\"Hertie School of Governance\" href=\"https:\/\/www.campuswerk.com\/Hochschulen-Deutschland\/private-hs\/private-hochschulen-berlin\/hertie-school-of-governance\">Hertie School of Governance<\/a> | <a title=\"HG Hochschule f\u00fcr Gesundheit und Sport\" href=\"https:\/\/www.campuswerk.com\/Hochschulen-Deutschland\/private-hs\/private-hochschulen-berlin\/hg-hochschule-fur-gesundheit-und-sport\">HG Hochschule f\u00fcr Gesundheit und Sport<\/a> | <a title=\"IB Hochschule Berlin\" href=\"https:\/\/www.campuswerk.com\/Hochschulen-Deutschland\/private-hs\/private-hochschulen-berlin\/ib-hochschule-berlin\">IB Hochschule Berlin<\/a> | <a title=\"Internatational Business School Berlin\" href=\"https:\/\/www.campuswerk.com\/Hochschulen-Deutschland\/private-hs\/private-hochschulen-berlin\/internatational-business-school-berlin\">Internatational Business School Berlin<\/a> | <a title=\"Mediadesign Hochschule Berlin\" href=\"https:\/\/www.campuswerk.com\/Hochschulen-Deutschland\/private-hs\/private-hochschulen-berlin\/mediadesign-hochschule-berlin\">Mediadesign Hochschule Berlin<\/a> | <a title=\"SRH Hochschule Berlin\" href=\"https:\/\/www.campuswerk.com\/Hochschulen-Deutschland\/private-hs\/private-hochschulen-berlin\/srh-hochschule-berlin\">SRH Hochschule Berlin<\/a> | <a title=\"Steinbeis Hochschule Berlin\" href=\"https:\/\/www.campuswerk.com\/Hochschulen-Deutschland\/private-hs\/private-hochschulen-berlin\/steinbeis-hochschule-berlin\">Steinbeis Hochschule Berlin<\/a> | <a title=\"Touro College Berlin\" href=\"https:\/\/www.campuswerk.com\/Hochschulen-Deutschland\/private-hs\/private-hochschulen-berlin\/touro-college-berlin\">Touro College Berlin<\/a><\/p>\n","protected":false},"excerpt":{"rendered":"<p>Kontakt AMD Akademie Mode &amp; Design GmbH, Berlin Franklinstra\u00dfe 10 10587 Berlin Telefon: +49 (0) 330 99 76 0 E-Mail: berlin@amdnet.de \u00d6ffnungszeiten: Internet: https:\/\/www.amdnet.de [wpmaps company=&#8220;AMD Akademie Mode &amp; Design GmbH, Berlin&#8220; street=&#8220;Franklinstra\u00dfe 10&#8243; city=&#8220;10587 Berlin&#8220;] \u00dcbersicht Studieng\u00e4nge Studieng\u00e4nge Bachlor Master Fernstudiengang Mode Design B Mode- und Designmanagement B Weitere private Hochschulen in Berlin: BBW [&hellip;]<\/p>\n","protected":false},"author":1,"featured_media":0,"parent":378,"menu_order":0,"comment_status":"open","ping_status":"open","template":"","meta":{"footnotes":""},"class_list":["post-1552","page","type-page","status-publish","hentry"],"_links":{"self":[{"href":"https:\/\/www.campuswerk.com\/Hochschulen-Deutschland\/wp-json\/wp\/v2\/pages\/1552","targetHints":{"allow":["GET"]}}],"collection":[{"href":"https:\/\/www.campuswerk.com\/Hochschulen-Deutschland\/wp-json\/wp\/v2\/pages"}],"about":[{"href":"https:\/\/www.campuswerk.com\/Hochschulen-Deutschland\/wp-json\/wp\/v2\/types\/page"}],"author":[{"embeddable":true,"href":"https:\/\/www.campuswerk.com\/Hochschulen-Deutschland\/wp-json\/wp\/v2\/users\/1"}],"replies":[{"embeddable":true,"href":"https:\/\/www.campuswerk.com\/Hochschulen-Deutschland\/wp-json\/wp\/v2\/comments?post=1552"}],"version-history":[{"count":3,"href":"https:\/\/www.campuswerk.com\/Hochschulen-Deutschland\/wp-json\/wp\/v2\/pages\/1552\/revisions"}],"predecessor-version":[{"id":3234,"href":"https:\/\/www.campuswerk.com\/Hochschulen-Deutschland\/wp-json\/wp\/v2\/pages\/1552\/revisions\/3234"}],"up":[{"embeddable":true,"href":"https:\/\/www.campuswerk.com\/Hochschulen-Deutschland\/wp-json\/wp\/v2\/pages\/378"}],"wp:attachment":[{"href":"https:\/\/www.campuswerk.com\/Hochschulen-Deutschland\/wp-json\/wp\/v2\/media?parent=1552"}],"curies":[{"name":"wp","href":"https:\/\/api.w.org\/{rel}","templated":true}]}}