{"id":1492,"date":"2011-02-10T09:48:05","date_gmt":"2011-02-10T09:48:05","guid":{"rendered":"http:\/\/www.campuswerk.com\/Hochschulen-Deutschland"},"modified":"2022-05-11T07:31:42","modified_gmt":"2022-05-11T07:31:42","slug":"merkur-internationale-fachhochschule-karlsruhe","status":"publish","type":"page","link":"https:\/\/www.campuswerk.com\/Hochschulen-Deutschland\/private-hs\/private-hochschulen-baden-wurttemberg\/merkur-internationale-fachhochschule-karlsruhe","title":{"rendered":"Merkur Internationale Fachhochschule Karlsruhe"},"content":{"rendered":"<h4>Kontakt<\/h4>\n<div class=\"adresse\">\n<ul>\n<li>Karlshochschule International University<\/li>\n<li>Karlstra\u00dfe 36-38<\/li>\n<li>76133 Karlsruhe<\/li>\n<li>Telefon: +49 (0) 721 1303 500<\/li>\n<li>E-Mail: info@karlshochschule.de<\/li>\n<li>\u00d6ffnungszeiten: Mo-Fr 7.00 &#8211; 21.00 und Sa 9.00-14.00<\/li>\n<li>Internet: <a title=\"Karlshochschule International University\" href=\"https:\/\/karlshochschule.de\/de\/\">https:\/\/karlshochschule.de<\/a><\/li>\n<\/ul>\n<\/div>\n<pre>[wpmaps company=\"Karlshochschule International University\" street=\"Karlstra\u00dfe 36-38\" city=\"76133 Karlsruhe\"]<\/pre>\n<h5>\u00dcbersicht Studieng\u00e4nge<\/h5>\n<table border=\"0\" width=\"840\" cellpadding=\"0\">\n<tbody>\n<tr>\n<td class=\"tstyle\" width=\"40%\">Studieng\u00e4nge<\/td>\n<td class=\"tstyle\" align=\"center\" width=\"20%\">Bachlor<\/td>\n<td class=\"tstyle\" align=\"center\" width=\"20%\">Master<\/td>\n<td class=\"tstyle\" align=\"center\" width=\"20%\">Fernstudiengang<\/td>\n<\/tr>\n<tr>\n<td>Energiemanagement<\/td>\n<td align=\"center\">B<\/td>\n<td align=\"center\"><\/td>\n<td align=\"center\"><\/td>\n<\/tr>\n<tr>\n<td>Interkulturelles Management und Kommunikation<\/td>\n<td align=\"center\">B<\/td>\n<td align=\"center\"><\/td>\n<td align=\"center\"><\/td>\n<\/tr>\n<tr>\n<td>International Business<\/td>\n<td align=\"center\">B<\/td>\n<td align=\"center\"><\/td>\n<td align=\"center\"><\/td>\n<\/tr>\n<tr>\n<td>Internationales Marketing<\/td>\n<td align=\"center\">B<\/td>\n<td align=\"center\"><\/td>\n<td align=\"center\"><\/td>\n<\/tr>\n<tr>\n<td>Internationales Tourismusmanagement<\/td>\n<td align=\"center\">B<\/td>\n<td align=\"center\"><\/td>\n<td align=\"center\"><\/td>\n<\/tr>\n<tr>\n<td>Kunst- und Kulturmanagement<\/td>\n<td align=\"center\">B<\/td>\n<td align=\"center\"><\/td>\n<td align=\"center\"><\/td>\n<\/tr>\n<tr>\n<td>Leadership<\/td>\n<td align=\"center\"><\/td>\n<td align=\"center\">M<\/td>\n<td align=\"center\"><\/td>\n<\/tr>\n<tr>\n<td>Medien- und Kommunikationsmanagement<\/td>\n<td align=\"center\">B<\/td>\n<td align=\"center\"><\/td>\n<td align=\"center\"><\/td>\n<\/tr>\n<tr>\n<td>Messe-, Kongress- und Eventmanagement<\/td>\n<td align=\"center\">B<\/td>\n<td align=\"center\"><\/td>\n<td align=\"center\"><\/td>\n<\/tr>\n<\/tbody>\n<\/table>\n<p>Weitere private Hochschulen Baden-W\u00fcrttemberg: <a title=\"AKAD Hochschule Stuttgart\" href=\"https:\/\/www.campuswerk.com\/Hochschulen-Deutschland\/private-hs\/private-hochschulen-baden-wurttemberg\/kad-fachhochschulen\">AKAD Hochschule Stuttgart<\/a> | <a title=\"Fachhochschule Schw\u00e4bisch Hall\" href=\"https:\/\/www.campuswerk.com\/Hochschulen-Deutschland\/private-hs\/private-hochschulen-baden-wurttemberg\/fachhochschule-schwabisch-hall\">Fachhochschule Schw\u00e4bisch Hall<\/a> | <a title=\"Freie Hochschule f\u00fcr Grafik-Design und Bildende Kunst Freiburg\" href=\"https:\/\/www.campuswerk.com\/Hochschulen-Deutschland\/private-hs\/private-hochschulen-baden-wurttemberg\/freie-hochschule-fur-grafik-design-und-bildende-kunst-freiburg\">Freie Hochschule f\u00fcr Grafik-Design und Bildende Kunst Freiburg<\/a> | <a title=\"Freie Hochschule Stuttgart\" href=\"https:\/\/www.campuswerk.com\/Hochschulen-Deutschland\/private-hs\/private-hochschulen-baden-wurttemberg\/freie-hochschule-stuttgart\">Freie Hochschule Stuttgart<\/a> | <a title=\"German Graduate School of Management and Law\" href=\"https:\/\/www.campuswerk.com\/Hochschulen-Deutschland\/private-hs\/private-hochschulen-baden-wurttemberg\/german-graduate-school-of-management-and-law\">German Graduate School of Management and Law<\/a> | <a title=\"Gustav-Siewerth-Akademie\" href=\"https:\/\/www.campuswerk.com\/Hochschulen-Deutschland\/private-hs\/private-hochschulen-baden-wurttemberg\/gustav-siewerth-akademie\">Gustav-Siewerth-Akademie<\/a> | <a title=\"Naturwissenschaftlich-Technische Akademie Isny\" href=\"https:\/\/www.campuswerk.com\/Hochschulen-Deutschland\/private-hs\/private-hochschulen-baden-wurttemberg\/naturwissenschaftlich-technische-akademie-isny\">Naturwissenschaftlich-Technische Akademie Isny<\/a> | <a title=\"SRH Fernfachhochschule Riedlingen\" href=\"https:\/\/www.campuswerk.com\/Hochschulen-Deutschland\/private-hs\/private-hochschulen-baden-wurttemberg\/srh-fernfachhochschule-riedlingen\">SRH Fernfachhochschule Riedlingen<\/a> | <a title=\"SRH Hochschule Calw\" href=\"https:\/\/www.campuswerk.com\/Hochschulen-Deutschland\/private-hs\/private-hochschulen-baden-wurttemberg\/srh-hochschule-calw\">SRH Hochschule Calw<\/a> | <a title=\"Zeppelin Universit\u00e4t\" href=\"https:\/\/www.campuswerk.com\/Hochschulen-Deutschland\/universitaten\/universitateten-baden-wurttenberg\/zeppelin-universitat\">Zeppelin Universit\u00e4t<\/a><\/p>\n","protected":false},"excerpt":{"rendered":"<p>Kontakt Karlshochschule International University Karlstra\u00dfe 36-38 76133 Karlsruhe Telefon: +49 (0) 721 1303 500 E-Mail: info@karlshochschule.de \u00d6ffnungszeiten: Mo-Fr 7.00 &#8211; 21.00 und Sa 9.00-14.00 Internet: https:\/\/karlshochschule.de [wpmaps company=&#8220;Karlshochschule International University&#8220; street=&#8220;Karlstra\u00dfe 36-38&#8243; city=&#8220;76133 Karlsruhe&#8220;] \u00dcbersicht Studieng\u00e4nge Studieng\u00e4nge Bachlor Master Fernstudiengang Energiemanagement B Interkulturelles Management und Kommunikation B International Business B Internationales Marketing B Internationales Tourismusmanagement [&hellip;]<\/p>\n","protected":false},"author":1,"featured_media":0,"parent":329,"menu_order":0,"comment_status":"open","ping_status":"open","template":"","meta":{"footnotes":""},"class_list":["post-1492","page","type-page","status-publish","hentry"],"_links":{"self":[{"href":"https:\/\/www.campuswerk.com\/Hochschulen-Deutschland\/wp-json\/wp\/v2\/pages\/1492","targetHints":{"allow":["GET"]}}],"collection":[{"href":"https:\/\/www.campuswerk.com\/Hochschulen-Deutschland\/wp-json\/wp\/v2\/pages"}],"about":[{"href":"https:\/\/www.campuswerk.com\/Hochschulen-Deutschland\/wp-json\/wp\/v2\/types\/page"}],"author":[{"embeddable":true,"href":"https:\/\/www.campuswerk.com\/Hochschulen-Deutschland\/wp-json\/wp\/v2\/users\/1"}],"replies":[{"embeddable":true,"href":"https:\/\/www.campuswerk.com\/Hochschulen-Deutschland\/wp-json\/wp\/v2\/comments?post=1492"}],"version-history":[{"count":5,"href":"https:\/\/www.campuswerk.com\/Hochschulen-Deutschland\/wp-json\/wp\/v2\/pages\/1492\/revisions"}],"predecessor-version":[{"id":3335,"href":"https:\/\/www.campuswerk.com\/Hochschulen-Deutschland\/wp-json\/wp\/v2\/pages\/1492\/revisions\/3335"}],"up":[{"embeddable":true,"href":"https:\/\/www.campuswerk.com\/Hochschulen-Deutschland\/wp-json\/wp\/v2\/pages\/329"}],"wp:attachment":[{"href":"https:\/\/www.campuswerk.com\/Hochschulen-Deutschland\/wp-json\/wp\/v2\/media?parent=1492"}],"curies":[{"name":"wp","href":"https:\/\/api.w.org\/{rel}","templated":true}]}}