{"id":1489,"date":"2011-02-10T09:47:12","date_gmt":"2011-02-10T09:47:12","guid":{"rendered":"http:\/\/www.campuswerk.com\/Hochschulen-Deutschland"},"modified":"2022-05-11T07:26:01","modified_gmt":"2022-05-11T07:26:01","slug":"gustav-siewerth-akademie","status":"publish","type":"page","link":"https:\/\/www.campuswerk.com\/Hochschulen-Deutschland\/private-hs\/private-hochschulen-baden-wurttemberg\/gustav-siewerth-akademie","title":{"rendered":"Gustav-Siewerth-Akademie"},"content":{"rendered":"<h4>Kontakt<\/h4>\n<div class=\"adresse\">\n<ul>\n<li>Gustav-Siewerth-Akademie<\/li>\n<li>Oberbierbronnen 1<\/li>\n<li>79809 Weilheim<\/li>\n<li>Telefon: +49 (0) 7755 364<\/li>\n<li>E-Mail: Gustav-Siewerth-Akademie@t-online.de<\/li>\n<li>\u00d6ffnungszeiten:<\/li>\n<li>Internet: <a title=\"Gustav-Siewerth-Akademie\" href=\"http:\/\/www.siewerth-akademie.de\/cms\/\">https:\/\/www.siewerth-akademie.de<\/a><\/li>\n<\/ul>\n<\/div>\n<pre>[wpmaps company=\"Gustav-Siewerth-Akademie\" street=\"Oberbierbronnen 1\" city=\"79809 Weilheim\"]<\/pre>\n<h5>\u00dcbersicht Studieng\u00e4nge<\/h5>\n<table border=\"0\" width=\"840\" cellpadding=\"0\">\n<tbody>\n<tr>\n<td class=\"tstyle\" width=\"40%\">Studieng\u00e4nge<\/td>\n<td class=\"tstyle\" align=\"center\" width=\"20%\">Bachlor<\/td>\n<td class=\"tstyle\" align=\"center\" width=\"20%\">Master<\/td>\n<td class=\"tstyle\" align=\"center\" width=\"20%\">Fernstudiengang<\/td>\n<\/tr>\n<tr>\n<td>Journalistik<\/td>\n<td align=\"center\"><\/td>\n<td align=\"center\"><\/td>\n<td align=\"center\"><\/td>\n<\/tr>\n<tr>\n<td>Katholische Theologie<\/td>\n<td align=\"center\"><\/td>\n<td align=\"center\"><\/td>\n<td align=\"center\"><\/td>\n<\/tr>\n<tr>\n<td>P\u00e4dagogik<\/td>\n<td align=\"center\"><\/td>\n<td align=\"center\"><\/td>\n<td align=\"center\"><\/td>\n<\/tr>\n<tr>\n<td>Philosophie<\/td>\n<td align=\"center\"><\/td>\n<td align=\"center\"><\/td>\n<td align=\"center\"><\/td>\n<\/tr>\n<tr>\n<td>Soziologie<\/td>\n<td align=\"center\"><\/td>\n<td align=\"center\"><\/td>\n<td align=\"center\"><\/td>\n<\/tr>\n<\/tbody>\n<\/table>\n<p>Weitere private Hochschulen Baden-W\u00fcrttemberg: <a title=\"AKAD Hochschule Stuttgart\" href=\"https:\/\/www.campuswerk.com\/Hochschulen-Deutschland\/private-hs\/private-hochschulen-baden-wurttemberg\/kad-fachhochschulen\">AKAD Hochschule Stuttgart<\/a> | <a title=\"Fachhochschule Schw\u00e4bisch Hall\" href=\"https:\/\/www.campuswerk.com\/Hochschulen-Deutschland\/private-hs\/private-hochschulen-baden-wurttemberg\/fachhochschule-schwabisch-hall\">Fachhochschule Schw\u00e4bisch Hall<\/a> | <a title=\"Freie Hochschule f\u00fcr Grafik-Design und Bildende Kunst Freiburg\" href=\"https:\/\/www.campuswerk.com\/Hochschulen-Deutschland\/private-hs\/private-hochschulen-baden-wurttemberg\/freie-hochschule-fur-grafik-design-und-bildende-kunst-freiburg\">Freie Hochschule f\u00fcr Grafik-Design und Bildende Kunst Freiburg<\/a> | <a title=\"Freie Hochschule Stuttgart\" href=\"https:\/\/www.campuswerk.com\/Hochschulen-Deutschland\/private-hs\/private-hochschulen-baden-wurttemberg\/freie-hochschule-stuttgart\">Freie Hochschule Stuttgart<\/a> | <a title=\"German Graduate School of Management and Law\" href=\"https:\/\/www.campuswerk.com\/Hochschulen-Deutschland\/private-hs\/private-hochschulen-baden-wurttemberg\/german-graduate-school-of-management-and-law\">German Graduate School of Management and Law<\/a> | <a title=\"Merkur Internationale Fachhochschule Karlsruhe\" href=\"https:\/\/www.campuswerk.com\/Hochschulen-Deutschland\/private-hs\/private-hochschulen-baden-wurttemberg\/merkur-internationale-fachhochschule-karlsruhe\">Merkur Internationale Fachhochschule Karlsruhe<\/a> | <a title=\"Naturwissenschaftlich-Technische Akademie Isny\" href=\"https:\/\/www.campuswerk.com\/Hochschulen-Deutschland\/private-hs\/private-hochschulen-baden-wurttemberg\/naturwissenschaftlich-technische-akademie-isny\">Naturwissenschaftlich-Technische Akademie Isny<\/a> | <a title=\"SRH Fernfachhochschule Riedlingen\" href=\"https:\/\/www.campuswerk.com\/Hochschulen-Deutschland\/private-hs\/private-hochschulen-baden-wurttemberg\/srh-fernfachhochschule-riedlingen\">SRH Fernfachhochschule Riedlingen<\/a> | <a title=\"SRH Hochschule Calw\" href=\"https:\/\/www.campuswerk.com\/Hochschulen-Deutschland\/private-hs\/private-hochschulen-baden-wurttemberg\/srh-hochschule-calw\">SRH Hochschule Calw<\/a> | <a title=\"Zeppelin Universit\u00e4t\" href=\"https:\/\/www.campuswerk.com\/Hochschulen-Deutschland\/universitaten\/universitateten-baden-wurttenberg\/zeppelin-universitat\">Zeppelin Universit\u00e4t<\/a><\/p>\n","protected":false},"excerpt":{"rendered":"<p>Kontakt Gustav-Siewerth-Akademie Oberbierbronnen 1 79809 Weilheim Telefon: +49 (0) 7755 364 E-Mail: Gustav-Siewerth-Akademie@t-online.de \u00d6ffnungszeiten: Internet: https:\/\/www.siewerth-akademie.de [wpmaps company=&#8220;Gustav-Siewerth-Akademie&#8220; street=&#8220;Oberbierbronnen 1&#8243; city=&#8220;79809 Weilheim&#8220;] \u00dcbersicht Studieng\u00e4nge Studieng\u00e4nge Bachlor Master Fernstudiengang Journalistik Katholische Theologie P\u00e4dagogik Philosophie Soziologie Weitere private Hochschulen Baden-W\u00fcrttemberg: AKAD Hochschule Stuttgart | Fachhochschule Schw\u00e4bisch Hall | Freie Hochschule f\u00fcr Grafik-Design und Bildende Kunst Freiburg | [&hellip;]<\/p>\n","protected":false},"author":1,"featured_media":0,"parent":329,"menu_order":0,"comment_status":"open","ping_status":"open","template":"","meta":{"footnotes":""},"class_list":["post-1489","page","type-page","status-publish","hentry"],"_links":{"self":[{"href":"https:\/\/www.campuswerk.com\/Hochschulen-Deutschland\/wp-json\/wp\/v2\/pages\/1489","targetHints":{"allow":["GET"]}}],"collection":[{"href":"https:\/\/www.campuswerk.com\/Hochschulen-Deutschland\/wp-json\/wp\/v2\/pages"}],"about":[{"href":"https:\/\/www.campuswerk.com\/Hochschulen-Deutschland\/wp-json\/wp\/v2\/types\/page"}],"author":[{"embeddable":true,"href":"https:\/\/www.campuswerk.com\/Hochschulen-Deutschland\/wp-json\/wp\/v2\/users\/1"}],"replies":[{"embeddable":true,"href":"https:\/\/www.campuswerk.com\/Hochschulen-Deutschland\/wp-json\/wp\/v2\/comments?post=1489"}],"version-history":[{"count":6,"href":"https:\/\/www.campuswerk.com\/Hochschulen-Deutschland\/wp-json\/wp\/v2\/pages\/1489\/revisions"}],"predecessor-version":[{"id":3323,"href":"https:\/\/www.campuswerk.com\/Hochschulen-Deutschland\/wp-json\/wp\/v2\/pages\/1489\/revisions\/3323"}],"up":[{"embeddable":true,"href":"https:\/\/www.campuswerk.com\/Hochschulen-Deutschland\/wp-json\/wp\/v2\/pages\/329"}],"wp:attachment":[{"href":"https:\/\/www.campuswerk.com\/Hochschulen-Deutschland\/wp-json\/wp\/v2\/media?parent=1489"}],"curies":[{"name":"wp","href":"https:\/\/api.w.org\/{rel}","templated":true}]}}