{"id":1487,"date":"2011-02-10T09:46:21","date_gmt":"2011-02-10T09:46:21","guid":{"rendered":"http:\/\/www.campuswerk.com\/Hochschulen-Deutschland"},"modified":"2022-05-10T20:52:00","modified_gmt":"2022-05-10T20:52:00","slug":"german-graduate-school-of-management-and-law","status":"publish","type":"page","link":"https:\/\/www.campuswerk.com\/Hochschulen-Deutschland\/private-hs\/private-hochschulen-baden-wurttemberg\/german-graduate-school-of-management-and-law","title":{"rendered":"German Graduate School of Management and Law"},"content":{"rendered":"<h4>Kontakt<\/h4>\n<div class=\"adresse\">\n<ul>\n<li>German Graduate School of Management and Law<\/li>\n<li>Bahnhofstra\u00dfe 1<\/li>\n<li>74072 Heilbronn<\/li>\n<li>Telefon: +49 (0) 7131 645 636 17<\/li>\n<li>E-Mail: info@ggs.de<\/li>\n<li>\u00d6ffnungszeiten:<\/li>\n<li>Internet: <a title=\"German Graduate School of Management and Law\" href=\"https:\/\/www.ggs.de\">https:\/\/www.ggs.de<\/a><\/li>\n<\/ul>\n<\/div>\n<pre>[wpmaps company=\"German Graduate School of Management and Law\" street=\"Bahnhofstra\u00dfe 1\" city=\"74072 Heilbronn\"]<\/pre>\n<h5>\u00dcbersicht Studieng\u00e4nge<\/h5>\n<table border=\"0\" width=\"840\" cellpadding=\"0\">\n<tbody>\n<tr>\n<td class=\"tstyle\" width=\"40%\">Studieng\u00e4nge<\/td>\n<td class=\"tstyle\" align=\"center\" width=\"20%\">Bachlor<\/td>\n<td class=\"tstyle\" align=\"center\" width=\"20%\">Master<\/td>\n<td class=\"tstyle\" align=\"center\" width=\"20%\">Fernstudiengang<\/td>\n<\/tr>\n<tr>\n<td>Business Law<\/td>\n<td align=\"center\"><\/td>\n<td align=\"center\">M<\/td>\n<td align=\"center\"><\/td>\n<\/tr>\n<tr>\n<td>MBA General Management<\/td>\n<td align=\"center\"><\/td>\n<td align=\"center\">M<\/td>\n<td align=\"center\"><\/td>\n<\/tr>\n<tr>\n<td>The Leeds MSc in Business Management<\/td>\n<td align=\"center\"><\/td>\n<td align=\"center\">M<\/td>\n<td align=\"center\"><\/td>\n<\/tr>\n<\/tbody>\n<\/table>\n<p>Weitere private Hochschulen Baden-W\u00fcrttemberg: <a title=\"AKAD Hochschule Stuttgart\" href=\"https:\/\/www.campuswerk.com\/Hochschulen-Deutschland\/private-hs\/private-hochschulen-baden-wurttemberg\/kad-fachhochschulen\">AKAD Hochschule Stuttgart<\/a> | <a title=\"Fachhochschule Schw\u00e4bisch Hall\" href=\"https:\/\/www.campuswerk.com\/Hochschulen-Deutschland\/private-hs\/private-hochschulen-baden-wurttemberg\/fachhochschule-schwabisch-hall\">Fachhochschule Schw\u00e4bisch Hall<\/a> | <a title=\"Freie Hochschule f\u00fcr Grafik-Design und Bildende Kunst Freiburg\" href=\"https:\/\/www.campuswerk.com\/Hochschulen-Deutschland\/private-hs\/private-hochschulen-baden-wurttemberg\/freie-hochschule-fur-grafik-design-und-bildende-kunst-freiburg\">Freie Hochschule f\u00fcr Grafik-Design und Bildende Kunst Freiburg<\/a> | <a title=\"Freie Hochschule Stuttgart\" href=\"https:\/\/www.campuswerk.com\/Hochschulen-Deutschland\/private-hs\/private-hochschulen-baden-wurttemberg\/freie-hochschule-stuttgart\">Freie Hochschule Stuttgart<\/a> | <a title=\"Gustav-Siewerth-Akademie\" href=\"https:\/\/www.campuswerk.com\/Hochschulen-Deutschland\/private-hs\/private-hochschulen-baden-wurttemberg\/gustav-siewerth-akademie\">Gustav-Siewerth-Akademie<\/a> | <a title=\"Merkur Internationale Fachhochschule Karlsruhe\" href=\"https:\/\/www.campuswerk.com\/Hochschulen-Deutschland\/private-hs\/private-hochschulen-baden-wurttemberg\/merkur-internationale-fachhochschule-karlsruhe\">Merkur Internationale Fachhochschule Karlsruhe<\/a> | <a title=\"Naturwissenschaftlich-Technische Akademie Isny\" href=\"https:\/\/www.campuswerk.com\/Hochschulen-Deutschland\/private-hs\/private-hochschulen-baden-wurttemberg\/naturwissenschaftlich-technische-akademie-isny\">Naturwissenschaftlich-Technische Akademie Isny<\/a> | <a title=\"SRH Fernfachhochschule Riedlingen\" href=\"https:\/\/www.campuswerk.com\/Hochschulen-Deutschland\/private-hs\/private-hochschulen-baden-wurttemberg\/srh-fernfachhochschule-riedlingen\">SRH Fernfachhochschule Riedlingen<\/a> | <a title=\"SRH Hochschule Calw\" href=\"https:\/\/www.campuswerk.com\/Hochschulen-Deutschland\/private-hs\/private-hochschulen-baden-wurttemberg\/srh-hochschule-calw\">SRH Hochschule Calw<\/a> | <a title=\"Zeppelin Universit\u00e4t\" href=\"https:\/\/www.campuswerk.com\/Hochschulen-Deutschland\/universitaten\/universitateten-baden-wurttenberg\/zeppelin-universitat\">Zeppelin Universit\u00e4t<\/a><\/p>\n","protected":false},"excerpt":{"rendered":"<p>Kontakt German Graduate School of Management and Law Bahnhofstra\u00dfe 1 74072 Heilbronn Telefon: +49 (0) 7131 645 636 17 E-Mail: info@ggs.de \u00d6ffnungszeiten: Internet: https:\/\/www.ggs.de [wpmaps company=&#8220;German Graduate School of Management and Law&#8220; street=&#8220;Bahnhofstra\u00dfe 1&#8243; city=&#8220;74072 Heilbronn&#8220;] \u00dcbersicht Studieng\u00e4nge Studieng\u00e4nge Bachlor Master Fernstudiengang Business Law M MBA General Management M The Leeds MSc in Business Management [&hellip;]<\/p>\n","protected":false},"author":1,"featured_media":0,"parent":329,"menu_order":0,"comment_status":"open","ping_status":"open","template":"","meta":{"footnotes":""},"class_list":["post-1487","page","type-page","status-publish","hentry"],"_links":{"self":[{"href":"https:\/\/www.campuswerk.com\/Hochschulen-Deutschland\/wp-json\/wp\/v2\/pages\/1487","targetHints":{"allow":["GET"]}}],"collection":[{"href":"https:\/\/www.campuswerk.com\/Hochschulen-Deutschland\/wp-json\/wp\/v2\/pages"}],"about":[{"href":"https:\/\/www.campuswerk.com\/Hochschulen-Deutschland\/wp-json\/wp\/v2\/types\/page"}],"author":[{"embeddable":true,"href":"https:\/\/www.campuswerk.com\/Hochschulen-Deutschland\/wp-json\/wp\/v2\/users\/1"}],"replies":[{"embeddable":true,"href":"https:\/\/www.campuswerk.com\/Hochschulen-Deutschland\/wp-json\/wp\/v2\/comments?post=1487"}],"version-history":[{"count":3,"href":"https:\/\/www.campuswerk.com\/Hochschulen-Deutschland\/wp-json\/wp\/v2\/pages\/1487\/revisions"}],"predecessor-version":[{"id":3002,"href":"https:\/\/www.campuswerk.com\/Hochschulen-Deutschland\/wp-json\/wp\/v2\/pages\/1487\/revisions\/3002"}],"up":[{"embeddable":true,"href":"https:\/\/www.campuswerk.com\/Hochschulen-Deutschland\/wp-json\/wp\/v2\/pages\/329"}],"wp:attachment":[{"href":"https:\/\/www.campuswerk.com\/Hochschulen-Deutschland\/wp-json\/wp\/v2\/media?parent=1487"}],"curies":[{"name":"wp","href":"https:\/\/api.w.org\/{rel}","templated":true}]}}