{"id":1481,"date":"2011-02-10T09:43:34","date_gmt":"2011-02-10T09:43:34","guid":{"rendered":"http:\/\/www.campuswerk.com\/Hochschulen-Deutschland"},"modified":"2022-05-10T19:57:41","modified_gmt":"2022-05-10T19:57:41","slug":"fachhochschule-schwabisch-hall","status":"publish","type":"page","link":"https:\/\/www.campuswerk.com\/Hochschulen-Deutschland\/private-hs\/private-hochschulen-baden-wurttemberg\/fachhochschule-schwabisch-hall","title":{"rendered":"Fachhochschule Schw\u00e4bisch Hall"},"content":{"rendered":"<h4>Kontakt<\/h4>\n<div class=\"adresse\">\n<ul>\n<li>Fachhochschule Schw\u00e4bisch Hall &#8211; Hochschule f\u00fcr Gestaltung<\/li>\n<li>Salinenstra\u00dfe 2<\/li>\n<li>74523 Schw\u00e4bisch Hall<\/li>\n<li>Telefon: +49 (0) 791 85 655 0<\/li>\n<li>E-Mail: info@fhsh.de<\/li>\n<li>\u00d6ffnungszeiten: Mo-Do 8.30-12.30 und 14-17, Fr 8.30-12.30<\/li>\n<li>Internet: <a title=\"Fachhochschule Schw\u00e4bisch Hall\" href=\"https:\/\/fhsh.de\">https:\/\/fhsh.de<\/a><\/li>\n<\/ul>\n<\/div>\n<pre>[wpmaps company=\"Fachhochschule Schw\u00e4bisch Hall - Hochschule f\u00fcr Gestaltung\" street=\"Salinenstra\u00dfe 2\" city=\"74523 Schw\u00e4bisch Hall\"]<\/pre>\n<h5>\u00dcbersicht Studieng\u00e4nge<\/h5>\n<table border=\"0\" width=\"840\" cellpadding=\"0\">\n<tbody>\n<tr>\n<td class=\"tstyle\" width=\"40%\">Studieng\u00e4nge<\/td>\n<td class=\"tstyle\" align=\"center\" width=\"20%\">Bachlor<\/td>\n<td class=\"tstyle\" align=\"center\" width=\"20%\">Master<\/td>\n<td class=\"tstyle\" align=\"center\" width=\"20%\">Fernstudiengang<\/td>\n<\/tr>\n<tr>\n<td>Kulturgestaltung<\/td>\n<td align=\"center\">B<\/td>\n<td align=\"center\"><\/td>\n<td align=\"center\"><\/td>\n<\/tr>\n<tr>\n<td>Mediendesign<\/td>\n<td align=\"center\">B<\/td>\n<td align=\"center\"><\/td>\n<td align=\"center\"><\/td>\n<\/tr>\n<\/tbody>\n<\/table>\n<p>Weitere private Hochschulen Baden-W\u00fcrttemberg: <a title=\"AKAD Hochschule Stuttgart\" href=\"https:\/\/www.campuswerk.com\/Hochschulen-Deutschland\/private-hs\/private-hochschulen-baden-wurttemberg\/kad-fachhochschulen\">AKAD Hochschule Stuttgart<\/a> | <a title=\"Freie Hochschule f\u00fcr Grafik-Design und Bildende Kunst Freiburg\" href=\"https:\/\/www.campuswerk.com\/Hochschulen-Deutschland\/private-hs\/private-hochschulen-baden-wurttemberg\/freie-hochschule-fur-grafik-design-und-bildende-kunst-freiburg\">Freie Hochschule f\u00fcr Grafik-Design und Bildende Kunst Freiburg<\/a> | <a title=\"Freie Hochschule Stuttgart\" href=\"https:\/\/www.campuswerk.com\/Hochschulen-Deutschland\/private-hs\/private-hochschulen-baden-wurttemberg\/freie-hochschule-stuttgart\">Freie Hochschule Stuttgart<\/a> | <a title=\"German Graduate School of Management and Law\" href=\"https:\/\/www.campuswerk.com\/Hochschulen-Deutschland\/private-hs\/private-hochschulen-baden-wurttemberg\/german-graduate-school-of-management-and-law\">German Graduate School of Management and Law<\/a> | <a title=\"Gustav-Siewerth-Akademie\" href=\"https:\/\/www.campuswerk.com\/Hochschulen-Deutschland\/private-hs\/private-hochschulen-baden-wurttemberg\/gustav-siewerth-akademie\">Gustav-Siewerth-Akademie<\/a> | <a title=\"Merkur Internationale Fachhochschule Karlsruhe\" href=\"https:\/\/www.campuswerk.com\/Hochschulen-Deutschland\/private-hs\/private-hochschulen-baden-wurttemberg\/merkur-internationale-fachhochschule-karlsruhe\">Merkur Internationale Fachhochschule Karlsruhe<\/a> | <a title=\"Naturwissenschaftlich-Technische Akademie Isny\" href=\"https:\/\/www.campuswerk.com\/Hochschulen-Deutschland\/private-hs\/private-hochschulen-baden-wurttemberg\/naturwissenschaftlich-technische-akademie-isny\">Naturwissenschaftlich-Technische Akademie Isny<\/a> | <a title=\"SRH Fernfachhochschule Riedlingen\" href=\"https:\/\/www.campuswerk.com\/Hochschulen-Deutschland\/private-hs\/private-hochschulen-baden-wurttemberg\/srh-fernfachhochschule-riedlingen\">SRH Fernfachhochschule Riedlingen<\/a> | <a title=\"SRH Hochschule Calw\" href=\"https:\/\/www.campuswerk.com\/Hochschulen-Deutschland\/private-hs\/private-hochschulen-baden-wurttemberg\/srh-hochschule-calw\">SRH Hochschule Calw<\/a> | <a title=\"Zeppelin Universit\u00e4t\" href=\"https:\/\/www.campuswerk.com\/Hochschulen-Deutschland\/universitaten\/universitateten-baden-wurttenberg\/zeppelin-universitat\">Zeppelin Universit\u00e4t<\/a><\/p>\n","protected":false},"excerpt":{"rendered":"<p>Kontakt Fachhochschule Schw\u00e4bisch Hall &#8211; Hochschule f\u00fcr Gestaltung Salinenstra\u00dfe 2 74523 Schw\u00e4bisch Hall Telefon: +49 (0) 791 85 655 0 E-Mail: info@fhsh.de \u00d6ffnungszeiten: Mo-Do 8.30-12.30 und 14-17, Fr 8.30-12.30 Internet: https:\/\/fhsh.de [wpmaps company=&#8220;Fachhochschule Schw\u00e4bisch Hall &#8211; Hochschule f\u00fcr Gestaltung&#8220; street=&#8220;Salinenstra\u00dfe 2&#8243; city=&#8220;74523 Schw\u00e4bisch Hall&#8220;] \u00dcbersicht Studieng\u00e4nge Studieng\u00e4nge Bachlor Master Fernstudiengang Kulturgestaltung B Mediendesign B Weitere [&hellip;]<\/p>\n","protected":false},"author":1,"featured_media":0,"parent":329,"menu_order":0,"comment_status":"open","ping_status":"open","template":"","meta":{"footnotes":""},"class_list":["post-1481","page","type-page","status-publish","hentry"],"_links":{"self":[{"href":"https:\/\/www.campuswerk.com\/Hochschulen-Deutschland\/wp-json\/wp\/v2\/pages\/1481","targetHints":{"allow":["GET"]}}],"collection":[{"href":"https:\/\/www.campuswerk.com\/Hochschulen-Deutschland\/wp-json\/wp\/v2\/pages"}],"about":[{"href":"https:\/\/www.campuswerk.com\/Hochschulen-Deutschland\/wp-json\/wp\/v2\/types\/page"}],"author":[{"embeddable":true,"href":"https:\/\/www.campuswerk.com\/Hochschulen-Deutschland\/wp-json\/wp\/v2\/users\/1"}],"replies":[{"embeddable":true,"href":"https:\/\/www.campuswerk.com\/Hochschulen-Deutschland\/wp-json\/wp\/v2\/comments?post=1481"}],"version-history":[{"count":3,"href":"https:\/\/www.campuswerk.com\/Hochschulen-Deutschland\/wp-json\/wp\/v2\/pages\/1481\/revisions"}],"predecessor-version":[{"id":2857,"href":"https:\/\/www.campuswerk.com\/Hochschulen-Deutschland\/wp-json\/wp\/v2\/pages\/1481\/revisions\/2857"}],"up":[{"embeddable":true,"href":"https:\/\/www.campuswerk.com\/Hochschulen-Deutschland\/wp-json\/wp\/v2\/pages\/329"}],"wp:attachment":[{"href":"https:\/\/www.campuswerk.com\/Hochschulen-Deutschland\/wp-json\/wp\/v2\/media?parent=1481"}],"curies":[{"name":"wp","href":"https:\/\/api.w.org\/{rel}","templated":true}]}}