{"id":1396,"date":"2011-02-10T08:17:59","date_gmt":"2011-02-10T08:17:59","guid":{"rendered":"http:\/\/www.campuswerk.com\/Hochschulen-Deutschland"},"modified":"2022-05-11T07:03:09","modified_gmt":"2022-05-11T07:03:09","slug":"school-of-management","status":"publish","type":"page","link":"https:\/\/www.campuswerk.com\/Hochschulen-Deutschland\/hochschulen\/hochschulen-rheinland-pfalz\/school-of-management","title":{"rendered":"WHU\u2013Otto Beisheim School of Management"},"content":{"rendered":"<h4>Kontakt<\/h4>\n<div class=\"adresse\">\n<ul>\n<li>WHU &#8211; Otto Beisheim School of Management<\/li>\n<li>Burgplatz 2<\/li>\n<li>56179 Vallendar<\/li>\n<li>Telefon: +49 (0) 261 65 09 0<\/li>\n<li>E-Mail: whu@whu.edu<\/li>\n<li>\u00d6ffnungszeiten:<\/li>\n<li>Internet: <a title=\"WHU - Otto Beisheim School of Management\" href=\"https:\/\/www.whu.edu\/de\/\">https:\/\/www.whu.edu<\/a><\/li>\n<\/ul>\n<\/div>\n<pre>[wpmaps company=\"WHU - Otto Beisheim School of Management\" street=\"Burgplatz 2\" city=\"56179 Vallendar\"]<\/pre>\n<h5>\u00dcbersicht Studieng\u00e4nge<\/h5>\n<table border=\"0\" width=\"840\" cellpadding=\"0\">\n<tbody>\n<tr>\n<td class=\"tstyle\" width=\"40%\">Studieng\u00e4nge<\/td>\n<td class=\"tstyle\" align=\"center\" width=\"20%\">Bachlor<\/td>\n<td class=\"tstyle\" align=\"center\" width=\"20%\">Master<\/td>\n<td class=\"tstyle\" align=\"center\" width=\"20%\">Fernstudiengang<\/td>\n<\/tr>\n<tr>\n<td>BWL &#8211; Allgemeines Management<\/td>\n<td align=\"center\">B<\/td>\n<td align=\"center\">M<\/td>\n<td align=\"center\"><\/td>\n<\/tr>\n<tr>\n<td>BWL &#8211; Internationales Management<\/td>\n<td align=\"center\">B<\/td>\n<td align=\"center\">M<\/td>\n<td align=\"center\"><\/td>\n<\/tr>\n<tr>\n<td>Executive MBA<\/td>\n<td align=\"center\"><\/td>\n<td align=\"center\">M<\/td>\n<td align=\"center\"><\/td>\n<\/tr>\n<tr>\n<td>Law and Business<\/td>\n<td align=\"center\"><\/td>\n<td align=\"center\">M<\/td>\n<td align=\"center\"><\/td>\n<\/tr>\n<tr>\n<td>Management<\/td>\n<td align=\"center\">B<\/td>\n<td align=\"center\">M<\/td>\n<td align=\"center\"><\/td>\n<\/tr>\n<tr>\n<td>Master of Business Administration (berufsbegleitend)<\/td>\n<td align=\"center\"><\/td>\n<td align=\"center\">M<\/td>\n<td align=\"center\"><\/td>\n<\/tr>\n<tr>\n<td>Master of Business Administration (MBA)<\/td>\n<td align=\"center\"><\/td>\n<td align=\"center\">M<\/td>\n<td align=\"center\"><\/td>\n<\/tr>\n<tr>\n<td>Part-time MBA<\/td>\n<td align=\"center\"><\/td>\n<td align=\"center\">M<\/td>\n<td align=\"center\"><\/td>\n<\/tr>\n<\/tbody>\n<\/table>\n<p>Weitere Hochschulen in Rheinland Pfalz: Deutsche Hochschule f\u00fcr Verwaltungswissenschaften Speyer | Fachhochschule Bingen | Fachhochschule der Deutschen Bundesbank<\/p>\n","protected":false},"excerpt":{"rendered":"<p>Kontakt WHU &#8211; Otto Beisheim School of Management Burgplatz 2 56179 Vallendar Telefon: +49 (0) 261 65 09 0 E-Mail: whu@whu.edu \u00d6ffnungszeiten: Internet: https:\/\/www.whu.edu [wpmaps company=&#8220;WHU &#8211; Otto Beisheim School of Management&#8220; street=&#8220;Burgplatz 2&#8243; city=&#8220;56179 Vallendar&#8220;] \u00dcbersicht Studieng\u00e4nge Studieng\u00e4nge Bachlor Master Fernstudiengang BWL &#8211; Allgemeines Management B M BWL &#8211; Internationales Management B M Executive [&hellip;]<\/p>\n","protected":false},"author":1,"featured_media":0,"parent":460,"menu_order":0,"comment_status":"open","ping_status":"open","template":"","meta":{"footnotes":""},"class_list":["post-1396","page","type-page","status-publish","hentry"],"_links":{"self":[{"href":"https:\/\/www.campuswerk.com\/Hochschulen-Deutschland\/wp-json\/wp\/v2\/pages\/1396","targetHints":{"allow":["GET"]}}],"collection":[{"href":"https:\/\/www.campuswerk.com\/Hochschulen-Deutschland\/wp-json\/wp\/v2\/pages"}],"about":[{"href":"https:\/\/www.campuswerk.com\/Hochschulen-Deutschland\/wp-json\/wp\/v2\/types\/page"}],"author":[{"embeddable":true,"href":"https:\/\/www.campuswerk.com\/Hochschulen-Deutschland\/wp-json\/wp\/v2\/users\/1"}],"replies":[{"embeddable":true,"href":"https:\/\/www.campuswerk.com\/Hochschulen-Deutschland\/wp-json\/wp\/v2\/comments?post=1396"}],"version-history":[{"count":5,"href":"https:\/\/www.campuswerk.com\/Hochschulen-Deutschland\/wp-json\/wp\/v2\/pages\/1396\/revisions"}],"predecessor-version":[{"id":3290,"href":"https:\/\/www.campuswerk.com\/Hochschulen-Deutschland\/wp-json\/wp\/v2\/pages\/1396\/revisions\/3290"}],"up":[{"embeddable":true,"href":"https:\/\/www.campuswerk.com\/Hochschulen-Deutschland\/wp-json\/wp\/v2\/pages\/460"}],"wp:attachment":[{"href":"https:\/\/www.campuswerk.com\/Hochschulen-Deutschland\/wp-json\/wp\/v2\/media?parent=1396"}],"curies":[{"name":"wp","href":"https:\/\/api.w.org\/{rel}","templated":true}]}}