{"id":1390,"date":"2011-02-10T08:15:42","date_gmt":"2011-02-10T08:15:42","guid":{"rendered":"http:\/\/www.campuswerk.com\/Hochschulen-Deutschland"},"modified":"2011-09-21T09:51:00","modified_gmt":"2011-09-21T09:51:00","slug":"fachhochschule-mainz","status":"publish","type":"page","link":"https:\/\/www.campuswerk.com\/Hochschulen-Deutschland\/hochschulen\/hochschulen-rheinland-pfalz\/fachhochschule-mainz","title":{"rendered":"Fachhochschule Mainz"},"content":{"rendered":"<h4>Kontakt<\/h4>\n<div class=\"adresse\">\n<ul>\n<li>Fachhochschule Mainz \u2013 Hochschule f\u00fcr Technik, Gestaltung, Wirtschaft<\/li>\n<li>Lucy-Hillebrand-Str. 2<\/li>\n<li>55128 Mainz<\/li>\n<li>Telefon: +49 (0) 6131 628 7380<\/li>\n<li>E-Mail: studierendenbuero@fh-mainz.de<\/li>\n<li>\u00d6ffnungszeiten: Mo-Fr 9-12, Do 14-16<\/li>\n<li>Internet: <a title=\"Fachhochschule Trier - Hochschule f\u00fcr Technik, Wirtschaft und Gestaltung\" href=\"http:\/\/www.fh-mainz.de\">http:\/\/www.fh-mainz.de<\/a><\/li>\n<\/ul>\n<\/div>\n<p>\u00a0<\/p>\n<pre>[wpmaps company=\"Fachhochschule Mainz \u2013 Hochschule f\u00fcr Technik, Gestaltung, Wirtschaft\" street=\"Lucy-Hillebrand-Str. 2\" city=\"55128 Mainz\"]<\/pre>\n<h5>\u00dcbersicht Studieng\u00e4nge<\/h5>\n<table border=\"0\" cellpadding=\"0\" width=\"840\">\n<tbody>\n<tr>\n<td class=\"tstyle\" width=\"40%\">Studieng\u00e4nge<\/td>\n<td class=\"tstyle\" width=\"20%\" align=\"center\">Bachlor<\/td>\n<td class=\"tstyle\" width=\"20%\" align=\"center\">Master<\/td>\n<td class=\"tstyle\" width=\"20%\" align=\"center\">Fernstudiengang<\/td>\n<\/tr>\n<tr>\n<td>Architektur<\/td>\n<td align=\"center\">B<\/td>\n<td align=\"center\">\u00a0<\/td>\n<td align=\"center\">\u00a0<\/td>\n<\/tr>\n<tr>\n<td>Architektur &#8211; Wohnen: Bestand + Entwicklung<\/td>\n<td align=\"center\">\u00a0<\/td>\n<td align=\"center\">M<\/td>\n<td align=\"center\">\u00a0<\/td>\n<\/tr>\n<tr>\n<td>Architektur mit integrierter Praxis (Teilzeit)<\/td>\n<td align=\"center\">B<\/td>\n<td align=\"center\">\u00a0<\/td>\n<td align=\"center\">\u00a0<\/td>\n<\/tr>\n<tr>\n<td>Bauingenieurwesen<\/td>\n<td align=\"center\">B<\/td>\n<td align=\"center\">M<\/td>\n<td align=\"center\">\u00a0<\/td>\n<\/tr>\n<tr>\n<td>Betriebswirtschaftslehre<\/td>\n<td align=\"center\">B<\/td>\n<td align=\"center\">M<\/td>\n<td align=\"center\">\u00a0<\/td>\n<\/tr>\n<tr>\n<td>Betriebswirtschaftslehre (dual)<\/td>\n<td align=\"center\">B<\/td>\n<td align=\"center\">\u00a0<\/td>\n<td align=\"center\">\u00a0<\/td>\n<\/tr>\n<tr>\n<td>Business Administration<\/td>\n<td align=\"center\">\u00a0<\/td>\n<td align=\"center\">M<\/td>\n<td align=\"center\">\u00a0<\/td>\n<\/tr>\n<tr>\n<td>Business Law<\/td>\n<td align=\"center\">\u00a0<\/td>\n<td align=\"center\">M<\/td>\n<td align=\"center\">\u00a0<\/td>\n<\/tr>\n<tr>\n<td>Geoinformatik (berufsbegleitend)<\/td>\n<td align=\"center\">\u00a0<\/td>\n<td align=\"center\">M<\/td>\n<td align=\"center\">\u00a0<\/td>\n<\/tr>\n<tr>\n<td>Geoinformatik und Vermessung<\/td>\n<td align=\"center\">B<\/td>\n<td align=\"center\">M<\/td>\n<td align=\"center\">\u00a0<\/td>\n<\/tr>\n<tr>\n<td>Gutenberg Intermedia<\/td>\n<td align=\"center\">\u00a0<\/td>\n<td align=\"center\">M<\/td>\n<td align=\"center\">\u00a0<\/td>\n<\/tr>\n<tr>\n<td>Immobilienprojektmanagement<\/td>\n<td align=\"center\">\u00a0<\/td>\n<td align=\"center\">M<\/td>\n<td align=\"center\">\u00a0<\/td>\n<\/tr>\n<tr>\n<td>Innenarchitektur<\/td>\n<td align=\"center\">B<\/td>\n<td align=\"center\">\u00a0<\/td>\n<td align=\"center\">\u00a0<\/td>\n<\/tr>\n<tr>\n<td>International Business<\/td>\n<td align=\"center\">\u00a0<\/td>\n<td align=\"center\">M<\/td>\n<td align=\"center\">\u00a0<\/td>\n<\/tr>\n<tr>\n<td>Internationales Bauingenieurwesen<\/td>\n<td align=\"center\">B<\/td>\n<td align=\"center\">\u00a0<\/td>\n<td align=\"center\">\u00a0<\/td>\n<\/tr>\n<tr>\n<td>IT Management<\/td>\n<td align=\"center\">\u00a0<\/td>\n<td align=\"center\">M<\/td>\n<td align=\"center\">\u00a0<\/td>\n<\/tr>\n<tr>\n<td>Kommunikation im Raum<\/td>\n<td align=\"center\">\u00a0<\/td>\n<td align=\"center\">M<\/td>\n<td align=\"center\">\u00a0<\/td>\n<\/tr>\n<tr>\n<td>Kommunikationsdesign<\/td>\n<td align=\"center\">B<\/td>\n<td align=\"center\">\u00a0<\/td>\n<td align=\"center\">\u00a0<\/td>\n<\/tr>\n<tr>\n<td>Management<\/td>\n<td align=\"center\">\u00a0<\/td>\n<td align=\"center\">M<\/td>\n<td align=\"center\">\u00a0<\/td>\n<\/tr>\n<tr>\n<td>Management (dual)<\/td>\n<td align=\"center\">\u00a0<\/td>\n<td align=\"center\">M<\/td>\n<td align=\"center\">\u00a0<\/td>\n<\/tr>\n<tr>\n<td>Medien, Management &amp; IT (mmi) (dual)<\/td>\n<td align=\"center\">B<\/td>\n<td align=\"center\">\u00a0<\/td>\n<td align=\"center\">\u00a0<\/td>\n<\/tr>\n<tr>\n<td>ProduktRaum<\/td>\n<td align=\"center\">\u00a0<\/td>\n<td align=\"center\">M<\/td>\n<td align=\"center\">\u00a0<\/td>\n<\/tr>\n<tr>\n<td>Public Private Partnership (berufsbegleitend)<\/td>\n<td align=\"center\">\u00a0<\/td>\n<td align=\"center\">M<\/td>\n<td align=\"center\">\u00a0<\/td>\n<\/tr>\n<tr>\n<td>Taxation \/ Auditing (berufsbegleitend)<\/td>\n<td align=\"center\">\u00a0<\/td>\n<td align=\"center\">M<\/td>\n<td align=\"center\">\u00a0<\/td>\n<\/tr>\n<tr>\n<td>Technisches Geb\u00e4udemanagement<\/td>\n<td align=\"center\">B<\/td>\n<td align=\"center\">M<\/td>\n<td align=\"center\">\u00a0<\/td>\n<\/tr>\n<tr>\n<td>Wirtschaftsinformatik (dual)<\/td>\n<td align=\"center\">B<\/td>\n<td align=\"center\">\u00a0<\/td>\n<td align=\"center\">\u00a0<\/td>\n<\/tr>\n<tr>\n<td>Wirtschaftsrecht<\/td>\n<td align=\"center\">B<\/td>\n<td align=\"center\">M<\/td>\n<td align=\"center\">\u00a0<\/td>\n<\/tr>\n<tr>\n<td>Zeitbasierte Medien<\/td>\n<td align=\"center\">B<\/td>\n<td align=\"center\">M<\/td>\n<td align=\"center\">\u00a0<\/td>\n<\/tr>\n<\/tbody>\n<\/table>\n<p>\u00a0<\/p>\n<p>Weitere Hochschulen in Rheinland Pfalz: Fachhochschule Trier | Philosophisch-Theologische Hochschule Vallendar | WHU\u2013Otto Beisheim School of Management<\/p>\n","protected":false},"excerpt":{"rendered":"<p>Kontakt Fachhochschule Mainz \u2013 Hochschule f\u00fcr Technik, Gestaltung, Wirtschaft Lucy-Hillebrand-Str. 2 55128 Mainz Telefon: +49 (0) 6131 628 7380 E-Mail: studierendenbuero@fh-mainz.de \u00d6ffnungszeiten: Mo-Fr 9-12, Do 14-16 Internet: http:\/\/www.fh-mainz.de \u00a0 [wpmaps company=&#8220;Fachhochschule Mainz \u2013 Hochschule f\u00fcr Technik, Gestaltung, Wirtschaft&#8220; street=&#8220;Lucy-Hillebrand-Str. 2&#8243; city=&#8220;55128 Mainz&#8220;] \u00dcbersicht Studieng\u00e4nge Studieng\u00e4nge Bachlor Master Fernstudiengang Architektur B \u00a0 \u00a0 Architektur &#8211; Wohnen: [&hellip;]<\/p>\n","protected":false},"author":1,"featured_media":0,"parent":460,"menu_order":0,"comment_status":"open","ping_status":"open","template":"","meta":{"footnotes":""},"class_list":["post-1390","page","type-page","status-publish","hentry"],"_links":{"self":[{"href":"https:\/\/www.campuswerk.com\/Hochschulen-Deutschland\/wp-json\/wp\/v2\/pages\/1390","targetHints":{"allow":["GET"]}}],"collection":[{"href":"https:\/\/www.campuswerk.com\/Hochschulen-Deutschland\/wp-json\/wp\/v2\/pages"}],"about":[{"href":"https:\/\/www.campuswerk.com\/Hochschulen-Deutschland\/wp-json\/wp\/v2\/types\/page"}],"author":[{"embeddable":true,"href":"https:\/\/www.campuswerk.com\/Hochschulen-Deutschland\/wp-json\/wp\/v2\/users\/1"}],"replies":[{"embeddable":true,"href":"https:\/\/www.campuswerk.com\/Hochschulen-Deutschland\/wp-json\/wp\/v2\/comments?post=1390"}],"version-history":[{"count":4,"href":"https:\/\/www.campuswerk.com\/Hochschulen-Deutschland\/wp-json\/wp\/v2\/pages\/1390\/revisions"}],"predecessor-version":[{"id":2620,"href":"https:\/\/www.campuswerk.com\/Hochschulen-Deutschland\/wp-json\/wp\/v2\/pages\/1390\/revisions\/2620"}],"up":[{"embeddable":true,"href":"https:\/\/www.campuswerk.com\/Hochschulen-Deutschland\/wp-json\/wp\/v2\/pages\/460"}],"wp:attachment":[{"href":"https:\/\/www.campuswerk.com\/Hochschulen-Deutschland\/wp-json\/wp\/v2\/media?parent=1390"}],"curies":[{"name":"wp","href":"https:\/\/api.w.org\/{rel}","templated":true}]}}