{"id":1388,"date":"2011-02-10T08:14:46","date_gmt":"2011-02-10T08:14:46","guid":{"rendered":"http:\/\/www.campuswerk.com\/Hochschulen-Deutschland"},"modified":"2011-07-26T13:17:54","modified_gmt":"2011-07-26T13:17:54","slug":"fachhochschule-ludwigshafen","status":"publish","type":"page","link":"https:\/\/www.campuswerk.com\/Hochschulen-Deutschland\/hochschulen\/hochschulen-rheinland-pfalz\/fachhochschule-ludwigshafen","title":{"rendered":"Fachhochschule Ludwigshafen"},"content":{"rendered":"<h4>Kontakt<\/h4>\n<div class=\"adresse\">\n<ul>\n<li>Fachhochschule Ludwigshafen<\/li>\n<li>Ernst-Boehe-Stra\u00dfe 4<\/li>\n<li>67059 Ludwigshafen<\/li>\n<li>Telefon: +49 (0) 625 5203 130<\/li>\n<li>E-Mail: studsek@fh-ludwigshafen.de<\/li>\n<li>\u00d6ffnungszeiten: Mo-Fr 9.30-12 (au\u00dfer Mi)<\/li>\n<li>Internet: <a title=\"Fachhochschule Ludwigshafen\" href=\"http:\/\/web.fh-ludwigshafen.de\">http:\/\/web.fh-ludwigshafen.de<\/a><\/li>\n<\/ul>\n<\/div>\n<p>\u00a0<\/p>\n<pre>[wpmaps company=\"Fachhochschule Ludwigshafen\" street=\"Ernst-Boehe-Stra\u00dfe 4\" city=\"67059 Ludwigshafen\"]<\/pre>\n<h5>\u00dcbersicht Studieng\u00e4nge<\/h5>\n<table border=\"0\" cellpadding=\"0\" width=\"840\">\n<tbody>\n<tr>\n<td class=\"tstyle\" width=\"40%\">Studieng\u00e4nge<\/td>\n<td class=\"tstyle\" width=\"20%\" align=\"center\">Bachlor<\/td>\n<td class=\"tstyle\" width=\"20%\" align=\"center\">Master<\/td>\n<td class=\"tstyle\" width=\"20%\" align=\"center\">Fernstudiengang<\/td>\n<\/tr>\n<tr>\n<td>Betriebswirtschaftliche Steuerlehre und Wirtschaftspr\u00fcfung<\/td>\n<td align=\"center\">B<\/td>\n<td align=\"center\">\u00a0<\/td>\n<td align=\"center\">\u00a0<\/td>\n<\/tr>\n<tr>\n<td>Business Information Systems<\/td>\n<td align=\"center\">\u00a0<\/td>\n<td align=\"center\">M<\/td>\n<td align=\"center\">\u00a0<\/td>\n<\/tr>\n<tr>\n<td>Controlling<\/td>\n<td align=\"center\">\u00a0<\/td>\n<td align=\"center\">M<\/td>\n<td align=\"center\">\u00a0<\/td>\n<\/tr>\n<tr>\n<td>Controlling Management and Information (CMI)<\/td>\n<td align=\"center\">B<\/td>\n<td align=\"center\">\u00a0<\/td>\n<td align=\"center\">\u00a0<\/td>\n<\/tr>\n<tr>\n<td>Finance &amp; Accounting<\/td>\n<td align=\"center\">\u00a0<\/td>\n<td align=\"center\">M<\/td>\n<td align=\"center\">\u00a0<\/td>\n<\/tr>\n<tr>\n<td>Finanzdienstleistungen und Corporate Finance<\/td>\n<td align=\"center\">B<\/td>\n<td align=\"center\">\u00a0<\/td>\n<td align=\"center\">\u00a0<\/td>\n<\/tr>\n<tr>\n<td>Gesundheits\u00f6konomie (Verbundstudium)<\/td>\n<td align=\"center\">B<\/td>\n<td align=\"center\">\u00a0<\/td>\n<td align=\"center\">\u00a0<\/td>\n<\/tr>\n<tr>\n<td>Information Management &amp; Consulting<\/td>\n<td align=\"center\">\u00a0<\/td>\n<td align=\"center\">M<\/td>\n<td align=\"center\">\u00a0<\/td>\n<\/tr>\n<tr>\n<td>Innovation Management<\/td>\n<td align=\"center\">\u00a0<\/td>\n<td align=\"center\">M<\/td>\n<td align=\"center\">\u00a0<\/td>\n<\/tr>\n<tr>\n<td>International Business Management (East Asia)<\/td>\n<td align=\"center\">B<\/td>\n<td align=\"center\">\u00a0<\/td>\n<td align=\"center\">\u00a0<\/td>\n<\/tr>\n<tr>\n<td>International Human Ressource Management<\/td>\n<td align=\"center\">\u00a0<\/td>\n<td align=\"center\">M<\/td>\n<td align=\"center\">\u00a0<\/td>\n<\/tr>\n<tr>\n<td>International Marketing-Management<\/td>\n<td align=\"center\">\u00a0<\/td>\n<td align=\"center\">M<\/td>\n<td align=\"center\">\u00a0<\/td>\n<\/tr>\n<tr>\n<td>Internationale Betriebswirtschaftslehre (Verbundstudium)<\/td>\n<td align=\"center\">B<\/td>\n<td align=\"center\">\u00a0<\/td>\n<td align=\"center\">\u00a0<\/td>\n<\/tr>\n<tr>\n<td>Internationales Personalmanagement und Organisation (IPO)<\/td>\n<td align=\"center\">B<\/td>\n<td align=\"center\">\u00a0<\/td>\n<td align=\"center\">\u00a0<\/td>\n<\/tr>\n<tr>\n<td>Logistik<\/td>\n<td align=\"center\">B<\/td>\n<td align=\"center\">M<\/td>\n<td align=\"center\">F<\/td>\n<\/tr>\n<tr>\n<td>Marketing<\/td>\n<td align=\"center\">B<\/td>\n<td align=\"center\">\u00a0<\/td>\n<td align=\"center\">\u00a0<\/td>\n<\/tr>\n<tr>\n<td>MBA Betriebswirtschaftslehre<\/td>\n<td align=\"center\">\u00a0<\/td>\n<td align=\"center\">M<\/td>\n<td align=\"center\">F<\/td>\n<\/tr>\n<tr>\n<td>MBA Logistik-Management &amp; Consulting<\/td>\n<td align=\"center\">\u00a0<\/td>\n<td align=\"center\">M<\/td>\n<td align=\"center\">F<\/td>\n<\/tr>\n<tr>\n<td>MBA Unternehmensf\u00fchrung<\/td>\n<td align=\"center\">\u00a0<\/td>\n<td align=\"center\">M<\/td>\n<td align=\"center\">F<\/td>\n<\/tr>\n<tr>\n<td>Pflegep\u00e4dagogik<\/td>\n<td align=\"center\">B<\/td>\n<td align=\"center\">\u00a0<\/td>\n<td align=\"center\">\u00a0<\/td>\n<\/tr>\n<tr>\n<td>Soziale Arbeit<\/td>\n<td align=\"center\">B<\/td>\n<td align=\"center\">M<\/td>\n<td align=\"center\">\u00a0<\/td>\n<\/tr>\n<tr>\n<td>Unternehmensf\u00fchrung im Wohlfahrtsbereich<\/td>\n<td align=\"center\">\u00a0<\/td>\n<td align=\"center\">M<\/td>\n<td align=\"center\">\u00a0<\/td>\n<\/tr>\n<tr>\n<td>Wirtschaftsinformatik<\/td>\n<td align=\"center\">B<\/td>\n<td align=\"center\">\u00a0<\/td>\n<td align=\"center\">\u00a0<\/td>\n<\/tr>\n<\/tbody>\n<\/table>\n<p>\u00a0<\/p>\n<p>Weitere Hochschulen in Rheinland Pfalz: Fachhochschule Trier | Philosophisch-Theologische Hochschule Vallendar | Fachhochschule Mainz<\/p>\n","protected":false},"excerpt":{"rendered":"<p>Kontakt Fachhochschule Ludwigshafen Ernst-Boehe-Stra\u00dfe 4 67059 Ludwigshafen Telefon: +49 (0) 625 5203 130 E-Mail: studsek@fh-ludwigshafen.de \u00d6ffnungszeiten: Mo-Fr 9.30-12 (au\u00dfer Mi) Internet: http:\/\/web.fh-ludwigshafen.de \u00a0 [wpmaps company=&#8220;Fachhochschule Ludwigshafen&#8220; street=&#8220;Ernst-Boehe-Stra\u00dfe 4&#8243; city=&#8220;67059 Ludwigshafen&#8220;] \u00dcbersicht Studieng\u00e4nge Studieng\u00e4nge Bachlor Master Fernstudiengang Betriebswirtschaftliche Steuerlehre und Wirtschaftspr\u00fcfung B \u00a0 \u00a0 Business Information Systems \u00a0 M \u00a0 Controlling \u00a0 M \u00a0 Controlling Management [&hellip;]<\/p>\n","protected":false},"author":1,"featured_media":0,"parent":460,"menu_order":0,"comment_status":"open","ping_status":"open","template":"","meta":{"footnotes":""},"class_list":["post-1388","page","type-page","status-publish","hentry"],"_links":{"self":[{"href":"https:\/\/www.campuswerk.com\/Hochschulen-Deutschland\/wp-json\/wp\/v2\/pages\/1388","targetHints":{"allow":["GET"]}}],"collection":[{"href":"https:\/\/www.campuswerk.com\/Hochschulen-Deutschland\/wp-json\/wp\/v2\/pages"}],"about":[{"href":"https:\/\/www.campuswerk.com\/Hochschulen-Deutschland\/wp-json\/wp\/v2\/types\/page"}],"author":[{"embeddable":true,"href":"https:\/\/www.campuswerk.com\/Hochschulen-Deutschland\/wp-json\/wp\/v2\/users\/1"}],"replies":[{"embeddable":true,"href":"https:\/\/www.campuswerk.com\/Hochschulen-Deutschland\/wp-json\/wp\/v2\/comments?post=1388"}],"version-history":[{"count":2,"href":"https:\/\/www.campuswerk.com\/Hochschulen-Deutschland\/wp-json\/wp\/v2\/pages\/1388\/revisions"}],"predecessor-version":[{"id":2578,"href":"https:\/\/www.campuswerk.com\/Hochschulen-Deutschland\/wp-json\/wp\/v2\/pages\/1388\/revisions\/2578"}],"up":[{"embeddable":true,"href":"https:\/\/www.campuswerk.com\/Hochschulen-Deutschland\/wp-json\/wp\/v2\/pages\/460"}],"wp:attachment":[{"href":"https:\/\/www.campuswerk.com\/Hochschulen-Deutschland\/wp-json\/wp\/v2\/media?parent=1388"}],"curies":[{"name":"wp","href":"https:\/\/api.w.org\/{rel}","templated":true}]}}