{"id":1382,"date":"2011-02-10T08:12:23","date_gmt":"2011-02-10T08:12:23","guid":{"rendered":"http:\/\/www.campuswerk.com\/Hochschulen-Deutschland"},"modified":"2022-05-10T20:47:11","modified_gmt":"2022-05-10T20:47:11","slug":"fachhochschule-der-deutschen-bundesbank","status":"publish","type":"page","link":"https:\/\/www.campuswerk.com\/Hochschulen-Deutschland\/hochschulen\/hochschulen-rheinland-pfalz\/fachhochschule-der-deutschen-bundesbank","title":{"rendered":"Fachhochschule der Deutschen Bundesbank"},"content":{"rendered":"<h4>Kontakt<\/h4>\n<div class=\"adresse\">\n<ul>\n<li>Fachhochschule der Deutschen Bundesbank<\/li>\n<li>Schlo\u00df<\/li>\n<li>57627 Hachenburg<\/li>\n<li>Telefon: +49 (0) 2662 831<\/li>\n<li>E-Mail: wolf@fh-bundesbank.de<\/li>\n<li>\u00d6ffnungszeiten:<\/li>\n<li>Internet: <a title=\"Fachhochschule der Deutschen Bundesbank\" href=\"https:\/\/www.hochschule-bundesbank.de\/hochschule-de\">https:\/\/www.hochschule-bundesbank.de<\/a><\/li>\n<\/ul>\n<\/div>\n<pre>[wpmaps company=\"Fachhochschule der Deutschen Bundesbank\" street=\"Schlo\u00df\" city=\"57627 Hachenburg\"]<\/pre>\n<h5>\u00dcbersicht Studieng\u00e4nge<\/h5>\n<table border=\"0\" width=\"840\" cellpadding=\"0\">\n<tbody>\n<tr>\n<td class=\"tstyle\" width=\"40%\">Studieng\u00e4nge<\/td>\n<td class=\"tstyle\" align=\"center\" width=\"20%\">Bachlor<\/td>\n<td class=\"tstyle\" align=\"center\" width=\"20%\">Master<\/td>\n<td class=\"tstyle\" align=\"center\" width=\"20%\">Fernstudiengang<\/td>\n<\/tr>\n<tr>\n<td>Betriebswirtschaftslehre<\/td>\n<td align=\"center\">B<\/td>\n<td align=\"center\"><\/td>\n<td align=\"center\"><\/td>\n<\/tr>\n<tr>\n<td>Bundesbank<\/td>\n<td align=\"center\"><\/td>\n<td align=\"center\"><\/td>\n<td align=\"center\"><\/td>\n<\/tr>\n<\/tbody>\n<\/table>\n<p>Weitere Hochschulen in Rheinland Pfalz: Fachhochschule Koblenz | Fachhochschule Ludwigshafen | Fachhochschule Kaiserslautern<\/p>\n","protected":false},"excerpt":{"rendered":"<p>Kontakt Fachhochschule der Deutschen Bundesbank Schlo\u00df 57627 Hachenburg Telefon: +49 (0) 2662 831 E-Mail: wolf@fh-bundesbank.de \u00d6ffnungszeiten: Internet: https:\/\/www.hochschule-bundesbank.de [wpmaps company=&#8220;Fachhochschule der Deutschen Bundesbank&#8220; street=&#8220;Schlo\u00df&#8220; city=&#8220;57627 Hachenburg&#8220;] \u00dcbersicht Studieng\u00e4nge Studieng\u00e4nge Bachlor Master Fernstudiengang Betriebswirtschaftslehre B Bundesbank Weitere Hochschulen in Rheinland Pfalz: Fachhochschule Koblenz | Fachhochschule Ludwigshafen | Fachhochschule Kaiserslautern<\/p>\n","protected":false},"author":1,"featured_media":0,"parent":460,"menu_order":0,"comment_status":"open","ping_status":"open","template":"","meta":{"footnotes":""},"class_list":["post-1382","page","type-page","status-publish","hentry"],"_links":{"self":[{"href":"https:\/\/www.campuswerk.com\/Hochschulen-Deutschland\/wp-json\/wp\/v2\/pages\/1382","targetHints":{"allow":["GET"]}}],"collection":[{"href":"https:\/\/www.campuswerk.com\/Hochschulen-Deutschland\/wp-json\/wp\/v2\/pages"}],"about":[{"href":"https:\/\/www.campuswerk.com\/Hochschulen-Deutschland\/wp-json\/wp\/v2\/types\/page"}],"author":[{"embeddable":true,"href":"https:\/\/www.campuswerk.com\/Hochschulen-Deutschland\/wp-json\/wp\/v2\/users\/1"}],"replies":[{"embeddable":true,"href":"https:\/\/www.campuswerk.com\/Hochschulen-Deutschland\/wp-json\/wp\/v2\/comments?post=1382"}],"version-history":[{"count":3,"href":"https:\/\/www.campuswerk.com\/Hochschulen-Deutschland\/wp-json\/wp\/v2\/pages\/1382\/revisions"}],"predecessor-version":[{"id":2988,"href":"https:\/\/www.campuswerk.com\/Hochschulen-Deutschland\/wp-json\/wp\/v2\/pages\/1382\/revisions\/2988"}],"up":[{"embeddable":true,"href":"https:\/\/www.campuswerk.com\/Hochschulen-Deutschland\/wp-json\/wp\/v2\/pages\/460"}],"wp:attachment":[{"href":"https:\/\/www.campuswerk.com\/Hochschulen-Deutschland\/wp-json\/wp\/v2\/media?parent=1382"}],"curies":[{"name":"wp","href":"https:\/\/api.w.org\/{rel}","templated":true}]}}