{"id":1378,"date":"2011-02-10T08:10:39","date_gmt":"2011-02-10T08:10:39","guid":{"rendered":"http:\/\/www.campuswerk.com\/Hochschulen-Deutschland"},"modified":"2011-07-26T11:43:04","modified_gmt":"2011-07-26T11:43:04","slug":"deutsche-hochschule-fur-verwaltungswissenschaften-speyer","status":"publish","type":"page","link":"https:\/\/www.campuswerk.com\/Hochschulen-Deutschland\/hochschulen\/hochschulen-rheinland-pfalz\/deutsche-hochschule-fur-verwaltungswissenschaften-speyer","title":{"rendered":"Deutsche Hochschule f\u00fcr Verwaltungswissenschaften Speyer"},"content":{"rendered":"<h4>Kontakt<\/h4>\n<div class=\"adresse\">\n<ul>\n<li>Deutsche Hochschule f\u00fcr Verwaltungswissenschaften Speyer<\/li>\n<li>Freiherr-vom-Stein-Stra\u00dfe 2<\/li>\n<li>67324 Speyer<\/li>\n<li>Telefon: +49 (0) 6232 654 240<\/li>\n<li>E-Mail: mayer@dhv-speyer.de<\/li>\n<li>\u00d6ffnungszeiten: Mo-Fr 8.30-12 und Mo-Do 14-15.30<\/li>\n<li>Internet: <a title=\"Deutsche Hochschule f\u00fcr Verwaltungswissenschaften Speyer\" href=\"http:\/\/www.dhv-speyer.de\">http:\/\/www.dhv-speyer.de<\/a><\/li>\n<\/ul>\n<\/div>\n<p>\u00a0<\/p>\n<pre>[wpmaps company=\"Deutsche Hochschule f\u00fcr Verwaltungswissenschaften Speyer\" street=\"Freiherr-vom-Stein-Stra\u00dfe 2\" city=\"67324 Speyer\"]<\/pre>\n<h5>\u00dcbersicht Studieng\u00e4nge<\/h5>\n<table border=\"0\" cellpadding=\"0\" width=\"840\">\n<tbody>\n<tr>\n<td class=\"tstyle\" width=\"40%\">Studieng\u00e4nge<\/td>\n<td class=\"tstyle\" width=\"20%\" align=\"center\">Bachlor<\/td>\n<td class=\"tstyle\" width=\"20%\" align=\"center\">Master<\/td>\n<td class=\"tstyle\" width=\"20%\" align=\"center\">Fernstudiengang<\/td>\n<\/tr>\n<tr>\n<td>Administrative Sciences<\/td>\n<td align=\"center\">\u00a0<\/td>\n<td align=\"center\">M<\/td>\n<td align=\"center\">\u00a0<\/td>\n<\/tr>\n<tr>\n<td>\u00d6ffentliche Wirtschaft<\/td>\n<td align=\"center\">\u00a0<\/td>\n<td align=\"center\">M<\/td>\n<td align=\"center\">\u00a0<\/td>\n<\/tr>\n<tr>\n<td>Verwaltungswissenschaften<\/td>\n<td align=\"center\">\u00a0<\/td>\n<td align=\"center\">\u00a0<\/td>\n<td align=\"center\">\u00a0<\/td>\n<\/tr>\n<tr>\n<td>Wissenschaftsmanagement<\/td>\n<td align=\"center\">\u00a0<\/td>\n<td align=\"center\">M<\/td>\n<td align=\"center\">\u00a0<\/td>\n<\/tr>\n<\/tbody>\n<\/table>\n<p>\u00a0<\/p>\n<p>Weitere Hochschulen in Rheinland Pfalz: Fachhochschule Bingen | Fachhochschule der Deutschen Bundesbank | Fachhochschule Kaiserslautern<\/p>\n","protected":false},"excerpt":{"rendered":"<p>Kontakt Deutsche Hochschule f\u00fcr Verwaltungswissenschaften Speyer Freiherr-vom-Stein-Stra\u00dfe 2 67324 Speyer Telefon: +49 (0) 6232 654 240 E-Mail: mayer@dhv-speyer.de \u00d6ffnungszeiten: Mo-Fr 8.30-12 und Mo-Do 14-15.30 Internet: http:\/\/www.dhv-speyer.de \u00a0 [wpmaps company=&#8220;Deutsche Hochschule f\u00fcr Verwaltungswissenschaften Speyer&#8220; street=&#8220;Freiherr-vom-Stein-Stra\u00dfe 2&#8243; city=&#8220;67324 Speyer&#8220;] \u00dcbersicht Studieng\u00e4nge Studieng\u00e4nge Bachlor Master Fernstudiengang Administrative Sciences \u00a0 M \u00a0 \u00d6ffentliche Wirtschaft \u00a0 M \u00a0 Verwaltungswissenschaften \u00a0 [&hellip;]<\/p>\n","protected":false},"author":1,"featured_media":0,"parent":460,"menu_order":0,"comment_status":"open","ping_status":"open","template":"","meta":{"footnotes":""},"class_list":["post-1378","page","type-page","status-publish","hentry"],"_links":{"self":[{"href":"https:\/\/www.campuswerk.com\/Hochschulen-Deutschland\/wp-json\/wp\/v2\/pages\/1378","targetHints":{"allow":["GET"]}}],"collection":[{"href":"https:\/\/www.campuswerk.com\/Hochschulen-Deutschland\/wp-json\/wp\/v2\/pages"}],"about":[{"href":"https:\/\/www.campuswerk.com\/Hochschulen-Deutschland\/wp-json\/wp\/v2\/types\/page"}],"author":[{"embeddable":true,"href":"https:\/\/www.campuswerk.com\/Hochschulen-Deutschland\/wp-json\/wp\/v2\/users\/1"}],"replies":[{"embeddable":true,"href":"https:\/\/www.campuswerk.com\/Hochschulen-Deutschland\/wp-json\/wp\/v2\/comments?post=1378"}],"version-history":[{"count":3,"href":"https:\/\/www.campuswerk.com\/Hochschulen-Deutschland\/wp-json\/wp\/v2\/pages\/1378\/revisions"}],"predecessor-version":[{"id":2573,"href":"https:\/\/www.campuswerk.com\/Hochschulen-Deutschland\/wp-json\/wp\/v2\/pages\/1378\/revisions\/2573"}],"up":[{"embeddable":true,"href":"https:\/\/www.campuswerk.com\/Hochschulen-Deutschland\/wp-json\/wp\/v2\/pages\/460"}],"wp:attachment":[{"href":"https:\/\/www.campuswerk.com\/Hochschulen-Deutschland\/wp-json\/wp\/v2\/media?parent=1378"}],"curies":[{"name":"wp","href":"https:\/\/api.w.org\/{rel}","templated":true}]}}