{"id":1130,"date":"2011-02-09T12:23:31","date_gmt":"2011-02-09T12:23:31","guid":{"rendered":"http:\/\/www.campuswerk.com\/Hochschulen-Deutschland"},"modified":"2022-05-10T20:51:48","modified_gmt":"2022-05-10T20:51:48","slug":"hochschule-fur-katholische-kirchenmusik-und-musikpadagogik","status":"publish","type":"page","link":"https:\/\/www.campuswerk.com\/Hochschulen-Deutschland\/hochschulen\/hochschulen-bayern\/hochschule-fur-katholische-kirchenmusik-und-musikpadagogik","title":{"rendered":"Hochschule f\u00fcr Katholische Kirchenmusik und Musikp\u00e4dagogik"},"content":{"rendered":"<h4>Kontakt<\/h4>\n<div class=\"adresse\">\n<ul>\n<li>Hochschule f\u00fcr Katholische Kirchenmusik und Musikp\u00e4dagogik<\/li>\n<li>Andreasstrasse 9<\/li>\n<li>93059 Regensburg<\/li>\n<li>Telefon: +49 (0) 941 830 09 0<\/li>\n<li>E-Mail: info@hfkm-regensburg.de<\/li>\n<li>\u00d6ffnungszeiten:<\/li>\n<li>Internet: <a title=\"Hochschule f\u00fcr Katholische Kirchenmusik und Musikp\u00e4dagogik\" href=\"https:\/\/www.hfkm-regensburg.de\">https:\/\/www.hfkm-regensburg.de<\/a><\/li>\n<\/ul>\n<\/div>\n<pre>[wpmaps company=\"Hochschule f\u00fcr Katholische Kirchenmusik und Musikp\u00e4dagogik\" street=\"Andreasstrasse 9\" city=\"93059 Regensburg\"]<\/pre>\n<h5>\u00dcbersicht Studieng\u00e4nge<\/h5>\n<table border=\"0\" width=\"840\" cellpadding=\"0\">\n<tbody>\n<tr>\n<td class=\"tstyle\" width=\"40%\">Studieng\u00e4nge<\/td>\n<td class=\"tstyle\" align=\"center\" width=\"20%\">Bachlor<\/td>\n<td class=\"tstyle\" align=\"center\" width=\"20%\">Master<\/td>\n<td class=\"tstyle\" align=\"center\" width=\"20%\">Fernstudiengang<\/td>\n<\/tr>\n<tr>\n<td>Gesangsp\u00e4dagogik<\/td>\n<td align=\"center\"><\/td>\n<td align=\"center\"><\/td>\n<td align=\"center\"><\/td>\n<\/tr>\n<tr>\n<td>Instrumentalp\u00e4dagogik<\/td>\n<td align=\"center\"><\/td>\n<td align=\"center\"><\/td>\n<td align=\"center\"><\/td>\n<\/tr>\n<tr>\n<td>Katholische Kirchenmusik<\/td>\n<td align=\"center\"><\/td>\n<td align=\"center\"><\/td>\n<td align=\"center\"><\/td>\n<\/tr>\n<tr>\n<td>Musiktheorie<\/td>\n<td align=\"center\"><\/td>\n<td align=\"center\"><\/td>\n<td align=\"center\"><\/td>\n<\/tr>\n<tr>\n<td>Popularmusik<\/td>\n<td align=\"center\"><\/td>\n<td align=\"center\"><\/td>\n<td align=\"center\"><\/td>\n<\/tr>\n<tr>\n<td>Schulmusik (Lehramt)<\/td>\n<td align=\"center\"><\/td>\n<td align=\"center\"><\/td>\n<td align=\"center\"><\/td>\n<\/tr>\n<\/tbody>\n<\/table>\n<p>Weitere Hochschulen in Bayern: <a title=\"Hochschule Ansbach\" href=\"https:\/\/www.campuswerk.com\/Hochschulen-Deutschland\/hochschulen\/hochschulen-bayern\/hochschule-ansbach\">Hochschule Ansbach<\/a> | <a title=\"Hochschule Aschaffenburg\" href=\"https:\/\/www.campuswerk.com\/Hochschulen-Deutschland\/hochschulen\/hochschulen-bayern\/hochschule-aschaffenburg\">Hochschule Aschaffenburg<\/a> | <a title=\"Hochschule Augsburg\" href=\"https:\/\/www.campuswerk.com\/Hochschulen-Deutschland\/hochschulen\/hochschulen-bayern\/hochschule-augsburg\">Hochschule Augsburg<\/a> | <a title=\"Hochschule Deggendorf\" href=\"https:\/\/www.campuswerk.com\/Hochschulen-Deutschland\/hochschulen\/hochschulen-bayern\/hochschule-deggendorf\">Hochschule Deggendorf<\/a> | <a title=\"Hochschule f\u00fcr evangelische Kirchenmusik Bayreuth\" href=\"https:\/\/www.campuswerk.com\/Hochschulen-Deutschland\/hochschulen\/hochschulen-bayern\/hochschule-fur-evangelische-kirchenmusik-bayreuth\">Hochschule f\u00fcr evangelische Kirchenmusik Bayreuth<\/a> | <a title=\"Hochschule f\u00fcr Fernsehen und Film M\u00fcnchen\" href=\"https:\/\/www.campuswerk.com\/Hochschulen-Deutschland\/hochschulen\/hochschulen-bayern\/hochschule-fur-fernsehen-und-film-munchen\">Hochschule f\u00fcr Fernsehen und Film M\u00fcnchen<\/a> | <a title=\"Hochschule f\u00fcr Katholische Kirchenmusik und Musikp\u00e4dagogik\" href=\"https:\/\/www.campuswerk.com\/Hochschulen-Deutschland\/hochschulen\/hochschulen-bayern\/hochschule-fur-katholische-kirchenmusik-und-musikpadagogik\">Hochschule f\u00fcr Katholische Kirchenmusik und Musikp\u00e4dagogik<\/a> | <a title=\"Hochschule f\u00fcr Musik N\u00fcrnberg\" href=\"https:\/\/www.campuswerk.com\/Hochschulen-Deutschland\/hochschulen\/hochschulen-bayern\/hochschule-fur-musik-nurnberg\">Hochschule f\u00fcr Musik N\u00fcrnberg<\/a> | <a title=\"Hochschule f\u00fcr Musik W\u00fcrzburg\" href=\"https:\/\/www.campuswerk.com\/Hochschulen-Deutschland\/hochschulen\/hochschulen-bayern\/hochschule-fur-musik-wurzburg\">Hochschule f\u00fcr Musik W\u00fcrzburg<\/a><\/p>\n","protected":false},"excerpt":{"rendered":"<p>Kontakt Hochschule f\u00fcr Katholische Kirchenmusik und Musikp\u00e4dagogik Andreasstrasse 9 93059 Regensburg Telefon: +49 (0) 941 830 09 0 E-Mail: info@hfkm-regensburg.de \u00d6ffnungszeiten: Internet: https:\/\/www.hfkm-regensburg.de [wpmaps company=&#8220;Hochschule f\u00fcr Katholische Kirchenmusik und Musikp\u00e4dagogik&#8220; street=&#8220;Andreasstrasse 9&#8243; city=&#8220;93059 Regensburg&#8220;] \u00dcbersicht Studieng\u00e4nge Studieng\u00e4nge Bachlor Master Fernstudiengang Gesangsp\u00e4dagogik Instrumentalp\u00e4dagogik Katholische Kirchenmusik Musiktheorie Popularmusik Schulmusik (Lehramt) Weitere Hochschulen in Bayern: Hochschule Ansbach | [&hellip;]<\/p>\n","protected":false},"author":1,"featured_media":0,"parent":272,"menu_order":0,"comment_status":"open","ping_status":"open","template":"","meta":{"footnotes":""},"class_list":["post-1130","page","type-page","status-publish","hentry"],"_links":{"self":[{"href":"https:\/\/www.campuswerk.com\/Hochschulen-Deutschland\/wp-json\/wp\/v2\/pages\/1130","targetHints":{"allow":["GET"]}}],"collection":[{"href":"https:\/\/www.campuswerk.com\/Hochschulen-Deutschland\/wp-json\/wp\/v2\/pages"}],"about":[{"href":"https:\/\/www.campuswerk.com\/Hochschulen-Deutschland\/wp-json\/wp\/v2\/types\/page"}],"author":[{"embeddable":true,"href":"https:\/\/www.campuswerk.com\/Hochschulen-Deutschland\/wp-json\/wp\/v2\/users\/1"}],"replies":[{"embeddable":true,"href":"https:\/\/www.campuswerk.com\/Hochschulen-Deutschland\/wp-json\/wp\/v2\/comments?post=1130"}],"version-history":[{"count":3,"href":"https:\/\/www.campuswerk.com\/Hochschulen-Deutschland\/wp-json\/wp\/v2\/pages\/1130\/revisions"}],"predecessor-version":[{"id":3001,"href":"https:\/\/www.campuswerk.com\/Hochschulen-Deutschland\/wp-json\/wp\/v2\/pages\/1130\/revisions\/3001"}],"up":[{"embeddable":true,"href":"https:\/\/www.campuswerk.com\/Hochschulen-Deutschland\/wp-json\/wp\/v2\/pages\/272"}],"wp:attachment":[{"href":"https:\/\/www.campuswerk.com\/Hochschulen-Deutschland\/wp-json\/wp\/v2\/media?parent=1130"}],"curies":[{"name":"wp","href":"https:\/\/api.w.org\/{rel}","templated":true}]}}