{"id":1122,"date":"2011-02-09T12:20:30","date_gmt":"2011-02-09T12:20:30","guid":{"rendered":"http:\/\/www.campuswerk.com\/Hochschulen-Deutschland"},"modified":"2022-05-10T21:57:19","modified_gmt":"2022-05-10T21:57:19","slug":"hochschule-deggendorf","status":"publish","type":"page","link":"https:\/\/www.campuswerk.com\/Hochschulen-Deutschland\/hochschulen\/hochschulen-bayern\/hochschule-deggendorf","title":{"rendered":"Hochschule Deggendorf"},"content":{"rendered":"<h4>Kontakt<\/h4>\n<div class=\"adresse\">\n<ul>\n<li>Hochschule Deggendorf<\/li>\n<li>Edlmairstra\u00dfe 6+8<\/li>\n<li>94469 Deggendorf<\/li>\n<li>Telefon: +49 (0) 991 36 15 0<\/li>\n<li>E-Mail: info@fh-deggendorf.de<\/li>\n<li>\u00d6ffnungszeiten: Mo-Do 8-12, 14-16, Fr 8-12<\/li>\n<li>Internet: <a title=\"Hochschule Deggendorf\" href=\"https:\/\/th-deg.de\">https:\/\/th-deg.de<\/a><\/li>\n<\/ul>\n<\/div>\n<pre>[wpmaps company=\"Hochschule Deggendorf\" street=\"Edlmairstra\u00dfe 6+8\" city=\"94469 Deggendorf\"]<\/pre>\n<h5>\u00dcbersicht Studieng\u00e4nge<\/h5>\n<table border=\"0\" width=\"840\" cellpadding=\"0\">\n<tbody>\n<tr>\n<td class=\"tstyle\" width=\"40%\">Studieng\u00e4nge<\/td>\n<td class=\"tstyle\" align=\"center\" width=\"20%\">Bachlor<\/td>\n<td class=\"tstyle\" align=\"center\" width=\"20%\">Master<\/td>\n<td class=\"tstyle\" align=\"center\" width=\"20%\">Fernstudiengang<\/td>\n<\/tr>\n<tr>\n<td>Angewandte Informatik &#8211; Infotronik<\/td>\n<td align=\"center\">B<\/td>\n<td align=\"center\"><\/td>\n<td align=\"center\"><\/td>\n<\/tr>\n<tr>\n<td>Automotive Electronics<\/td>\n<td align=\"center\"><\/td>\n<td align=\"center\">M<\/td>\n<td align=\"center\"><\/td>\n<\/tr>\n<tr>\n<td>Bauingenieurwesen<\/td>\n<td align=\"center\">B<\/td>\n<td align=\"center\">M<\/td>\n<td align=\"center\"><\/td>\n<\/tr>\n<tr>\n<td>Betriebswirtschaft (dual)<\/td>\n<td align=\"center\">B<\/td>\n<td align=\"center\"><\/td>\n<td align=\"center\"><\/td>\n<\/tr>\n<tr>\n<td>Betriebswirtschaftslehre<\/td>\n<td align=\"center\">B<\/td>\n<td align=\"center\"><\/td>\n<td align=\"center\"><\/td>\n<\/tr>\n<tr>\n<td>Elektrotechnik und Informationstechnik<\/td>\n<td align=\"center\">B<\/td>\n<td align=\"center\">M<\/td>\n<td align=\"center\"><\/td>\n<\/tr>\n<tr>\n<td>General Management (berufsbegleitend)<\/td>\n<td align=\"center\"><\/td>\n<td align=\"center\">M<\/td>\n<td align=\"center\"><\/td>\n<\/tr>\n<tr>\n<td>Human Resource Management<\/td>\n<td align=\"center\"><\/td>\n<td align=\"center\">M<\/td>\n<td align=\"center\"><\/td>\n<\/tr>\n<tr>\n<td>International Management<\/td>\n<td align=\"center\">B<\/td>\n<td align=\"center\"><\/td>\n<td align=\"center\"><\/td>\n<\/tr>\n<tr>\n<td>Maschinenbau<\/td>\n<td align=\"center\">B<\/td>\n<td align=\"center\"><\/td>\n<td align=\"center\"><\/td>\n<\/tr>\n<tr>\n<td>Maschinenbau (dual)<\/td>\n<td align=\"center\">B<\/td>\n<td align=\"center\"><\/td>\n<td align=\"center\"><\/td>\n<\/tr>\n<tr>\n<td>MBA Health Care Management<\/td>\n<td align=\"center\"><\/td>\n<td align=\"center\">M<\/td>\n<td align=\"center\"><\/td>\n<\/tr>\n<tr>\n<td>MBA Personal- und Organisationsentwicklung (berufsbegleitend)<\/td>\n<td align=\"center\"><\/td>\n<td align=\"center\">M<\/td>\n<td align=\"center\"><\/td>\n<\/tr>\n<tr>\n<td>MBA Unternehmensgr\u00fcndung, -f\u00fchrung und -nachfolge<\/td>\n<td align=\"center\"><\/td>\n<td align=\"center\">M<\/td>\n<td align=\"center\"><\/td>\n<\/tr>\n<tr>\n<td>Mechatronik<\/td>\n<td align=\"center\"><\/td>\n<td align=\"center\">M<\/td>\n<td align=\"center\"><\/td>\n<\/tr>\n<tr>\n<td>Mechatronik und optische Technologien<\/td>\n<td align=\"center\">B<\/td>\n<td align=\"center\"><\/td>\n<td align=\"center\"><\/td>\n<\/tr>\n<tr>\n<td>Medientechnik<\/td>\n<td align=\"center\">B<\/td>\n<td align=\"center\"><\/td>\n<td align=\"center\"><\/td>\n<\/tr>\n<tr>\n<td>Medientechnik (dual)<\/td>\n<td align=\"center\">B<\/td>\n<td align=\"center\"><\/td>\n<td align=\"center\"><\/td>\n<\/tr>\n<tr>\n<td>Medientechnik und -produktion<\/td>\n<td align=\"center\"><\/td>\n<td align=\"center\">M<\/td>\n<td align=\"center\"><\/td>\n<\/tr>\n<tr>\n<td>Produktionstechnik<\/td>\n<td align=\"center\">B<\/td>\n<td align=\"center\"><\/td>\n<td align=\"center\"><\/td>\n<\/tr>\n<tr>\n<td>Produktionstechnik (dual)<\/td>\n<td align=\"center\">B<\/td>\n<td align=\"center\"><\/td>\n<td align=\"center\"><\/td>\n<\/tr>\n<tr>\n<td>Public Management<\/td>\n<td align=\"center\"><\/td>\n<td align=\"center\">M<\/td>\n<td align=\"center\"><\/td>\n<\/tr>\n<tr>\n<td>Ressourcen- und Umweltmanagement<\/td>\n<td align=\"center\">B<\/td>\n<td align=\"center\"><\/td>\n<td align=\"center\"><\/td>\n<\/tr>\n<tr>\n<td>Risikomanagement und Compliancemanagement (berufsbegleitend)<\/td>\n<td align=\"center\"><\/td>\n<td align=\"center\">M<\/td>\n<td align=\"center\"><\/td>\n<\/tr>\n<tr>\n<td>Strategisches und Internationales Management<\/td>\n<td align=\"center\"><\/td>\n<td align=\"center\">M<\/td>\n<td align=\"center\"><\/td>\n<\/tr>\n<tr>\n<td>Tourismusmanagement<\/td>\n<td align=\"center\">B<\/td>\n<td align=\"center\"><\/td>\n<td align=\"center\"><\/td>\n<\/tr>\n<tr>\n<td>Wirtschaftsinformatik<\/td>\n<td align=\"center\">B<\/td>\n<td align=\"center\">M<\/td>\n<td align=\"center\"><\/td>\n<\/tr>\n<tr>\n<td>Wirtschaftsinformatik (berufsbegleitend)<\/td>\n<td align=\"center\">B<\/td>\n<td align=\"center\"><\/td>\n<td align=\"center\"><\/td>\n<\/tr>\n<tr>\n<td>Wirtschaftsinformatik (dual)<\/td>\n<td align=\"center\">B<\/td>\n<td align=\"center\"><\/td>\n<td align=\"center\"><\/td>\n<\/tr>\n<tr>\n<td>Wirtschaftsingenieurwesen<\/td>\n<td align=\"center\">B<\/td>\n<td align=\"center\"><\/td>\n<td align=\"center\"><\/td>\n<\/tr>\n<tr>\n<td>Wirtschaftsingenieurwesen (dual)<\/td>\n<td align=\"center\">B<\/td>\n<td align=\"center\"><\/td>\n<td align=\"center\"><\/td>\n<\/tr>\n<\/tbody>\n<\/table>\n<p>Weitere Hochschulen in Bayern: <a title=\"Hochschule Ansbach\" href=\"https:\/\/www.campuswerk.com\/Hochschulen-Deutschland\/hochschulen\/hochschulen-bayern\/hochschule-ansbach\">Hochschule Ansbach<\/a> | <a title=\"Hochschule Aschaffenburg\" href=\"https:\/\/www.campuswerk.com\/Hochschulen-Deutschland\/hochschulen\/hochschulen-bayern\/hochschule-aschaffenburg\">Hochschule Aschaffenburg<\/a> | <a title=\"Hochschule Augsburg\" href=\"https:\/\/www.campuswerk.com\/Hochschulen-Deutschland\/hochschulen\/hochschulen-bayern\/hochschule-augsburg\">Hochschule Augsburg<\/a> | <a title=\"Hochschule Deggendorf\" href=\"https:\/\/www.campuswerk.com\/Hochschulen-Deutschland\/hochschulen\/hochschulen-bayern\/hochschule-deggendorf\">Hochschule Deggendorf<\/a> | <a title=\"Hochschule f\u00fcr evangelische Kirchenmusik Bayreuth\" href=\"https:\/\/www.campuswerk.com\/Hochschulen-Deutschland\/hochschulen\/hochschulen-bayern\/hochschule-fur-evangelische-kirchenmusik-bayreuth\">Hochschule f\u00fcr evangelische Kirchenmusik Bayreuth<\/a> | <a title=\"Hochschule f\u00fcr Fernsehen und Film M\u00fcnchen\" href=\"https:\/\/www.campuswerk.com\/Hochschulen-Deutschland\/hochschulen\/hochschulen-bayern\/hochschule-fur-fernsehen-und-film-munchen\">Hochschule f\u00fcr Fernsehen und Film M\u00fcnchen<\/a> | <a title=\"Hochschule f\u00fcr Katholische Kirchenmusik und Musikp\u00e4dagogik\" href=\"https:\/\/www.campuswerk.com\/Hochschulen-Deutschland\/hochschulen\/hochschulen-bayern\/hochschule-fur-katholische-kirchenmusik-und-musikpadagogik\">Hochschule f\u00fcr Katholische Kirchenmusik und Musikp\u00e4dagogik<\/a> | <a title=\"Hochschule f\u00fcr Musik N\u00fcrnberg\" href=\"https:\/\/www.campuswerk.com\/Hochschulen-Deutschland\/hochschulen\/hochschulen-bayern\/hochschule-fur-musik-nurnberg\">Hochschule f\u00fcr Musik N\u00fcrnberg<\/a> | <a title=\"Hochschule f\u00fcr Musik W\u00fcrzburg\" href=\"https:\/\/www.campuswerk.com\/Hochschulen-Deutschland\/hochschulen\/hochschulen-bayern\/hochschule-fur-musik-wurzburg\">Hochschule f\u00fcr Musik W\u00fcrzburg<\/a><\/p>\n","protected":false},"excerpt":{"rendered":"<p>Kontakt Hochschule Deggendorf Edlmairstra\u00dfe 6+8 94469 Deggendorf Telefon: +49 (0) 991 36 15 0 E-Mail: info@fh-deggendorf.de \u00d6ffnungszeiten: Mo-Do 8-12, 14-16, Fr 8-12 Internet: https:\/\/th-deg.de [wpmaps company=&#8220;Hochschule Deggendorf&#8220; street=&#8220;Edlmairstra\u00dfe 6+8&#8243; city=&#8220;94469 Deggendorf&#8220;] \u00dcbersicht Studieng\u00e4nge Studieng\u00e4nge Bachlor Master Fernstudiengang Angewandte Informatik &#8211; Infotronik B Automotive Electronics M Bauingenieurwesen B M Betriebswirtschaft (dual) B Betriebswirtschaftslehre B Elektrotechnik und [&hellip;]<\/p>\n","protected":false},"author":1,"featured_media":0,"parent":272,"menu_order":0,"comment_status":"open","ping_status":"open","template":"","meta":{"footnotes":""},"class_list":["post-1122","page","type-page","status-publish","hentry"],"_links":{"self":[{"href":"https:\/\/www.campuswerk.com\/Hochschulen-Deutschland\/wp-json\/wp\/v2\/pages\/1122","targetHints":{"allow":["GET"]}}],"collection":[{"href":"https:\/\/www.campuswerk.com\/Hochschulen-Deutschland\/wp-json\/wp\/v2\/pages"}],"about":[{"href":"https:\/\/www.campuswerk.com\/Hochschulen-Deutschland\/wp-json\/wp\/v2\/types\/page"}],"author":[{"embeddable":true,"href":"https:\/\/www.campuswerk.com\/Hochschulen-Deutschland\/wp-json\/wp\/v2\/users\/1"}],"replies":[{"embeddable":true,"href":"https:\/\/www.campuswerk.com\/Hochschulen-Deutschland\/wp-json\/wp\/v2\/comments?post=1122"}],"version-history":[{"count":4,"href":"https:\/\/www.campuswerk.com\/Hochschulen-Deutschland\/wp-json\/wp\/v2\/pages\/1122\/revisions"}],"predecessor-version":[{"id":3197,"href":"https:\/\/www.campuswerk.com\/Hochschulen-Deutschland\/wp-json\/wp\/v2\/pages\/1122\/revisions\/3197"}],"up":[{"embeddable":true,"href":"https:\/\/www.campuswerk.com\/Hochschulen-Deutschland\/wp-json\/wp\/v2\/pages\/272"}],"wp:attachment":[{"href":"https:\/\/www.campuswerk.com\/Hochschulen-Deutschland\/wp-json\/wp\/v2\/media?parent=1122"}],"curies":[{"name":"wp","href":"https:\/\/api.w.org\/{rel}","templated":true}]}}