{"id":1116,"date":"2011-02-09T12:17:14","date_gmt":"2011-02-09T12:17:14","guid":{"rendered":"http:\/\/www.campuswerk.com\/Hochschulen-Deutschland"},"modified":"2011-06-21T08:48:16","modified_gmt":"2011-06-21T08:48:16","slug":"hochschule-aschaffenburg","status":"publish","type":"page","link":"https:\/\/www.campuswerk.com\/Hochschulen-Deutschland\/hochschulen\/hochschulen-bayern\/hochschule-aschaffenburg","title":{"rendered":"Hochschule Aschaffenburg"},"content":{"rendered":"<h4>Kontakt<\/h4>\n<div class=\"adresse\">\n<ul>\n<li>Hochschule Aschaffenburg<\/li>\n<li>W\u00fcrzburger Stra\u00dfe 45<\/li>\n<li>63743 Aschaffenburg<\/li>\n<li>Telefon: +49 (0) 6021 314 5<\/li>\n<li>E-Mail: info@h-ab.de<\/li>\n<li>\u00d6ffnungszeiten: Di, Mi, Fr 8.30-12, Mo, Do 13-15.30, Semesterferien: Mo-Fr 8.30-12<\/li>\n<li>Internet:\u00a0<a title=\"Hochschule Aschaffenburg\" href=\"http:\/\/www.h-ab.de\">http:\/\/www.h-ab.de<\/a><\/li>\n<\/ul>\n<\/div>\n<p>\u00a0<\/p>\n<pre>[wpmaps company=\"Hochschule Aschaffenburg\" street=\"W\u00fcrzburger Stra\u00dfe 45\" city=\"63743 Aschaffenburg\"]<\/pre>\n<h5>\u00dcbersicht Studieng\u00e4nge<\/h5>\n<table border=\"0\" cellpadding=\"0\" width=\"840\">\n<tbody>\n<tr>\n<td class=\"tstyle\" width=\"40%\">Studieng\u00e4nge<\/td>\n<td class=\"tstyle\" width=\"20%\" align=\"center\">Bachlor<\/td>\n<td class=\"tstyle\" width=\"20%\" align=\"center\">Master<\/td>\n<td class=\"tstyle\" width=\"20%\" align=\"center\">Fernstudiengang<\/td>\n<\/tr>\n<tr>\n<td>Betriebswirtschaft<\/td>\n<td align=\"center\">B<\/td>\n<td align=\"center\">\u00a0<\/td>\n<td align=\"center\">\u00a0<\/td>\n<\/tr>\n<tr>\n<td>Betriebswirtschaft (Verbundstudium)<\/td>\n<td align=\"center\">B<\/td>\n<td align=\"center\">\u00a0<\/td>\n<td align=\"center\">\u00a0<\/td>\n<\/tr>\n<tr>\n<td>Betriebswirtschaft und Recht<\/td>\n<td align=\"center\">B<\/td>\n<td align=\"center\">\u00a0<\/td>\n<td align=\"center\">\u00a0<\/td>\n<\/tr>\n<tr>\n<td>Betriebswirtschaft und Recht (Verbundstudium)<\/td>\n<td align=\"center\">B<\/td>\n<td align=\"center\">\u00a0<\/td>\n<td align=\"center\">\u00a0<\/td>\n<\/tr>\n<tr>\n<td>Elektro- und Informationstechnik<\/td>\n<td align=\"center\">B<\/td>\n<td align=\"center\">M<\/td>\n<td align=\"center\">\u00a0<\/td>\n<\/tr>\n<tr>\n<td>Elektrotechnik (berufsbegleitend)<\/td>\n<td align=\"center\">\u00a0<\/td>\n<td align=\"center\">M<\/td>\n<td align=\"center\">F<\/td>\n<\/tr>\n<tr>\n<td>Erneuerbare Energien und Energiemanagement<\/td>\n<td align=\"center\">B<\/td>\n<td align=\"center\">\u00a0<\/td>\n<td align=\"center\">\u00a0<\/td>\n<\/tr>\n<tr>\n<td>Internationales Immobilienmanagement<\/td>\n<td align=\"center\">B<\/td>\n<td align=\"center\">\u00a0<\/td>\n<td align=\"center\">\u00a0<\/td>\n<\/tr>\n<tr>\n<td>Internationales Technisches Vertriebsmanagement<\/td>\n<td align=\"center\">B<\/td>\n<td align=\"center\">\u00a0<\/td>\n<td align=\"center\">\u00a0<\/td>\n<\/tr>\n<tr>\n<td>Mechatronik<\/td>\n<td align=\"center\">B<\/td>\n<td align=\"center\">\u00a0<\/td>\n<td align=\"center\">\u00a0<\/td>\n<\/tr>\n<tr>\n<td>Wirtschaft und Recht<\/td>\n<td align=\"center\">\u00a0<\/td>\n<td align=\"center\">M<\/td>\n<td align=\"center\">\u00a0<\/td>\n<\/tr>\n<tr>\n<td>Wirtschaftsingenieurwesen<\/td>\n<td align=\"center\">B<\/td>\n<td align=\"center\">\u00a0<\/td>\n<td align=\"center\">\u00a0<\/td>\n<\/tr>\n<\/tbody>\n<\/table>\n<p>\u00a0<\/p>\n<p>Weitere Hochschulen in Bayern: <a title=\"Hochschule Ansbach\" href=\"https:\/\/www.campuswerk.com\/Hochschulen-Deutschland\/hochschulen\/hochschulen-bayern\/hochschule-ansbach\">Hochschule Ansbach<\/a> | <a title=\"Hochschule Aschaffenburg\" href=\"https:\/\/www.campuswerk.com\/Hochschulen-Deutschland\/hochschulen\/hochschulen-bayern\/hochschule-aschaffenburg\">Hochschule Aschaffenburg<\/a> | <a title=\"Hochschule Augsburg\" href=\"https:\/\/www.campuswerk.com\/Hochschulen-Deutschland\/hochschulen\/hochschulen-bayern\/hochschule-augsburg\">Hochschule Augsburg<\/a> | <a title=\"Hochschule Deggendorf\" href=\"https:\/\/www.campuswerk.com\/Hochschulen-Deutschland\/hochschulen\/hochschulen-bayern\/hochschule-deggendorf\">Hochschule Deggendorf<\/a> | <a title=\"Hochschule f\u00fcr evangelische Kirchenmusik Bayreuth\" href=\"https:\/\/www.campuswerk.com\/Hochschulen-Deutschland\/hochschulen\/hochschulen-bayern\/hochschule-fur-evangelische-kirchenmusik-bayreuth\">Hochschule f\u00fcr evangelische Kirchenmusik Bayreuth<\/a> | <a title=\"Hochschule f\u00fcr Fernsehen und Film M\u00fcnchen\" href=\"https:\/\/www.campuswerk.com\/Hochschulen-Deutschland\/hochschulen\/hochschulen-bayern\/hochschule-fur-fernsehen-und-film-munchen\">Hochschule f\u00fcr Fernsehen und Film M\u00fcnchen<\/a> | <a title=\"Hochschule f\u00fcr Katholische Kirchenmusik und Musikp\u00e4dagogik\" href=\"https:\/\/www.campuswerk.com\/Hochschulen-Deutschland\/hochschulen\/hochschulen-bayern\/hochschule-fur-katholische-kirchenmusik-und-musikpadagogik\">Hochschule f\u00fcr Katholische Kirchenmusik und Musikp\u00e4dagogik<\/a> | <a title=\"Hochschule f\u00fcr Musik N\u00fcrnberg\" href=\"https:\/\/www.campuswerk.com\/Hochschulen-Deutschland\/hochschulen\/hochschulen-bayern\/hochschule-fur-musik-nurnberg\">Hochschule f\u00fcr Musik N\u00fcrnberg<\/a> | <a title=\"Hochschule f\u00fcr Musik W\u00fcrzburg\" href=\"https:\/\/www.campuswerk.com\/Hochschulen-Deutschland\/hochschulen\/hochschulen-bayern\/hochschule-fur-musik-wurzburg\">Hochschule f\u00fcr Musik W\u00fcrzburg<\/a><\/p>\n","protected":false},"excerpt":{"rendered":"<p>Kontakt Hochschule Aschaffenburg W\u00fcrzburger Stra\u00dfe 45 63743 Aschaffenburg Telefon: +49 (0) 6021 314 5 E-Mail: info@h-ab.de \u00d6ffnungszeiten: Di, Mi, Fr 8.30-12, Mo, Do 13-15.30, Semesterferien: Mo-Fr 8.30-12 Internet:\u00a0http:\/\/www.h-ab.de \u00a0 [wpmaps company=&#8220;Hochschule Aschaffenburg&#8220; street=&#8220;W\u00fcrzburger Stra\u00dfe 45&#8243; city=&#8220;63743 Aschaffenburg&#8220;] \u00dcbersicht Studieng\u00e4nge Studieng\u00e4nge Bachlor Master Fernstudiengang Betriebswirtschaft B \u00a0 \u00a0 Betriebswirtschaft (Verbundstudium) B \u00a0 \u00a0 Betriebswirtschaft und Recht [&hellip;]<\/p>\n","protected":false},"author":1,"featured_media":0,"parent":272,"menu_order":0,"comment_status":"open","ping_status":"open","template":"","meta":{"footnotes":""},"class_list":["post-1116","page","type-page","status-publish","hentry"],"_links":{"self":[{"href":"https:\/\/www.campuswerk.com\/Hochschulen-Deutschland\/wp-json\/wp\/v2\/pages\/1116","targetHints":{"allow":["GET"]}}],"collection":[{"href":"https:\/\/www.campuswerk.com\/Hochschulen-Deutschland\/wp-json\/wp\/v2\/pages"}],"about":[{"href":"https:\/\/www.campuswerk.com\/Hochschulen-Deutschland\/wp-json\/wp\/v2\/types\/page"}],"author":[{"embeddable":true,"href":"https:\/\/www.campuswerk.com\/Hochschulen-Deutschland\/wp-json\/wp\/v2\/users\/1"}],"replies":[{"embeddable":true,"href":"https:\/\/www.campuswerk.com\/Hochschulen-Deutschland\/wp-json\/wp\/v2\/comments?post=1116"}],"version-history":[{"count":3,"href":"https:\/\/www.campuswerk.com\/Hochschulen-Deutschland\/wp-json\/wp\/v2\/pages\/1116\/revisions"}],"predecessor-version":[{"id":2237,"href":"https:\/\/www.campuswerk.com\/Hochschulen-Deutschland\/wp-json\/wp\/v2\/pages\/1116\/revisions\/2237"}],"up":[{"embeddable":true,"href":"https:\/\/www.campuswerk.com\/Hochschulen-Deutschland\/wp-json\/wp\/v2\/pages\/272"}],"wp:attachment":[{"href":"https:\/\/www.campuswerk.com\/Hochschulen-Deutschland\/wp-json\/wp\/v2\/media?parent=1116"}],"curies":[{"name":"wp","href":"https:\/\/api.w.org\/{rel}","templated":true}]}}