{"id":1105,"date":"2011-02-09T12:13:39","date_gmt":"2011-02-09T12:13:39","guid":{"rendered":"http:\/\/www.campuswerk.com\/Hochschulen-Deutschland"},"modified":"2022-05-11T07:38:37","modified_gmt":"2022-05-11T07:38:37","slug":"fachhochschule-weihenstephan","status":"publish","type":"page","link":"https:\/\/www.campuswerk.com\/Hochschulen-Deutschland\/hochschulen\/hochschulen-bayern\/fachhochschule-weihenstephan","title":{"rendered":"Fachhochschule Weihenstephan"},"content":{"rendered":"<h4>Kontakt<\/h4>\n<div class=\"adresse\">\n<ul>\n<li>Hochschule Weihenstephan-Triesdorf<\/li>\n<li>Am Hofgarten 4<\/li>\n<li>85354 Freising<\/li>\n<li>+49 (0) 8161 71 4532<\/li>\n<li>E-Mail: info@hswt.de<\/li>\n<li>\u00d6ffnungszeiten: Mo-Fr 8.00-12.00, Di u. Do 13.00-15.00<\/li>\n<li>Internet: <a title=\"Hochschule Weihenstephan-Triesdorf\" href=\"https:\/\/www.hswt.de\/\">https:\/\/www.hswt.de<\/a><\/li>\n<\/ul>\n<\/div>\n<pre>[wpmaps company=\"Hochschule Weihenstephan-Triesdorf\" street=\"Am Hofgarten 4\" city=\"85354 Freising\"]<\/pre>\n<h5>\u00dcbersicht Studieng\u00e4nge<\/h5>\n<table border=\"0\" width=\"840\" cellpadding=\"0\">\n<tbody>\n<tr>\n<td class=\"tstyle\" width=\"40%\">Studieng\u00e4nge<\/td>\n<td class=\"tstyle\" align=\"center\" width=\"20%\">Bachlor<\/td>\n<td class=\"tstyle\" align=\"center\" width=\"20%\">Master<\/td>\n<td class=\"tstyle\" align=\"center\" width=\"20%\">Fernstudiengang<\/td>\n<\/tr>\n<tr>\n<td>Agrarmanagement<\/td>\n<td align=\"center\"><\/td>\n<td align=\"center\">M<\/td>\n<td align=\"center\"><\/td>\n<\/tr>\n<tr>\n<td>Forstingenieurwesen<\/td>\n<td align=\"center\">B<\/td>\n<td align=\"center\"><\/td>\n<td align=\"center\"><\/td>\n<\/tr>\n<tr>\n<td>Bioprozessinformatik<\/td>\n<td align=\"center\">B<\/td>\n<td align=\"center\"><\/td>\n<td align=\"center\"><\/td>\n<\/tr>\n<tr>\n<td>Biotechnologie<\/td>\n<td align=\"center\">B<\/td>\n<td align=\"center\"><\/td>\n<td align=\"center\"><\/td>\n<\/tr>\n<tr>\n<td>Gartenbau<\/td>\n<td align=\"center\">B<\/td>\n<td align=\"center\"><\/td>\n<td align=\"center\"><\/td>\n<\/tr>\n<tr>\n<td>Gartenbau (Verbundstudium)<\/td>\n<td align=\"center\">B<\/td>\n<td align=\"center\"><\/td>\n<td align=\"center\"><\/td>\n<\/tr>\n<tr>\n<td>Landscape Architecture<\/td>\n<td align=\"center\"><\/td>\n<td align=\"center\">M<\/td>\n<td align=\"center\"><\/td>\n<\/tr>\n<tr>\n<td>Landschaftsarchitektur<\/td>\n<td align=\"center\">B<\/td>\n<td align=\"center\"><\/td>\n<td align=\"center\"><\/td>\n<\/tr>\n<tr>\n<td>Landschaftsbau und Management<\/td>\n<td align=\"center\">B<\/td>\n<td align=\"center\"><\/td>\n<td align=\"center\"><\/td>\n<\/tr>\n<tr>\n<td>Landschaftsbau und Management (Verbundstudium)<\/td>\n<td align=\"center\">B<\/td>\n<td align=\"center\"><\/td>\n<td align=\"center\"><\/td>\n<\/tr>\n<tr>\n<td>Landwirtschaft<\/td>\n<td align=\"center\">B<\/td>\n<td align=\"center\"><\/td>\n<td align=\"center\"><\/td>\n<\/tr>\n<tr>\n<td>Lebensmitteltechnologie<\/td>\n<td align=\"center\">B<\/td>\n<td align=\"center\"><\/td>\n<td align=\"center\"><\/td>\n<\/tr>\n<tr>\n<td>Management Erneuerbare Energien<\/td>\n<td align=\"center\">B<\/td>\n<td align=\"center\"><\/td>\n<td align=\"center\"><\/td>\n<\/tr>\n<tr>\n<td>Wirtschaftsingenieurwesen &#8211; Agrarmarketing und Management<\/td>\n<td align=\"center\">B<\/td>\n<td align=\"center\"><\/td>\n<td align=\"center\"><\/td>\n<\/tr>\n<\/tbody>\n<\/table>\n<h4>Kontakt<\/h4>\n<div class=\"adresse\">\n<ul>\n<li>Hochschule Weihenstephan-Triesdorf, Studienort Triesdorf<\/li>\n<li>Steingruberstra\u00dfe 2<\/li>\n<li>91746 Weidenbach<\/li>\n<li>+49 (0) 8161 71 45 32<\/li>\n<li>E-Mail: info@hswt.de<\/li>\n<li>\u00d6ffnungszeiten: Mo-Fr 8.30-11.30<\/li>\n<li>Internet: <a title=\"Hochschule Weihenstephan-Triesdorf, Studienort Triesdorf\" href=\"https:\/\/www.hswt.de\/\">https:\/\/www.hswt.de<\/a><\/li>\n<\/ul>\n<\/div>\n<pre>[wpmaps company=\"Hochschule Weihenstephan-Triesdorf, Studienort Triesdorf\" street=\"Steingruberstra\u00dfe 2\" city=\"91746 Weidenbach\"]<\/pre>\n<h5>\u00dcbersicht Studieng\u00e4nge<\/h5>\n<table border=\"0\" width=\"840\" cellpadding=\"0\">\n<tbody>\n<tr>\n<td class=\"tstyle\" width=\"40%\">Studieng\u00e4nge<\/td>\n<td class=\"tstyle\" align=\"center\" width=\"20%\">Bachlor<\/td>\n<td class=\"tstyle\" align=\"center\" width=\"20%\">Master<\/td>\n<td class=\"tstyle\" align=\"center\" width=\"20%\">Fernstudiengang<\/td>\n<\/tr>\n<tr>\n<td>Agrarmanagement<\/td>\n<td align=\"center\"><\/td>\n<td align=\"center\">M<\/td>\n<td align=\"center\"><\/td>\n<\/tr>\n<tr>\n<td>Energiemanagement und Energietechnik<\/td>\n<td align=\"center\"><\/td>\n<td align=\"center\">M<\/td>\n<td align=\"center\"><\/td>\n<\/tr>\n<tr>\n<td>Ern\u00e4hrung und Versorgungsmanagement<\/td>\n<td align=\"center\">B<\/td>\n<td align=\"center\"><\/td>\n<td align=\"center\"><\/td>\n<\/tr>\n<tr>\n<td>Landwirtschaft<\/td>\n<td align=\"center\">B<\/td>\n<td align=\"center\"><\/td>\n<td align=\"center\"><\/td>\n<\/tr>\n<tr>\n<td>Landwirtschaft (Verbundstudium)<\/td>\n<td align=\"center\">B<\/td>\n<td align=\"center\"><\/td>\n<td align=\"center\"><\/td>\n<\/tr>\n<tr>\n<td>Lebensmittelmanagement<\/td>\n<td align=\"center\">B<\/td>\n<td align=\"center\"><\/td>\n<td align=\"center\"><\/td>\n<\/tr>\n<tr>\n<td>Regionalmanagement<\/td>\n<td align=\"center\"><\/td>\n<td align=\"center\">M<\/td>\n<td align=\"center\"><\/td>\n<\/tr>\n<tr>\n<td>Technologie erneuerbarer Energien<\/td>\n<td align=\"center\">B<\/td>\n<td align=\"center\"><\/td>\n<td align=\"center\"><\/td>\n<\/tr>\n<tr>\n<td>Umweltsicherung<\/td>\n<td align=\"center\">B<\/td>\n<td align=\"center\"><\/td>\n<td align=\"center\"><\/td>\n<\/tr>\n<tr>\n<td>Wassertechnologie<\/td>\n<td align=\"center\">B<\/td>\n<td align=\"center\"><\/td>\n<td align=\"center\"><\/td>\n<\/tr>\n<\/tbody>\n<\/table>\n<p>Weitere Hochschulen in Bayern: <a title=\"Hochschule Ansbach\" href=\"https:\/\/www.campuswerk.com\/Hochschulen-Deutschland\/hochschulen\/hochschulen-bayern\/hochschule-ansbach\">Hochschule Ansbach<\/a> | <a title=\"Hochschule Aschaffenburg\" href=\"https:\/\/www.campuswerk.com\/Hochschulen-Deutschland\/hochschulen\/hochschulen-bayern\/hochschule-aschaffenburg\">Hochschule Aschaffenburg<\/a> | <a title=\"Hochschule Augsburg\" href=\"https:\/\/www.campuswerk.com\/Hochschulen-Deutschland\/hochschulen\/hochschulen-bayern\/hochschule-augsburg\">Hochschule Augsburg<\/a> | <a title=\"Hochschule Deggendorf\" href=\"https:\/\/www.campuswerk.com\/Hochschulen-Deutschland\/hochschulen\/hochschulen-bayern\/hochschule-deggendorf\">Hochschule Deggendorf<\/a> | <a title=\"Hochschule f\u00fcr evangelische Kirchenmusik Bayreuth\" href=\"https:\/\/www.campuswerk.com\/Hochschulen-Deutschland\/hochschulen\/hochschulen-bayern\/hochschule-fur-evangelische-kirchenmusik-bayreuth\">Hochschule f\u00fcr evangelische Kirchenmusik Bayreuth<\/a> | <a title=\"Hochschule f\u00fcr Fernsehen und Film M\u00fcnchen\" href=\"https:\/\/www.campuswerk.com\/Hochschulen-Deutschland\/hochschulen\/hochschulen-bayern\/hochschule-fur-fernsehen-und-film-munchen\">Hochschule f\u00fcr Fernsehen und Film M\u00fcnchen<\/a> | <a title=\"Hochschule f\u00fcr Katholische Kirchenmusik und Musikp\u00e4dagogik\" href=\"https:\/\/www.campuswerk.com\/Hochschulen-Deutschland\/hochschulen\/hochschulen-bayern\/hochschule-fur-katholische-kirchenmusik-und-musikpadagogik\">Hochschule f\u00fcr Katholische Kirchenmusik und Musikp\u00e4dagogik<\/a> | <a title=\"Hochschule f\u00fcr Musik N\u00fcrnberg\" href=\"https:\/\/www.campuswerk.com\/Hochschulen-Deutschland\/hochschulen\/hochschulen-bayern\/hochschule-fur-musik-nurnberg\">Hochschule f\u00fcr Musik N\u00fcrnberg<\/a> | <a title=\"Hochschule f\u00fcr Musik W\u00fcrzburg\" href=\"https:\/\/www.campuswerk.com\/Hochschulen-Deutschland\/hochschulen\/hochschulen-bayern\/hochschule-fur-musik-wurzburg\">Hochschule f\u00fcr Musik W\u00fcrzburg<\/a><\/p>\n","protected":false},"excerpt":{"rendered":"<p>Kontakt Hochschule Weihenstephan-Triesdorf Am Hofgarten 4 85354 Freising +49 (0) 8161 71 4532 E-Mail: info@hswt.de \u00d6ffnungszeiten: Mo-Fr 8.00-12.00, Di u. Do 13.00-15.00 Internet: https:\/\/www.hswt.de [wpmaps company=&#8220;Hochschule Weihenstephan-Triesdorf&#8220; street=&#8220;Am Hofgarten 4&#8243; city=&#8220;85354 Freising&#8220;] \u00dcbersicht Studieng\u00e4nge Studieng\u00e4nge Bachlor Master Fernstudiengang Agrarmanagement M Forstingenieurwesen B Bioprozessinformatik B Biotechnologie B Gartenbau B Gartenbau (Verbundstudium) B Landscape Architecture M Landschaftsarchitektur [&hellip;]<\/p>\n","protected":false},"author":1,"featured_media":0,"parent":272,"menu_order":0,"comment_status":"open","ping_status":"open","template":"","meta":{"footnotes":""},"class_list":["post-1105","page","type-page","status-publish","hentry"],"_links":{"self":[{"href":"https:\/\/www.campuswerk.com\/Hochschulen-Deutschland\/wp-json\/wp\/v2\/pages\/1105","targetHints":{"allow":["GET"]}}],"collection":[{"href":"https:\/\/www.campuswerk.com\/Hochschulen-Deutschland\/wp-json\/wp\/v2\/pages"}],"about":[{"href":"https:\/\/www.campuswerk.com\/Hochschulen-Deutschland\/wp-json\/wp\/v2\/types\/page"}],"author":[{"embeddable":true,"href":"https:\/\/www.campuswerk.com\/Hochschulen-Deutschland\/wp-json\/wp\/v2\/users\/1"}],"replies":[{"embeddable":true,"href":"https:\/\/www.campuswerk.com\/Hochschulen-Deutschland\/wp-json\/wp\/v2\/comments?post=1105"}],"version-history":[{"count":5,"href":"https:\/\/www.campuswerk.com\/Hochschulen-Deutschland\/wp-json\/wp\/v2\/pages\/1105\/revisions"}],"predecessor-version":[{"id":3343,"href":"https:\/\/www.campuswerk.com\/Hochschulen-Deutschland\/wp-json\/wp\/v2\/pages\/1105\/revisions\/3343"}],"up":[{"embeddable":true,"href":"https:\/\/www.campuswerk.com\/Hochschulen-Deutschland\/wp-json\/wp\/v2\/pages\/272"}],"wp:attachment":[{"href":"https:\/\/www.campuswerk.com\/Hochschulen-Deutschland\/wp-json\/wp\/v2\/media?parent=1105"}],"curies":[{"name":"wp","href":"https:\/\/api.w.org\/{rel}","templated":true}]}}