{"id":1091,"date":"2011-02-09T11:50:12","date_gmt":"2011-02-09T11:50:12","guid":{"rendered":"http:\/\/www.campuswerk.com\/Hochschulen-Deutschland"},"modified":"2022-05-11T06:55:32","modified_gmt":"2022-05-11T06:55:32","slug":"theologische-hochschule-reutlingen","status":"publish","type":"page","link":"https:\/\/www.campuswerk.com\/Hochschulen-Deutschland\/hochschulen\/hochschulen-baden-wurttemberg\/theologische-hochschule-reutlingen","title":{"rendered":"Theologische Hochschule Reutlingen"},"content":{"rendered":"<h4>Kontakt<\/h4>\n<div class=\"adresse\">\n<ul>\n<li>Theologische Hochschule Reutlingen<\/li>\n<li>Friedrich-Ebert-Stra\u00dfe 31<\/li>\n<li>72762 Reutlingen<\/li>\n<li>Telefon: +49 (0) 7121 9259 0<\/li>\n<li>E-Mail: info@th-reutlingen.de<\/li>\n<li>\u00d6ffnungszeiten: Mo-Fr 8-12<\/li>\n<li>Internet: <a title=\"Theologische Hochschule Reutlingen\" href=\"https:\/\/www.th-reutlingen.de\/de\/\">https:\/\/www.th-reutlingen.de<\/a><\/li>\n<\/ul>\n<\/div>\n<pre>[wpmaps company=\"Theologische Hochschule Reutlingen \" street=\"Friedrich-Ebert-Stra\u00dfe 31\" city=\"72762 Reutlingen\"]<\/pre>\n<h5>\u00dcbersicht Studieng\u00e4nge<\/h5>\n<table border=\"0\" width=\"840\" cellpadding=\"0\">\n<tbody>\n<tr>\n<td class=\"tstyle\" width=\"40%\">Studieng\u00e4nge<\/td>\n<td class=\"tstyle\" align=\"center\" width=\"20%\">Bachlor<\/td>\n<td class=\"tstyle\" align=\"center\" width=\"20%\">Master<\/td>\n<td class=\"tstyle\" align=\"center\" width=\"20%\">Fernstudiengang<\/td>\n<\/tr>\n<tr>\n<td>Theologie<\/td>\n<td align=\"center\">B<\/td>\n<td align=\"center\">M<\/td>\n<td align=\"center\"><\/td>\n<\/tr>\n<\/tbody>\n<\/table>\n<p>Weitere Hochschulen Baden W\u00fcrttemberg: <a title=\"Akademie f\u00fcr Darstellende Kunst Baden-W\u00fcrttemberg\" href=\"https:\/\/www.campuswerk.com\/Hochschulen-Deutschland\/hochschulen\/hochschulen-baden-wurttemberg\/akademie-fur-darstellende-kunst-baden-wurttemberg\">Akademie f\u00fcr Darstellende Kunst Baden-W\u00fcrttemberg<\/a> | <a title=\"Duale Hochschule Baden-W\u00fcrttemberg\" href=\"https:\/\/www.campuswerk.com\/Hochschulen-Deutschland\/hochschulen\/hochschulen-baden-wurttemberg\/duale-hochschule-baden-wurttemberg\">Duale Hochschule Baden-W\u00fcrttemberg<\/a> | <a title=\"Evangelische Fachhochschule Freiburg\" href=\"https:\/\/www.campuswerk.com\/Hochschulen-Deutschland\/hochschulen\/hochschulen-baden-wurttemberg\/evangelische-fachhochschule-freiburg\">Evangelische Fachhochschule Freiburg<\/a> | <a title=\"Evangelische Fachhochschule Reutlingen-Ludwigsburg\" href=\"https:\/\/www.campuswerk.com\/Hochschulen-Deutschland\/hochschulen\/hochschulen-baden-wurttemberg\/evangelische-fachhochschule-reutlingen-ludwigsburg\">Evangelische Fachhochschule Reutlingen-Ludwigsburg<\/a> | <a title=\"Evangelische Hochschule f\u00fcr Kirchenmusik T\u00fcbingen\" href=\"https:\/\/www.campuswerk.com\/Hochschulen-Deutschland\/hochschulen\/hochschulen-baden-wurttemberg\/evangelische-hochschule-fur-kirchenmusik-tubingen\">Evangelische Hochschule f\u00fcr Kirchenmusik T\u00fcbingen<\/a>| <a title=\"Fachhochschule f\u00fcr Rechtspflege Schwetzingen\" href=\"https:\/\/www.campuswerk.com\/Hochschulen-Deutschland\/hochschulen\/hochschulen-baden-wurttemberg\/fachhochschule-fur-rechtspflege-schwetzingen\">Fachhochschule f\u00fcr Rechtspflege Schwetzingen<\/a> |<a title=\"Filmakademie Baden-W\u00fcrttemberg\" href=\"https:\/\/www.campuswerk.com\/Hochschulen-Deutschland\/hochschulen\/hochschulen-baden-wurttemberg\/filmakademie-baden-wurttemberg\">Filmakademie Baden-W\u00fcrttemberg<\/a> | <a title=\"Duale Hochschule Baden-W\u00fcrttemberg\" href=\"https:\/\/www.campuswerk.com\/Hochschulen-Deutschland\/hochschulen\/hochschulen-baden-wurttemberg\/hochschule-aalen\">Hochschule Aalen<\/a> | <a title=\"Hochschule Albstadt-Simaringen\" href=\"https:\/\/www.campuswerk.com\/Hochschulen-Deutschland\/hochschulen\/hochschulen-baden-wurttemberg\/hochschule-albstadt-simaringen\">Hochschule Albstadt-Simaringen<\/a> | <a title=\"Hochschule Biberach\" href=\"https:\/\/www.campuswerk.com\/Hochschulen-Deutschland\/hochschulen\/hochschulen-baden-wurttemberg\/hochschule-biberach\">Hochschule Biberach<\/a> | <a title=\"Hochschule der Bundesagentur f\u00fcr Arbeit\" href=\"https:\/\/www.campuswerk.com\/Hochschulen-Deutschland\/hochschulen\/hochschulen-baden-wurttemberg\/hochschule-der-bundesagentur-fur-arbeit\">Hochschule der Bundesagentur f\u00fcr Arbeit<\/a>| <a title=\"Hochschule der Medien Stuttgart\" href=\"https:\/\/www.campuswerk.com\/Hochschulen-Deutschland\/hochschulen\/hochschulen-baden-wurttemberg\/hochschule-der-medien-stuttgart\">Hochschule der Medien Stuttgart<\/a><\/p>\n","protected":false},"excerpt":{"rendered":"<p>Kontakt Theologische Hochschule Reutlingen Friedrich-Ebert-Stra\u00dfe 31 72762 Reutlingen Telefon: +49 (0) 7121 9259 0 E-Mail: info@th-reutlingen.de \u00d6ffnungszeiten: Mo-Fr 8-12 Internet: https:\/\/www.th-reutlingen.de [wpmaps company=&#8220;Theologische Hochschule Reutlingen &#8220; street=&#8220;Friedrich-Ebert-Stra\u00dfe 31&#8243; city=&#8220;72762 Reutlingen&#8220;] \u00dcbersicht Studieng\u00e4nge Studieng\u00e4nge Bachlor Master Fernstudiengang Theologie B M Weitere Hochschulen Baden W\u00fcrttemberg: Akademie f\u00fcr Darstellende Kunst Baden-W\u00fcrttemberg | Duale Hochschule Baden-W\u00fcrttemberg | Evangelische Fachhochschule [&hellip;]<\/p>\n","protected":false},"author":1,"featured_media":0,"parent":323,"menu_order":0,"comment_status":"open","ping_status":"open","template":"","meta":{"footnotes":""},"class_list":["post-1091","page","type-page","status-publish","hentry"],"_links":{"self":[{"href":"https:\/\/www.campuswerk.com\/Hochschulen-Deutschland\/wp-json\/wp\/v2\/pages\/1091","targetHints":{"allow":["GET"]}}],"collection":[{"href":"https:\/\/www.campuswerk.com\/Hochschulen-Deutschland\/wp-json\/wp\/v2\/pages"}],"about":[{"href":"https:\/\/www.campuswerk.com\/Hochschulen-Deutschland\/wp-json\/wp\/v2\/types\/page"}],"author":[{"embeddable":true,"href":"https:\/\/www.campuswerk.com\/Hochschulen-Deutschland\/wp-json\/wp\/v2\/users\/1"}],"replies":[{"embeddable":true,"href":"https:\/\/www.campuswerk.com\/Hochschulen-Deutschland\/wp-json\/wp\/v2\/comments?post=1091"}],"version-history":[{"count":5,"href":"https:\/\/www.campuswerk.com\/Hochschulen-Deutschland\/wp-json\/wp\/v2\/pages\/1091\/revisions"}],"predecessor-version":[{"id":3270,"href":"https:\/\/www.campuswerk.com\/Hochschulen-Deutschland\/wp-json\/wp\/v2\/pages\/1091\/revisions\/3270"}],"up":[{"embeddable":true,"href":"https:\/\/www.campuswerk.com\/Hochschulen-Deutschland\/wp-json\/wp\/v2\/pages\/323"}],"wp:attachment":[{"href":"https:\/\/www.campuswerk.com\/Hochschulen-Deutschland\/wp-json\/wp\/v2\/media?parent=1091"}],"curies":[{"name":"wp","href":"https:\/\/api.w.org\/{rel}","templated":true}]}}