{"id":1066,"date":"2011-02-09T11:35:03","date_gmt":"2011-02-09T11:35:03","guid":{"rendered":"http:\/\/www.campuswerk.com\/Hochschulen-Deutschland"},"modified":"2022-05-09T13:07:19","modified_gmt":"2022-05-09T13:07:19","slug":"katholische-hochschule-fur-kirchenmusik-rottenburg","status":"publish","type":"page","link":"https:\/\/www.campuswerk.com\/Hochschulen-Deutschland\/hochschulen\/hochschulen-baden-wurttemberg\/katholische-hochschule-fur-kirchenmusik-rottenburg","title":{"rendered":"Katholische Hochschule f\u00fcr Kirchenmusik Rottenburg"},"content":{"rendered":"<h4>Kontakt<\/h4>\n<div class=\"adresse\">\n<ul>\n<li>Hochschule f\u00fcr Kirchenmusik Rottenburg<\/li>\n<li>St. Meinrad-Weg 6<\/li>\n<li>72108 Rottenburg<\/li>\n<li>Telefon: 07472-93630<\/li>\n<li>E-Mail: hfk-rottenburg@bo.drs.de<\/li>\n<li>\u00d6ffnungszeiten:<\/li>\n<li>Internet: <a title=\"Hochschule f\u00fcr Kirchenmusik Rottenburg\" href=\"https:\/\/www.kirchenmusik-hochschule.org\">https:\/\/www.kirchenmusik-hochschule.org<\/a><\/li>\n<\/ul>\n<\/div>\n<pre>[wpmaps company=\"Hochschule f\u00fcr Kirchenmusik Rottenburg\" street=\"St. Meinrad-Weg 6\" city=\"72108 Rottenburg\"]<\/pre>\n<h5>\u00dcbersicht Studieng\u00e4nge<\/h5>\n<table border=\"0\" width=\"840\" cellpadding=\"0\">\n<tbody>\n<tr>\n<td class=\"tstyle\" width=\"40%\">Studieng\u00e4nge<\/td>\n<td class=\"tstyle\" align=\"center\" width=\"20%\">Bachlor<\/td>\n<td class=\"tstyle\" align=\"center\" width=\"20%\">Master<\/td>\n<td class=\"tstyle\" align=\"center\" width=\"20%\">Fernstudiengang<\/td>\n<\/tr>\n<tr>\n<td>Musiklehrer<\/td>\n<td align=\"center\">B<\/td>\n<td align=\"center\"><\/td>\n<td align=\"center\"><\/td>\n<\/tr>\n<tr>\n<td>Ensembleleitung<\/td>\n<td align=\"center\"><\/td>\n<td align=\"center\">M<\/td>\n<td align=\"center\"><\/td>\n<\/tr>\n<tr>\n<td>Gesang \/ Gesangsp\u00e4dagogik<\/td>\n<td align=\"center\"><\/td>\n<td align=\"center\">M<\/td>\n<td align=\"center\"><\/td>\n<\/tr>\n<tr>\n<td>Klavier \/Klavierp\u00e4dagogik<\/td>\n<td align=\"center\"><\/td>\n<td align=\"center\">M<\/td>\n<td align=\"center\"><\/td>\n<\/tr>\n<tr>\n<td>Orgelimprovisation<\/td>\n<td align=\"center\"><\/td>\n<td align=\"center\">M<\/td>\n<td align=\"center\"><\/td>\n<\/tr>\n<tr>\n<td>Orgelliteraturspiel<\/td>\n<td align=\"center\"><\/td>\n<td align=\"center\">M<\/td>\n<td align=\"center\"><\/td>\n<\/tr>\n<\/tbody>\n<\/table>\n<p>Weitere Hochschulen Baden W\u00fcrttemberg: <a title=\"Akademie f\u00fcr Darstellende Kunst Baden-W\u00fcrttemberg\" href=\"https:\/\/www.campuswerk.com\/Hochschulen-Deutschland\/hochschulen\/hochschulen-baden-wurttemberg\/akademie-fur-darstellende-kunst-baden-wurttemberg\">Akademie f\u00fcr Darstellende Kunst Baden-W\u00fcrttemberg<\/a> | <a title=\"Duale Hochschule Baden-W\u00fcrttemberg\" href=\"https:\/\/www.campuswerk.com\/Hochschulen-Deutschland\/hochschulen\/hochschulen-baden-wurttemberg\/duale-hochschule-baden-wurttemberg\">Duale Hochschule Baden-W\u00fcrttemberg<\/a> | <a title=\"Evangelische Fachhochschule Freiburg\" href=\"https:\/\/www.campuswerk.com\/Hochschulen-Deutschland\/hochschulen\/hochschulen-baden-wurttemberg\/evangelische-fachhochschule-freiburg\">Evangelische Fachhochschule Freiburg<\/a> | <a title=\"Evangelische Fachhochschule Reutlingen-Ludwigsburg\" href=\"https:\/\/www.campuswerk.com\/Hochschulen-Deutschland\/hochschulen\/hochschulen-baden-wurttemberg\/evangelische-fachhochschule-reutlingen-ludwigsburg\">Evangelische Fachhochschule Reutlingen-Ludwigsburg<\/a> | <a title=\"Evangelische Hochschule f\u00fcr Kirchenmusik T\u00fcbingen\" href=\"https:\/\/www.campuswerk.com\/Hochschulen-Deutschland\/hochschulen\/hochschulen-baden-wurttemberg\/evangelische-hochschule-fur-kirchenmusik-tubingen\">Evangelische Hochschule f\u00fcr Kirchenmusik T\u00fcbingen<\/a>| <a title=\"Fachhochschule f\u00fcr Rechtspflege Schwetzingen\" href=\"https:\/\/www.campuswerk.com\/Hochschulen-Deutschland\/hochschulen\/hochschulen-baden-wurttemberg\/fachhochschule-fur-rechtspflege-schwetzingen\">Fachhochschule f\u00fcr Rechtspflege Schwetzingen<\/a> |<a title=\"Filmakademie Baden-W\u00fcrttemberg\" href=\"https:\/\/www.campuswerk.com\/Hochschulen-Deutschland\/hochschulen\/hochschulen-baden-wurttemberg\/filmakademie-baden-wurttemberg\">Filmakademie Baden-W\u00fcrttemberg<\/a> | <a title=\"Duale Hochschule Baden-W\u00fcrttemberg\" href=\"https:\/\/www.campuswerk.com\/Hochschulen-Deutschland\/hochschulen\/hochschulen-baden-wurttemberg\/hochschule-aalen\">Hochschule Aalen<\/a> | <a title=\"Hochschule Albstadt-Simaringen\" href=\"https:\/\/www.campuswerk.com\/Hochschulen-Deutschland\/hochschulen\/hochschulen-baden-wurttemberg\/hochschule-albstadt-simaringen\">Hochschule Albstadt-Simaringen<\/a> | <a title=\"Hochschule Biberach\" href=\"https:\/\/www.campuswerk.com\/Hochschulen-Deutschland\/hochschulen\/hochschulen-baden-wurttemberg\/hochschule-biberach\">Hochschule Biberach<\/a> | <a title=\"Hochschule der Bundesagentur f\u00fcr Arbeit\" href=\"https:\/\/www.campuswerk.com\/Hochschulen-Deutschland\/hochschulen\/hochschulen-baden-wurttemberg\/hochschule-der-bundesagentur-fur-arbeit\">Hochschule der Bundesagentur f\u00fcr Arbeit<\/a>| <a title=\"Hochschule der Medien Stuttgart\" href=\"https:\/\/www.campuswerk.com\/Hochschulen-Deutschland\/hochschulen\/hochschulen-baden-wurttemberg\/hochschule-der-medien-stuttgart\">Hochschule der Medien Stuttgart<\/a><\/p>\n","protected":false},"excerpt":{"rendered":"<p>Kontakt Hochschule f\u00fcr Kirchenmusik Rottenburg St. Meinrad-Weg 6 72108 Rottenburg Telefon: 07472-93630 E-Mail: hfk-rottenburg@bo.drs.de \u00d6ffnungszeiten: Internet: https:\/\/www.kirchenmusik-hochschule.org [wpmaps company=&#8220;Hochschule f\u00fcr Kirchenmusik Rottenburg&#8220; street=&#8220;St. Meinrad-Weg 6&#8243; city=&#8220;72108 Rottenburg&#8220;] \u00dcbersicht Studieng\u00e4nge Studieng\u00e4nge Bachlor Master Fernstudiengang Musiklehrer B Ensembleleitung M Gesang \/ Gesangsp\u00e4dagogik M Klavier \/Klavierp\u00e4dagogik M Orgelimprovisation M Orgelliteraturspiel M Weitere Hochschulen Baden W\u00fcrttemberg: Akademie f\u00fcr Darstellende [&hellip;]<\/p>\n","protected":false},"author":1,"featured_media":0,"parent":323,"menu_order":0,"comment_status":"open","ping_status":"open","template":"","meta":{"footnotes":""},"class_list":["post-1066","page","type-page","status-publish","hentry"],"_links":{"self":[{"href":"https:\/\/www.campuswerk.com\/Hochschulen-Deutschland\/wp-json\/wp\/v2\/pages\/1066","targetHints":{"allow":["GET"]}}],"collection":[{"href":"https:\/\/www.campuswerk.com\/Hochschulen-Deutschland\/wp-json\/wp\/v2\/pages"}],"about":[{"href":"https:\/\/www.campuswerk.com\/Hochschulen-Deutschland\/wp-json\/wp\/v2\/types\/page"}],"author":[{"embeddable":true,"href":"https:\/\/www.campuswerk.com\/Hochschulen-Deutschland\/wp-json\/wp\/v2\/users\/1"}],"replies":[{"embeddable":true,"href":"https:\/\/www.campuswerk.com\/Hochschulen-Deutschland\/wp-json\/wp\/v2\/comments?post=1066"}],"version-history":[{"count":4,"href":"https:\/\/www.campuswerk.com\/Hochschulen-Deutschland\/wp-json\/wp\/v2\/pages\/1066\/revisions"}],"predecessor-version":[{"id":2798,"href":"https:\/\/www.campuswerk.com\/Hochschulen-Deutschland\/wp-json\/wp\/v2\/pages\/1066\/revisions\/2798"}],"up":[{"embeddable":true,"href":"https:\/\/www.campuswerk.com\/Hochschulen-Deutschland\/wp-json\/wp\/v2\/pages\/323"}],"wp:attachment":[{"href":"https:\/\/www.campuswerk.com\/Hochschulen-Deutschland\/wp-json\/wp\/v2\/media?parent=1066"}],"curies":[{"name":"wp","href":"https:\/\/api.w.org\/{rel}","templated":true}]}}