{"id":1056,"date":"2011-02-09T11:32:03","date_gmt":"2011-02-09T11:32:03","guid":{"rendered":"http:\/\/www.campuswerk.com\/Hochschulen-Deutschland"},"modified":"2022-05-11T07:22:30","modified_gmt":"2022-05-11T07:22:30","slug":"hochschule-ulm","status":"publish","type":"page","link":"https:\/\/www.campuswerk.com\/Hochschulen-Deutschland\/hochschulen\/hochschulen-baden-wurttemberg\/hochschule-ulm","title":{"rendered":"Hochschule Ulm"},"content":{"rendered":"<h4>Kontakt<\/h4>\n<div class=\"adresse\">\n<ul>\n<li>Hochschule Ulm<\/li>\n<li>Prittwitzstra\u00dfe 10<\/li>\n<li>89075 Ulm<\/li>\n<li>Telefon: +49 (0) 731 50 208<\/li>\n<li>E-Mail: info@hs-ulm.de<\/li>\n<li>\u00d6ffnungszeiten: Mo-Fr 9-12, 13-17<\/li>\n<li>Internet: <a title=\"Hochschule Ulm\" href=\"https:\/\/studium.hs-ulm.de\/de\/Seiten\/Homepage.aspx\">https:\/\/www.hs-ulm.de<\/a><\/li>\n<\/ul>\n<\/div>\n<pre>[wpmaps company=\"Hochschule Ulm\" street=\"Prittwitzstra\u00dfe 10\" city=\"89075 Ulm\"]<\/pre>\n<h5>\u00dcbersicht Studieng\u00e4nge<\/h5>\n<table border=\"0\" width=\"840\" cellpadding=\"0\">\n<tbody>\n<tr>\n<td class=\"tstyle\" width=\"40%\">Studieng\u00e4nge<\/td>\n<td class=\"tstyle\" align=\"center\" width=\"20%\">Bachlor<\/td>\n<td class=\"tstyle\" align=\"center\" width=\"20%\">Master<\/td>\n<td class=\"tstyle\" align=\"center\" width=\"20%\">Fernstudiengang<\/td>\n<\/tr>\n<tr>\n<td>Digital Media<\/td>\n<td align=\"center\">B<\/td>\n<td align=\"center\"><\/td>\n<td align=\"center\"><\/td>\n<\/tr>\n<tr>\n<td>Energiesysteme<\/td>\n<td align=\"center\">B<\/td>\n<td align=\"center\"><\/td>\n<td align=\"center\"><\/td>\n<\/tr>\n<tr>\n<td>Fahrzeugelektronik<\/td>\n<td align=\"center\">B<\/td>\n<td align=\"center\"><\/td>\n<td align=\"center\"><\/td>\n<\/tr>\n<tr>\n<td>Fahrzeugtechnik<\/td>\n<td align=\"center\">B<\/td>\n<td align=\"center\"><\/td>\n<td align=\"center\"><\/td>\n<\/tr>\n<tr>\n<td>Fahrzeugtechnik (dual)<\/td>\n<td align=\"center\">B<\/td>\n<td align=\"center\"><\/td>\n<td align=\"center\"><\/td>\n<\/tr>\n<tr>\n<td>Industrieelektronik<\/td>\n<td align=\"center\">B<\/td>\n<td align=\"center\"><\/td>\n<td align=\"center\"><\/td>\n<\/tr>\n<tr>\n<td>Industrieelektronik (dual)<\/td>\n<td align=\"center\">B<\/td>\n<td align=\"center\"><\/td>\n<td align=\"center\"><\/td>\n<\/tr>\n<tr>\n<td>Informationsmanagement im Gesundheitswesen<\/td>\n<td align=\"center\">B<\/td>\n<td align=\"center\"><\/td>\n<td align=\"center\"><\/td>\n<\/tr>\n<tr>\n<td>Informationssysteme<\/td>\n<td align=\"center\"><\/td>\n<td align=\"center\">M<\/td>\n<td align=\"center\"><\/td>\n<\/tr>\n<tr>\n<td>Maschinenbau<\/td>\n<td align=\"center\">B<\/td>\n<td align=\"center\"><\/td>\n<td align=\"center\"><\/td>\n<\/tr>\n<tr>\n<td>Maschinenbau (dual)<\/td>\n<td align=\"center\">B<\/td>\n<td align=\"center\"><\/td>\n<td align=\"center\"><\/td>\n<\/tr>\n<tr>\n<td>Mechatronik<\/td>\n<td align=\"center\">B<\/td>\n<td align=\"center\"><\/td>\n<td align=\"center\"><\/td>\n<\/tr>\n<tr>\n<td>Medizinische Dokumentation und Informatik<\/td>\n<td align=\"center\">B<\/td>\n<td align=\"center\"><\/td>\n<td align=\"center\"><\/td>\n<\/tr>\n<tr>\n<td>Medizintechnik<\/td>\n<td align=\"center\">B<\/td>\n<td align=\"center\">M<\/td>\n<td align=\"center\"><\/td>\n<\/tr>\n<tr>\n<td>Nachrichtentechnik<\/td>\n<td align=\"center\">B<\/td>\n<td align=\"center\"><\/td>\n<td align=\"center\"><\/td>\n<\/tr>\n<tr>\n<td>Nachrichtentechnik (dual)<\/td>\n<td align=\"center\">B<\/td>\n<td align=\"center\"><\/td>\n<td align=\"center\"><\/td>\n<\/tr>\n<tr>\n<td>Produktionstechnik (dual)<\/td>\n<td align=\"center\">B<\/td>\n<td align=\"center\"><\/td>\n<td align=\"center\"><\/td>\n<\/tr>\n<tr>\n<td>Produktionstechnik und Organisation<\/td>\n<td align=\"center\">B<\/td>\n<td align=\"center\"><\/td>\n<td align=\"center\"><\/td>\n<\/tr>\n<tr>\n<td>Sustainable Energy Competence<\/td>\n<td align=\"center\"><\/td>\n<td align=\"center\">M<\/td>\n<td align=\"center\"><\/td>\n<\/tr>\n<tr>\n<td>Systems Engineering und Management<\/td>\n<td align=\"center\"><\/td>\n<td align=\"center\">M<\/td>\n<td align=\"center\"><\/td>\n<\/tr>\n<tr>\n<td>Technische Informatik<\/td>\n<td align=\"center\">B<\/td>\n<td align=\"center\"><\/td>\n<td align=\"center\"><\/td>\n<\/tr>\n<tr>\n<td>Wirtschaftsinformatik<\/td>\n<td align=\"center\">B<\/td>\n<td align=\"center\"><\/td>\n<td align=\"center\"><\/td>\n<\/tr>\n<tr>\n<td>Wirtschaftsingenieur<\/td>\n<td align=\"center\">B<\/td>\n<td align=\"center\"><\/td>\n<td align=\"center\"><\/td>\n<\/tr>\n<tr>\n<td>Wirtschaftsingenieur &#8211; Logistik<\/td>\n<td align=\"center\">B<\/td>\n<td align=\"center\"><\/td>\n<td align=\"center\"><\/td>\n<\/tr>\n<\/tbody>\n<\/table>\n<p>Weitere Hochschulen Baden W\u00fcrttemberg: <a title=\"Hochschule Esslingen\" href=\"https:\/\/www.campuswerk.com\/Hochschulen-Deutschland\/hochschulen\/hochschulen-baden-wurttemberg\/hochschule-esslingen\">Hochschule Esslingen<\/a> | <a title=\"Hochschule Furtwangen\" href=\"https:\/\/www.campuswerk.com\/Hochschulen-Deutschland\/hochschulen\/hochschulen-baden-wurttemberg\/hochschule-furtwangen\">Hochschule Furtwangen<\/a> | <a title=\"Hochschule f\u00fcr Forstwirtschaft Rottenburg\" href=\"https:\/\/www.campuswerk.com\/Hochschulen-Deutschland\/hochschulen\/hochschulen-baden-wurttemberg\/hochschule-fur-forstwirtschaft-rottenburg\">Hochschule f\u00fcr Forstwirtschaft Rottenburg<\/a> | <a title=\"Hochschule f\u00fcr Gestaltung Schw\u00e4bisch Gm\u00fcnd\" href=\"https:\/\/www.campuswerk.com\/Hochschulen-Deutschland\/hochschulen\/hochschulen-baden-wurttemberg\/hochschule-fur-gestaltung-schwabisch-gmund\">Hochschule f\u00fcr Gestaltung Schw\u00e4bisch Gm\u00fcnd<\/a> | <a title=\"Hochschule f\u00fcr J\u00fcdische Studien\" href=\"https:\/\/www.campuswerk.com\/Hochschulen-Deutschland\/hochschulen\/hochschulen-baden-wurttemberg\/hochschule-fur-judische-studien\">Hochschule f\u00fcr J\u00fcdische Studien<\/a> | <a title=\"Hochschule f\u00fcr Kirchenmusik Heidelberg\" href=\"https:\/\/www.campuswerk.com\/Hochschulen-Deutschland\/hochschulen\/hochschulen-baden-wurttemberg\/hochschule-fur-kirchenmusik-heidelberg\">Hochschule f\u00fcr Kirchenmusik Heidelberg<\/a> | <a title=\"Hochschule f\u00fcr Kunsttherapie N\u00fcrtingen\" href=\"https:\/\/www.campuswerk.com\/Hochschulen-Deutschland\/hochschulen\/hochschulen-baden-wurttemberg\/hochschule-fur-kunsttherapie-nurtingen\">Hochschule f\u00fcr Kunsttherapie N\u00fcrtingen<\/a> | <a title=\"Hochschule f\u00fcr Musik Freiburg\" href=\"https:\/\/www.campuswerk.com\/Hochschulen-Deutschland\/hochschulen\/hochschulen-baden-wurttemberg\/hochschule-fur-musik-freiburg\">Hochschule f\u00fcr Musik Freiburg<\/a> | <a title=\"Hochschule f\u00fcr Musik Trossingen\" href=\"https:\/\/www.campuswerk.com\/Hochschulen-Deutschland\/hochschulen\/hochschulen-baden-wurttemberg\/hochschule-fur-musik-trossingen\">Hochschule f\u00fcr Musik Trossingen<\/a> | <a title=\"Hochschule f\u00fcr Musik und Darstellende Kunst Mannheim\" href=\"https:\/\/www.campuswerk.com\/Hochschulen-Deutschland\/hochschulen\/hochschulen-baden-wurttemberg\/hochschule-fur-musik-und-darstellende-kunst-mannheim\">Hochschule f\u00fcr Musik und Darstellende Kunst Mannheim<\/a> | <a title=\"Hochschule f\u00fcr Polizei\" href=\"https:\/\/www.campuswerk.com\/Hochschulen-Deutschland\/hochschulen\/hochschulen-baden-wurttemberg\/hochschule-fur-polizei\">Hochschule f\u00fcr Polizei<\/a> | <a title=\"Hochschule f\u00fcr Technik Stuttgart\" href=\"https:\/\/www.campuswerk.com\/Hochschulen-Deutschland\/hochschulen\/hochschulen-baden-wurttemberg\/hochschule-fur-technik-stuttgart\">Hochschule f\u00fcr Technik Stuttgart<\/a>\u00a0| <a title=\"Hochschule f\u00fcr Musik Karlsruhe\" href=\"https:\/\/www.campuswerk.com\/Hochschulen-Deutschland\/hochschulen\/hochschulen-baden-wurttemberg\/hochschule-fur-musik-karlsruhe\">Hochschule f\u00fcr Musik Karlsruhe<\/a> | <a title=\"Hochschule f\u00fcr Wirtschaft und Umwelt N\u00fcrtingen-Geislingen\" href=\"https:\/\/www.campuswerk.com\/Hochschulen-Deutschland\/hochschulen\/hochschulen-baden-wurttemberg\/hochschule-fur-wirtschaft-und-umwelt-nurtingen-geislingen\">Hochschule f\u00fcr Wirtschaft und Umwelt N\u00fcrtingen-Geislingen<\/a><\/p>\n","protected":false},"excerpt":{"rendered":"<p>Kontakt Hochschule Ulm Prittwitzstra\u00dfe 10 89075 Ulm Telefon: +49 (0) 731 50 208 E-Mail: info@hs-ulm.de \u00d6ffnungszeiten: Mo-Fr 9-12, 13-17 Internet: https:\/\/www.hs-ulm.de [wpmaps company=&#8220;Hochschule Ulm&#8220; street=&#8220;Prittwitzstra\u00dfe 10&#8243; city=&#8220;89075 Ulm&#8220;] \u00dcbersicht Studieng\u00e4nge Studieng\u00e4nge Bachlor Master Fernstudiengang Digital Media B Energiesysteme B Fahrzeugelektronik B Fahrzeugtechnik B Fahrzeugtechnik (dual) B Industrieelektronik B Industrieelektronik (dual) B Informationsmanagement im Gesundheitswesen B [&hellip;]<\/p>\n","protected":false},"author":1,"featured_media":0,"parent":323,"menu_order":0,"comment_status":"open","ping_status":"open","template":"","meta":{"footnotes":""},"class_list":["post-1056","page","type-page","status-publish","hentry"],"_links":{"self":[{"href":"https:\/\/www.campuswerk.com\/Hochschulen-Deutschland\/wp-json\/wp\/v2\/pages\/1056","targetHints":{"allow":["GET"]}}],"collection":[{"href":"https:\/\/www.campuswerk.com\/Hochschulen-Deutschland\/wp-json\/wp\/v2\/pages"}],"about":[{"href":"https:\/\/www.campuswerk.com\/Hochschulen-Deutschland\/wp-json\/wp\/v2\/types\/page"}],"author":[{"embeddable":true,"href":"https:\/\/www.campuswerk.com\/Hochschulen-Deutschland\/wp-json\/wp\/v2\/users\/1"}],"replies":[{"embeddable":true,"href":"https:\/\/www.campuswerk.com\/Hochschulen-Deutschland\/wp-json\/wp\/v2\/comments?post=1056"}],"version-history":[{"count":6,"href":"https:\/\/www.campuswerk.com\/Hochschulen-Deutschland\/wp-json\/wp\/v2\/pages\/1056\/revisions"}],"predecessor-version":[{"id":3316,"href":"https:\/\/www.campuswerk.com\/Hochschulen-Deutschland\/wp-json\/wp\/v2\/pages\/1056\/revisions\/3316"}],"up":[{"embeddable":true,"href":"https:\/\/www.campuswerk.com\/Hochschulen-Deutschland\/wp-json\/wp\/v2\/pages\/323"}],"wp:attachment":[{"href":"https:\/\/www.campuswerk.com\/Hochschulen-Deutschland\/wp-json\/wp\/v2\/media?parent=1056"}],"curies":[{"name":"wp","href":"https:\/\/api.w.org\/{rel}","templated":true}]}}