{"id":1051,"date":"2011-02-09T11:30:23","date_gmt":"2011-02-09T11:30:23","guid":{"rendered":"http:\/\/www.campuswerk.com\/Hochschulen-Deutschland"},"modified":"2022-05-11T07:24:23","modified_gmt":"2022-05-11T07:24:23","slug":"hochschule-ravensburg-weingarten","status":"publish","type":"page","link":"https:\/\/www.campuswerk.com\/Hochschulen-Deutschland\/hochschulen\/hochschulen-baden-wurttemberg\/hochschule-ravensburg-weingarten","title":{"rendered":"Hochschule Ravensburg-Weingarten"},"content":{"rendered":"<h4>Kontakt<\/h4>\n<div class=\"adresse\">\n<ul>\n<li>Hochschule Ravensburg-Weingarten<\/li>\n<li>Doggenriedstra\u00dfe<\/li>\n<li>88250 Weingarten<\/li>\n<li>Telefon: +49 (0) 751 501-9344<\/li>\n<li>E-Mail: info@hs-weingarten.de<\/li>\n<li>\u00d6ffnungszeiten: Mo-Fr 9-11.45, Mo-Do 14-15.30<\/li>\n<li>Internet: <a title=\"Hochschule Reutlingen\" href=\"https:\/\/www.rwu.de\/\">https:\/\/www.rwu.de<\/a><\/li>\n<\/ul>\n<\/div>\n<pre>[wpmaps company=\"Hochschule Ravensburg-Weingarten\" street=\"Doggenriedstra\u00dfe\" city=\"88250 Weingarten\"]<\/pre>\n<h5>\u00dcbersicht Studieng\u00e4nge<\/h5>\n<table border=\"0\" width=\"840\" cellpadding=\"0\">\n<tbody>\n<tr>\n<td class=\"tstyle\" width=\"40%\">Studieng\u00e4nge<\/td>\n<td class=\"tstyle\" align=\"center\" width=\"20%\">Bachlor<\/td>\n<td class=\"tstyle\" align=\"center\" width=\"20%\">Master<\/td>\n<td class=\"tstyle\" align=\"center\" width=\"20%\">Fernstudiengang<\/td>\n<\/tr>\n<tr>\n<td>Angewandte Informatik<\/td>\n<td align=\"center\">B<\/td>\n<td align=\"center\"><\/td>\n<td align=\"center\"><\/td>\n<\/tr>\n<tr>\n<td>Betriebswirtschaft und Management<\/td>\n<td align=\"center\">B<\/td>\n<td align=\"center\"><\/td>\n<td align=\"center\"><\/td>\n<\/tr>\n<tr>\n<td>Betriebswirtschaft, Produktion und M\u00e4rkte<\/td>\n<td align=\"center\"><\/td>\n<td align=\"center\">M<\/td>\n<td align=\"center\"><\/td>\n<\/tr>\n<tr>\n<td>Electrical Engineering<\/td>\n<td align=\"center\"><\/td>\n<td align=\"center\">M<\/td>\n<td align=\"center\"><\/td>\n<\/tr>\n<tr>\n<td>Elektrotechnik \/ Physik PLUS<\/td>\n<td align=\"center\">B<\/td>\n<td align=\"center\"><\/td>\n<td align=\"center\"><\/td>\n<\/tr>\n<tr>\n<td>Elektrotechnik und Informationstechnik<\/td>\n<td align=\"center\">B<\/td>\n<td align=\"center\"><\/td>\n<td align=\"center\"><\/td>\n<\/tr>\n<tr>\n<td>Fahrzeugtechnik<\/td>\n<td align=\"center\">B<\/td>\n<td align=\"center\"><\/td>\n<td align=\"center\"><\/td>\n<\/tr>\n<tr>\n<td>Fahrzeugtechnik PLUS<\/td>\n<td align=\"center\">B<\/td>\n<td align=\"center\"><\/td>\n<td align=\"center\"><\/td>\n<\/tr>\n<tr>\n<td>Gesundheitsf\u00f6rderung \/ Health Promotion<\/td>\n<td align=\"center\"><\/td>\n<td align=\"center\">M<\/td>\n<td align=\"center\"><\/td>\n<\/tr>\n<tr>\n<td>Gesundheits\u00f6konomie<\/td>\n<td align=\"center\">B<\/td>\n<td align=\"center\"><\/td>\n<td align=\"center\"><\/td>\n<\/tr>\n<tr>\n<td>Informatik<\/td>\n<td align=\"center\"><\/td>\n<td align=\"center\">M<\/td>\n<td align=\"center\"><\/td>\n<\/tr>\n<tr>\n<td>International Business Management<\/td>\n<td align=\"center\"><\/td>\n<td align=\"center\">M<\/td>\n<td align=\"center\"><\/td>\n<\/tr>\n<tr>\n<td>Management im Sozial- und Gesundheitswesen<\/td>\n<td align=\"center\"><\/td>\n<td align=\"center\">M<\/td>\n<td align=\"center\"><\/td>\n<\/tr>\n<tr>\n<td>Maschinenbau<\/td>\n<td align=\"center\">B<\/td>\n<td align=\"center\"><\/td>\n<td align=\"center\"><\/td>\n<\/tr>\n<tr>\n<td>Mechatronics<\/td>\n<td align=\"center\"><\/td>\n<td align=\"center\">M<\/td>\n<td align=\"center\"><\/td>\n<\/tr>\n<tr>\n<td>Optische Systemtechnik<\/td>\n<td align=\"center\"><\/td>\n<td align=\"center\">M<\/td>\n<td align=\"center\"><\/td>\n<\/tr>\n<tr>\n<td>Pflegep\u00e4dagogik<\/td>\n<td align=\"center\">B<\/td>\n<td align=\"center\"><\/td>\n<td align=\"center\"><\/td>\n<\/tr>\n<tr>\n<td>Physikalische Technik<\/td>\n<td align=\"center\">B<\/td>\n<td align=\"center\"><\/td>\n<td align=\"center\"><\/td>\n<\/tr>\n<tr>\n<td>Produktentwicklung im Maschinenbau<\/td>\n<td align=\"center\"><\/td>\n<td align=\"center\">M<\/td>\n<td align=\"center\"><\/td>\n<\/tr>\n<tr>\n<td>Soziale Arbeit<\/td>\n<td align=\"center\">B<\/td>\n<td align=\"center\"><\/td>\n<td align=\"center\"><\/td>\n<\/tr>\n<tr>\n<td>Technik-Management<\/td>\n<td align=\"center\">B<\/td>\n<td align=\"center\"><\/td>\n<td align=\"center\"><\/td>\n<\/tr>\n<tr>\n<td>Umwelt- und Verfahrenstechnik<\/td>\n<td align=\"center\"><\/td>\n<td align=\"center\">M<\/td>\n<td align=\"center\"><\/td>\n<\/tr>\n<tr>\n<td>Wirtschaftsinformatik<\/td>\n<td align=\"center\"><\/td>\n<td align=\"center\">M<\/td>\n<td align=\"center\"><\/td>\n<\/tr>\n<tr>\n<td>Wirtschaftsinformatik (Lehramt)<\/td>\n<td align=\"center\">B<\/td>\n<td align=\"center\">M<\/td>\n<td align=\"center\"><\/td>\n<\/tr>\n<tr>\n<td>Wirtschaftsinformatik und E-Business<\/td>\n<td align=\"center\">B<\/td>\n<td align=\"center\"><\/td>\n<td align=\"center\"><\/td>\n<\/tr>\n<\/tbody>\n<\/table>\n<p>Weitere Hochschulen Baden W\u00fcrttemberg: <a title=\"Hochschule Esslingen\" href=\"https:\/\/www.campuswerk.com\/Hochschulen-Deutschland\/hochschulen\/hochschulen-baden-wurttemberg\/hochschule-esslingen\">Hochschule Esslingen<\/a> | <a title=\"Hochschule Furtwangen\" href=\"https:\/\/www.campuswerk.com\/Hochschulen-Deutschland\/hochschulen\/hochschulen-baden-wurttemberg\/hochschule-furtwangen\">Hochschule Furtwangen<\/a> | <a title=\"Hochschule f\u00fcr Forstwirtschaft Rottenburg\" href=\"https:\/\/www.campuswerk.com\/Hochschulen-Deutschland\/hochschulen\/hochschulen-baden-wurttemberg\/hochschule-fur-forstwirtschaft-rottenburg\">Hochschule f\u00fcr Forstwirtschaft Rottenburg<\/a> | <a title=\"Hochschule f\u00fcr Gestaltung Schw\u00e4bisch Gm\u00fcnd\" href=\"https:\/\/www.campuswerk.com\/Hochschulen-Deutschland\/hochschulen\/hochschulen-baden-wurttemberg\/hochschule-fur-gestaltung-schwabisch-gmund\">Hochschule f\u00fcr Gestaltung Schw\u00e4bisch Gm\u00fcnd<\/a> | <a title=\"Hochschule f\u00fcr J\u00fcdische Studien\" href=\"https:\/\/www.campuswerk.com\/Hochschulen-Deutschland\/hochschulen\/hochschulen-baden-wurttemberg\/hochschule-fur-judische-studien\">Hochschule f\u00fcr J\u00fcdische Studien<\/a> | <a title=\"Hochschule f\u00fcr Kirchenmusik Heidelberg\" href=\"https:\/\/www.campuswerk.com\/Hochschulen-Deutschland\/hochschulen\/hochschulen-baden-wurttemberg\/hochschule-fur-kirchenmusik-heidelberg\">Hochschule f\u00fcr Kirchenmusik Heidelberg<\/a> | <a title=\"Hochschule f\u00fcr Kunsttherapie N\u00fcrtingen\" href=\"https:\/\/www.campuswerk.com\/Hochschulen-Deutschland\/hochschulen\/hochschulen-baden-wurttemberg\/hochschule-fur-kunsttherapie-nurtingen\">Hochschule f\u00fcr Kunsttherapie N\u00fcrtingen<\/a> | <a title=\"Hochschule f\u00fcr Musik Freiburg\" href=\"https:\/\/www.campuswerk.com\/Hochschulen-Deutschland\/hochschulen\/hochschulen-baden-wurttemberg\/hochschule-fur-musik-freiburg\">Hochschule f\u00fcr Musik Freiburg<\/a> | <a title=\"Hochschule f\u00fcr Musik Trossingen\" href=\"https:\/\/www.campuswerk.com\/Hochschulen-Deutschland\/hochschulen\/hochschulen-baden-wurttemberg\/hochschule-fur-musik-trossingen\">Hochschule f\u00fcr Musik Trossingen<\/a> | <a title=\"Hochschule f\u00fcr Musik und Darstellende Kunst Mannheim\" href=\"https:\/\/www.campuswerk.com\/Hochschulen-Deutschland\/hochschulen\/hochschulen-baden-wurttemberg\/hochschule-fur-musik-und-darstellende-kunst-mannheim\">Hochschule f\u00fcr Musik und Darstellende Kunst Mannheim<\/a> | <a title=\"Hochschule f\u00fcr Polizei\" href=\"https:\/\/www.campuswerk.com\/Hochschulen-Deutschland\/hochschulen\/hochschulen-baden-wurttemberg\/hochschule-fur-polizei\">Hochschule f\u00fcr Polizei<\/a> | <a title=\"Hochschule f\u00fcr Technik Stuttgart\" href=\"https:\/\/www.campuswerk.com\/Hochschulen-Deutschland\/hochschulen\/hochschulen-baden-wurttemberg\/hochschule-fur-technik-stuttgart\">Hochschule f\u00fcr Technik Stuttgart<\/a>\u00a0| <a title=\"Hochschule f\u00fcr Musik Karlsruhe\" href=\"https:\/\/www.campuswerk.com\/Hochschulen-Deutschland\/hochschulen\/hochschulen-baden-wurttemberg\/hochschule-fur-musik-karlsruhe\">Hochschule f\u00fcr Musik Karlsruhe<\/a> | <a title=\"Hochschule f\u00fcr Wirtschaft und Umwelt N\u00fcrtingen-Geislingen\" href=\"https:\/\/www.campuswerk.com\/Hochschulen-Deutschland\/hochschulen\/hochschulen-baden-wurttemberg\/hochschule-fur-wirtschaft-und-umwelt-nurtingen-geislingen\">Hochschule f\u00fcr Wirtschaft und Umwelt N\u00fcrtingen-Geislingen<\/a><\/p>\n","protected":false},"excerpt":{"rendered":"<p>Kontakt Hochschule Ravensburg-Weingarten Doggenriedstra\u00dfe 88250 Weingarten Telefon: +49 (0) 751 501-9344 E-Mail: info@hs-weingarten.de \u00d6ffnungszeiten: Mo-Fr 9-11.45, Mo-Do 14-15.30 Internet: https:\/\/www.rwu.de [wpmaps company=&#8220;Hochschule Ravensburg-Weingarten&#8220; street=&#8220;Doggenriedstra\u00dfe&#8220; city=&#8220;88250 Weingarten&#8220;] \u00dcbersicht Studieng\u00e4nge Studieng\u00e4nge Bachlor Master Fernstudiengang Angewandte Informatik B Betriebswirtschaft und Management B Betriebswirtschaft, Produktion und M\u00e4rkte M Electrical Engineering M Elektrotechnik \/ Physik PLUS B Elektrotechnik und Informationstechnik [&hellip;]<\/p>\n","protected":false},"author":1,"featured_media":0,"parent":323,"menu_order":0,"comment_status":"open","ping_status":"open","template":"","meta":{"footnotes":""},"class_list":["post-1051","page","type-page","status-publish","hentry"],"_links":{"self":[{"href":"https:\/\/www.campuswerk.com\/Hochschulen-Deutschland\/wp-json\/wp\/v2\/pages\/1051","targetHints":{"allow":["GET"]}}],"collection":[{"href":"https:\/\/www.campuswerk.com\/Hochschulen-Deutschland\/wp-json\/wp\/v2\/pages"}],"about":[{"href":"https:\/\/www.campuswerk.com\/Hochschulen-Deutschland\/wp-json\/wp\/v2\/types\/page"}],"author":[{"embeddable":true,"href":"https:\/\/www.campuswerk.com\/Hochschulen-Deutschland\/wp-json\/wp\/v2\/users\/1"}],"replies":[{"embeddable":true,"href":"https:\/\/www.campuswerk.com\/Hochschulen-Deutschland\/wp-json\/wp\/v2\/comments?post=1051"}],"version-history":[{"count":6,"href":"https:\/\/www.campuswerk.com\/Hochschulen-Deutschland\/wp-json\/wp\/v2\/pages\/1051\/revisions"}],"predecessor-version":[{"id":3319,"href":"https:\/\/www.campuswerk.com\/Hochschulen-Deutschland\/wp-json\/wp\/v2\/pages\/1051\/revisions\/3319"}],"up":[{"embeddable":true,"href":"https:\/\/www.campuswerk.com\/Hochschulen-Deutschland\/wp-json\/wp\/v2\/pages\/323"}],"wp:attachment":[{"href":"https:\/\/www.campuswerk.com\/Hochschulen-Deutschland\/wp-json\/wp\/v2\/media?parent=1051"}],"curies":[{"name":"wp","href":"https:\/\/api.w.org\/{rel}","templated":true}]}}