{"id":1049,"date":"2011-02-09T11:29:09","date_gmt":"2011-02-09T11:29:09","guid":{"rendered":"http:\/\/www.campuswerk.com\/Hochschulen-Deutschland"},"modified":"2022-05-10T20:55:20","modified_gmt":"2022-05-10T20:55:20","slug":"hochschule-pforzheim","status":"publish","type":"page","link":"https:\/\/www.campuswerk.com\/Hochschulen-Deutschland\/hochschulen\/hochschulen-baden-wurttemberg\/hochschule-pforzheim","title":{"rendered":"Hochschule Pforzheim"},"content":{"rendered":"<h4>Kontakt<\/h4>\n<div class=\"adresse\">\n<ul>\n<li>Hochschule Pforzheim<\/li>\n<li>Tiefenbronner Stra\u00dfe 65<\/li>\n<li>75175 Pforzheim<\/li>\n<li>Telefon: +49 (0) 7231 28 5<\/li>\n<li>E-Mail: studsek@hs-pforzheim.de<\/li>\n<li>\u00d6ffnungszeiten: Mo-Fr 9-11.30, Mi u.Do 13-16<\/li>\n<li>Internet: <a title=\"Hochschule Pforzheim\" href=\"https:\/\/www.hs-pforzheim.de\">https:\/\/www.hs-pforzheim.de<\/a><\/li>\n<\/ul>\n<\/div>\n<pre>[wpmaps company=\"Hochschule Pforzheim\" street=\"Tiefenbronner Stra\u00dfe 65\" city=\"75175 Pforzheim\"]<\/pre>\n<h5>\u00dcbersicht Studieng\u00e4nge<\/h5>\n<table border=\"0\" width=\"840\" cellpadding=\"0\">\n<tbody>\n<tr>\n<td class=\"tstyle\" width=\"40%\">Studieng\u00e4nge<\/td>\n<td class=\"tstyle\" align=\"center\" width=\"20%\">Bachlor<\/td>\n<td class=\"tstyle\" align=\"center\" width=\"20%\">Master<\/td>\n<td class=\"tstyle\" align=\"center\" width=\"20%\">Fernstudiengang<\/td>\n<\/tr>\n<tr>\n<td>Auditing and Taxation<\/td>\n<td align=\"center\"><\/td>\n<td align=\"center\">M<\/td>\n<td align=\"center\"><\/td>\n<\/tr>\n<tr>\n<td>Auditing, Business and Law<\/td>\n<td align=\"center\"><\/td>\n<td align=\"center\">M<\/td>\n<td align=\"center\"><\/td>\n<\/tr>\n<tr>\n<td>Business Administration and Engineering<\/td>\n<td align=\"center\"><\/td>\n<td align=\"center\">M<\/td>\n<td align=\"center\"><\/td>\n<\/tr>\n<tr>\n<td>BW \/ Controlling, Finanz- und Rechnungswesen<\/td>\n<td align=\"center\">B<\/td>\n<td align=\"center\"><\/td>\n<td align=\"center\"><\/td>\n<\/tr>\n<tr>\n<td>BW \/ Einkauf und Logistik<\/td>\n<td align=\"center\">B<\/td>\n<td align=\"center\"><\/td>\n<td align=\"center\"><\/td>\n<\/tr>\n<tr>\n<td>BW \/ International Business<\/td>\n<td align=\"center\">B<\/td>\n<td align=\"center\"><\/td>\n<td align=\"center\"><\/td>\n<\/tr>\n<tr>\n<td>BW \/ International Marketing<\/td>\n<td align=\"center\">B<\/td>\n<td align=\"center\"><\/td>\n<td align=\"center\"><\/td>\n<\/tr>\n<tr>\n<td>BW \/ Marketing<\/td>\n<td align=\"center\">B<\/td>\n<td align=\"center\"><\/td>\n<td align=\"center\"><\/td>\n<\/tr>\n<tr>\n<td>BW \/ Markt- und Kommunikationsforschung<\/td>\n<td align=\"center\">B<\/td>\n<td align=\"center\"><\/td>\n<td align=\"center\"><\/td>\n<\/tr>\n<tr>\n<td>BW \/ Personalmanagement<\/td>\n<td align=\"center\">B<\/td>\n<td align=\"center\"><\/td>\n<td align=\"center\"><\/td>\n<\/tr>\n<tr>\n<td>BW \/ Ressourceneffizienzmanagement<\/td>\n<td align=\"center\">B<\/td>\n<td align=\"center\"><\/td>\n<td align=\"center\"><\/td>\n<\/tr>\n<tr>\n<td>BW \/ Steuer- und Revisionswesen<\/td>\n<td align=\"center\">B<\/td>\n<td align=\"center\"><\/td>\n<td align=\"center\"><\/td>\n<\/tr>\n<tr>\n<td>BW \/ Werbung<\/td>\n<td align=\"center\">B<\/td>\n<td align=\"center\"><\/td>\n<td align=\"center\"><\/td>\n<\/tr>\n<tr>\n<td>BW \/ Wirtschaftsinformatik<\/td>\n<td align=\"center\">B<\/td>\n<td align=\"center\"><\/td>\n<td align=\"center\"><\/td>\n<\/tr>\n<tr>\n<td>Creative Communication and Brand Management<\/td>\n<td align=\"center\"><\/td>\n<td align=\"center\">M<\/td>\n<td align=\"center\"><\/td>\n<\/tr>\n<tr>\n<td>Creative Direction<\/td>\n<td align=\"center\"><\/td>\n<td align=\"center\">M<\/td>\n<td align=\"center\"><\/td>\n<\/tr>\n<tr>\n<td>Elektrotechnik \/ Informationstechnik<\/td>\n<td align=\"center\">B<\/td>\n<td align=\"center\"><\/td>\n<td align=\"center\"><\/td>\n<\/tr>\n<tr>\n<td>Embedded Systems<\/td>\n<td align=\"center\"><\/td>\n<td align=\"center\">M<\/td>\n<td align=\"center\"><\/td>\n<\/tr>\n<tr>\n<td>Human Resources Management and Consulting<\/td>\n<td align=\"center\"><\/td>\n<td align=\"center\">M<\/td>\n<td align=\"center\"><\/td>\n<\/tr>\n<tr>\n<td>Industrial Design<\/td>\n<td align=\"center\">B<\/td>\n<td align=\"center\"><\/td>\n<td align=\"center\"><\/td>\n<\/tr>\n<tr>\n<td>Information Systems<\/td>\n<td align=\"center\"><\/td>\n<td align=\"center\">M<\/td>\n<td align=\"center\"><\/td>\n<\/tr>\n<tr>\n<td>International Finance and Accounting<\/td>\n<td align=\"center\"><\/td>\n<td align=\"center\">M<\/td>\n<td align=\"center\"><\/td>\n<\/tr>\n<tr>\n<td>International Management<\/td>\n<td align=\"center\"><\/td>\n<td align=\"center\">M<\/td>\n<td align=\"center\"><\/td>\n<\/tr>\n<tr>\n<td>Maschinenbau &#8211; Produktentwicklung<\/td>\n<td align=\"center\">B<\/td>\n<td align=\"center\"><\/td>\n<td align=\"center\"><\/td>\n<\/tr>\n<tr>\n<td>Maschinenbau &#8211; Produktionstechnik<\/td>\n<td align=\"center\">B<\/td>\n<td align=\"center\"><\/td>\n<td align=\"center\"><\/td>\n<\/tr>\n<tr>\n<td>Mechatronik<\/td>\n<td align=\"center\">B<\/td>\n<td align=\"center\"><\/td>\n<td align=\"center\"><\/td>\n<\/tr>\n<tr>\n<td>Mode<\/td>\n<td align=\"center\">B<\/td>\n<td align=\"center\"><\/td>\n<td align=\"center\"><\/td>\n<\/tr>\n<tr>\n<td>Produktentwicklung<\/td>\n<td align=\"center\"><\/td>\n<td align=\"center\">M<\/td>\n<td align=\"center\"><\/td>\n<\/tr>\n<tr>\n<td>Schmuck und Objekte der Alltagskultur<\/td>\n<td align=\"center\">B<\/td>\n<td align=\"center\"><\/td>\n<td align=\"center\"><\/td>\n<\/tr>\n<tr>\n<td>Service Marketing<\/td>\n<td align=\"center\"><\/td>\n<td align=\"center\">M<\/td>\n<td align=\"center\"><\/td>\n<\/tr>\n<tr>\n<td>Technische Informatik<\/td>\n<td align=\"center\">B<\/td>\n<td align=\"center\"><\/td>\n<td align=\"center\"><\/td>\n<\/tr>\n<tr>\n<td>Transportation Design<\/td>\n<td align=\"center\">B<\/td>\n<td align=\"center\">M<\/td>\n<td align=\"center\"><\/td>\n<\/tr>\n<tr>\n<td>Visuelle Kommunikation<\/td>\n<td align=\"center\">B<\/td>\n<td align=\"center\"><\/td>\n<td align=\"center\"><\/td>\n<\/tr>\n<tr>\n<td>Wirtschaftsingenieurwesen \/ General Management<\/td>\n<td align=\"center\">B<\/td>\n<td align=\"center\"><\/td>\n<td align=\"center\"><\/td>\n<\/tr>\n<tr>\n<td>Wirtschaftsingenieurwesen \/ Global Process Management<\/td>\n<td align=\"center\">B<\/td>\n<td align=\"center\"><\/td>\n<td align=\"center\"><\/td>\n<\/tr>\n<tr>\n<td>Wirtschaftsingenieurwesen \/ International Management<\/td>\n<td align=\"center\">B<\/td>\n<td align=\"center\"><\/td>\n<td align=\"center\"><\/td>\n<\/tr>\n<tr>\n<td>Wirtschaftsrecht<\/td>\n<td align=\"center\">B<\/td>\n<td align=\"center\"><\/td>\n<td align=\"center\"><\/td>\n<\/tr>\n<\/tbody>\n<\/table>\n<p>Weitere Hochschulen Baden W\u00fcrttemberg: <a title=\"Hochschule Esslingen\" href=\"https:\/\/www.campuswerk.com\/Hochschulen-Deutschland\/hochschulen\/hochschulen-baden-wurttemberg\/hochschule-esslingen\">Hochschule Esslingen<\/a> | <a title=\"Hochschule Furtwangen\" href=\"https:\/\/www.campuswerk.com\/Hochschulen-Deutschland\/hochschulen\/hochschulen-baden-wurttemberg\/hochschule-furtwangen\">Hochschule Furtwangen<\/a> | <a title=\"Hochschule f\u00fcr Forstwirtschaft Rottenburg\" href=\"https:\/\/www.campuswerk.com\/Hochschulen-Deutschland\/hochschulen\/hochschulen-baden-wurttemberg\/hochschule-fur-forstwirtschaft-rottenburg\">Hochschule f\u00fcr Forstwirtschaft Rottenburg<\/a> | <a title=\"Hochschule f\u00fcr Gestaltung Schw\u00e4bisch Gm\u00fcnd\" href=\"https:\/\/www.campuswerk.com\/Hochschulen-Deutschland\/hochschulen\/hochschulen-baden-wurttemberg\/hochschule-fur-gestaltung-schwabisch-gmund\">Hochschule f\u00fcr Gestaltung Schw\u00e4bisch Gm\u00fcnd<\/a> | <a title=\"Hochschule f\u00fcr J\u00fcdische Studien\" href=\"https:\/\/www.campuswerk.com\/Hochschulen-Deutschland\/hochschulen\/hochschulen-baden-wurttemberg\/hochschule-fur-judische-studien\">Hochschule f\u00fcr J\u00fcdische Studien<\/a> | <a title=\"Hochschule f\u00fcr Kirchenmusik Heidelberg\" href=\"https:\/\/www.campuswerk.com\/Hochschulen-Deutschland\/hochschulen\/hochschulen-baden-wurttemberg\/hochschule-fur-kirchenmusik-heidelberg\">Hochschule f\u00fcr Kirchenmusik Heidelberg<\/a> | <a title=\"Hochschule f\u00fcr Kunsttherapie N\u00fcrtingen\" href=\"https:\/\/www.campuswerk.com\/Hochschulen-Deutschland\/hochschulen\/hochschulen-baden-wurttemberg\/hochschule-fur-kunsttherapie-nurtingen\">Hochschule f\u00fcr Kunsttherapie N\u00fcrtingen<\/a> | <a title=\"Hochschule f\u00fcr Musik Freiburg\" href=\"https:\/\/www.campuswerk.com\/Hochschulen-Deutschland\/hochschulen\/hochschulen-baden-wurttemberg\/hochschule-fur-musik-freiburg\">Hochschule f\u00fcr Musik Freiburg<\/a> | <a title=\"Hochschule f\u00fcr Musik Trossingen\" href=\"https:\/\/www.campuswerk.com\/Hochschulen-Deutschland\/hochschulen\/hochschulen-baden-wurttemberg\/hochschule-fur-musik-trossingen\">Hochschule f\u00fcr Musik Trossingen<\/a> | <a title=\"Hochschule f\u00fcr Musik und Darstellende Kunst Mannheim\" href=\"https:\/\/www.campuswerk.com\/Hochschulen-Deutschland\/hochschulen\/hochschulen-baden-wurttemberg\/hochschule-fur-musik-und-darstellende-kunst-mannheim\">Hochschule f\u00fcr Musik und Darstellende Kunst Mannheim<\/a> | <a title=\"Hochschule f\u00fcr Polizei\" href=\"https:\/\/www.campuswerk.com\/Hochschulen-Deutschland\/hochschulen\/hochschulen-baden-wurttemberg\/hochschule-fur-polizei\">Hochschule f\u00fcr Polizei<\/a> | <a title=\"Hochschule f\u00fcr Technik Stuttgart\" href=\"https:\/\/www.campuswerk.com\/Hochschulen-Deutschland\/hochschulen\/hochschulen-baden-wurttemberg\/hochschule-fur-technik-stuttgart\">Hochschule f\u00fcr Technik Stuttgart<\/a>\u00a0| <a title=\"Hochschule f\u00fcr Musik Karlsruhe\" href=\"https:\/\/www.campuswerk.com\/Hochschulen-Deutschland\/hochschulen\/hochschulen-baden-wurttemberg\/hochschule-fur-musik-karlsruhe\">Hochschule f\u00fcr Musik Karlsruhe<\/a> | <a title=\"Hochschule f\u00fcr Wirtschaft und Umwelt N\u00fcrtingen-Geislingen\" href=\"https:\/\/www.campuswerk.com\/Hochschulen-Deutschland\/hochschulen\/hochschulen-baden-wurttemberg\/hochschule-fur-wirtschaft-und-umwelt-nurtingen-geislingen\">Hochschule f\u00fcr Wirtschaft und Umwelt N\u00fcrtingen-Geislingen<\/a><\/p>\n","protected":false},"excerpt":{"rendered":"<p>Kontakt Hochschule Pforzheim Tiefenbronner Stra\u00dfe 65 75175 Pforzheim Telefon: +49 (0) 7231 28 5 E-Mail: studsek@hs-pforzheim.de \u00d6ffnungszeiten: Mo-Fr 9-11.30, Mi u.Do 13-16 Internet: https:\/\/www.hs-pforzheim.de [wpmaps company=&#8220;Hochschule Pforzheim&#8220; street=&#8220;Tiefenbronner Stra\u00dfe 65&#8243; city=&#8220;75175 Pforzheim&#8220;] \u00dcbersicht Studieng\u00e4nge Studieng\u00e4nge Bachlor Master Fernstudiengang Auditing and Taxation M Auditing, Business and Law M Business Administration and Engineering M BW \/ Controlling, [&hellip;]<\/p>\n","protected":false},"author":1,"featured_media":0,"parent":323,"menu_order":0,"comment_status":"open","ping_status":"open","template":"","meta":{"footnotes":""},"class_list":["post-1049","page","type-page","status-publish","hentry"],"_links":{"self":[{"href":"https:\/\/www.campuswerk.com\/Hochschulen-Deutschland\/wp-json\/wp\/v2\/pages\/1049","targetHints":{"allow":["GET"]}}],"collection":[{"href":"https:\/\/www.campuswerk.com\/Hochschulen-Deutschland\/wp-json\/wp\/v2\/pages"}],"about":[{"href":"https:\/\/www.campuswerk.com\/Hochschulen-Deutschland\/wp-json\/wp\/v2\/types\/page"}],"author":[{"embeddable":true,"href":"https:\/\/www.campuswerk.com\/Hochschulen-Deutschland\/wp-json\/wp\/v2\/users\/1"}],"replies":[{"embeddable":true,"href":"https:\/\/www.campuswerk.com\/Hochschulen-Deutschland\/wp-json\/wp\/v2\/comments?post=1049"}],"version-history":[{"count":4,"href":"https:\/\/www.campuswerk.com\/Hochschulen-Deutschland\/wp-json\/wp\/v2\/pages\/1049\/revisions"}],"predecessor-version":[{"id":3013,"href":"https:\/\/www.campuswerk.com\/Hochschulen-Deutschland\/wp-json\/wp\/v2\/pages\/1049\/revisions\/3013"}],"up":[{"embeddable":true,"href":"https:\/\/www.campuswerk.com\/Hochschulen-Deutschland\/wp-json\/wp\/v2\/pages\/323"}],"wp:attachment":[{"href":"https:\/\/www.campuswerk.com\/Hochschulen-Deutschland\/wp-json\/wp\/v2\/media?parent=1049"}],"curies":[{"name":"wp","href":"https:\/\/api.w.org\/{rel}","templated":true}]}}