{"id":1027,"date":"2011-02-09T11:20:19","date_gmt":"2011-02-09T11:20:19","guid":{"rendered":"http:\/\/www.campuswerk.com\/Hochschulen-Deutschland"},"modified":"2022-05-10T21:15:23","modified_gmt":"2022-05-10T21:15:23","slug":"hochschule-fur-offentliche-verwaltung-kehl","status":"publish","type":"page","link":"https:\/\/www.campuswerk.com\/Hochschulen-Deutschland\/hochschulen\/hochschulen-baden-wurttemberg\/hochschule-fur-offentliche-verwaltung-kehl","title":{"rendered":"Hochschule f\u00fcr \u00f6ffentliche Verwaltung Kehl"},"content":{"rendered":"<h4>Kontakt<\/h4>\n<div class=\"adresse\">\n<ul>\n<li>Hochschule f\u00fcr \u00f6ffentliche Verwaltung Kehl<\/li>\n<li>Kinzigallee 1<\/li>\n<li>77694 Kehl<\/li>\n<li>Telefon: +49 (0) 7851 894 125<\/li>\n<li>E-Mail: zulassung@hs-kehl.de<\/li>\n<li>\u00d6ffnungszeiten:<\/li>\n<li>Internet: <a title=\"Hochschule f\u00fcr \u00f6ffentliche Verwaltung Kehl\" href=\"https:\/\/www.hs-kehl.de\">https:\/\/www.hs-kehl.de<\/a><\/li>\n<\/ul>\n<\/div>\n<pre>[wpmaps company=\"Hochschule f\u00fcr \u00f6ffentliche Verwaltung Kehl \" street=\"Kinzigallee 1\" city=\"77694 Kehl\"]<\/pre>\n<h5>\u00dcbersicht Studieng\u00e4nge<\/h5>\n<table border=\"0\" width=\"840\" cellpadding=\"0\">\n<tbody>\n<tr>\n<td class=\"tstyle\" width=\"40%\">Studieng\u00e4nge<\/td>\n<td class=\"tstyle\" align=\"center\" width=\"20%\">Bachlor<\/td>\n<td class=\"tstyle\" align=\"center\" width=\"20%\">Master<\/td>\n<td class=\"tstyle\" align=\"center\" width=\"20%\">Fernstudiengang<\/td>\n<\/tr>\n<tr>\n<td>Europ\u00e4isches Verwaltungsmanagement<\/td>\n<td align=\"center\"><\/td>\n<td align=\"center\">M<\/td>\n<td align=\"center\"><\/td>\n<\/tr>\n<tr>\n<td>Gehobener Verwaltungsdienst<\/td>\n<td align=\"center\">B<\/td>\n<td align=\"center\"><\/td>\n<td align=\"center\"><\/td>\n<\/tr>\n<tr>\n<td>Public Management (berufsbegleitend)<\/td>\n<td align=\"center\"><\/td>\n<td align=\"center\">M<\/td>\n<td align=\"center\"><\/td>\n<\/tr>\n<\/tbody>\n<\/table>\n<p>Weitere Hochschulen Baden W\u00fcrttemberg: <a title=\"Hochschule Heilbronn\" href=\"https:\/\/www.campuswerk.com\/Hochschulen-Deutschland\/hochschulen\/hochschulen-baden-wurttemberg\/hochschule-heilbronn\">Hochschule Heilbronn<\/a> | <a title=\"Hochschule Karlsruhe \u2013 Technik und Wirtschaft\" href=\"https:\/\/www.campuswerk.com\/Hochschulen-Deutschland\/hochschulen\/hochschulen-baden-wurttemberg\/hochschule-karlsruhe-technik-und-wirtschaft\">Hochschule Karlsruhe \u2013 Technik und Wirtschaft<\/a> | <a title=\"HHochschule Mannheim\" href=\"https:\/\/www.campuswerk.com\/Hochschulen-Deutschland\/hochschulen\/hochschulen-baden-wurttemberg\/hochschule-mannheim\">Hochschule Mannheim<\/a> | <a title=\"Hochschule Offenburg\" href=\"https:\/\/www.campuswerk.com\/Hochschulen-Deutschland\/hochschulen\/hochschulen-baden-wurttemberg\/hochschule-offenburg\">Hochschule Offenburg<\/a> | <a title=\"Hochschule Pforzheim\" href=\"https:\/\/www.campuswerk.com\/Hochschulen-Deutschland\/hochschulen\/hochschulen-baden-wurttemberg\/hochschule-pforzheim\">Hochschule Pforzheim<\/a> | <a title=\"Hochschule Ravensburg-Weingarten\" href=\"https:\/\/www.campuswerk.com\/Hochschulen-Deutschland\/hochschulen\/hochschulen-baden-wurttemberg\/hochschule-ravensburg-weingarten\">Hochschule Ravensburg-Weingarten<\/a> | <a title=\"Hochschule Reutlingen\" href=\"https:\/\/www.campuswerk.com\/Hochschulen-Deutschland\/hochschulen\/hochschulen-baden-wurttemberg\/hochschule-reutlingen\">Hochschule Reutlingen<\/a> | <a title=\"Hochschule Ulm\" href=\"https:\/\/www.campuswerk.com\/Hochschulen-Deutschland\/hochschulen\/hochschulen-baden-wurttemberg\/hochschule-ulm\">Hochschule Ulm<\/a> | <a title=\"Internationale Hochschule Calw\" href=\"https:\/\/www.campuswerk.com\/Hochschulen-Deutschland\/hochschulen\/hochschulen-baden-wurttemberg\/internationale-hochschule-calw\">Internationale Hochschule Calw<\/a> | <a title=\"Karlsruher Institut f\u00fcr Technologie\" href=\"https:\/\/www.campuswerk.com\/Hochschulen-Deutschland\/hochschulen\/hochschulen-baden-wurttemberg\/karlsruher-institut-fur-technologie\">Karlsruher Institut f\u00fcr Technologie<\/a> | <a title=\"Katholische Fachhochschule Freiburg\" href=\"https:\/\/www.campuswerk.com\/Hochschulen-Deutschland\/hochschulen\/hochschulen-baden-wurttemberg\/katholische-fachhochschule-freiburg\">Katholische Fachhochschule Freiburg<\/a> | <a title=\"Katholische Hochschule f\u00fcr Kirchenmusik Rottenburg\" href=\"https:\/\/www.campuswerk.com\/Hochschulen-Deutschland\/hochschulen\/hochschulen-baden-wurttemberg\/katholische-hochschule-fur-kirchenmusik-rottenburg\">Katholische Hochschule f\u00fcr Kirchenmusik Rottenburg<\/a> | <a title=\"Merz Akademie\" href=\"https:\/\/www.campuswerk.com\/Hochschulen-Deutschland\/hochschulen\/hochschulen-baden-wurttemberg\/merz-akademie\">Merz Akademie<\/a><\/p>\n","protected":false},"excerpt":{"rendered":"<p>Kontakt Hochschule f\u00fcr \u00f6ffentliche Verwaltung Kehl Kinzigallee 1 77694 Kehl Telefon: +49 (0) 7851 894 125 E-Mail: zulassung@hs-kehl.de \u00d6ffnungszeiten: Internet: https:\/\/www.hs-kehl.de [wpmaps company=&#8220;Hochschule f\u00fcr \u00f6ffentliche Verwaltung Kehl &#8220; street=&#8220;Kinzigallee 1&#8243; city=&#8220;77694 Kehl&#8220;] \u00dcbersicht Studieng\u00e4nge Studieng\u00e4nge Bachlor Master Fernstudiengang Europ\u00e4isches Verwaltungsmanagement M Gehobener Verwaltungsdienst B Public Management (berufsbegleitend) M Weitere Hochschulen Baden W\u00fcrttemberg: Hochschule Heilbronn | [&hellip;]<\/p>\n","protected":false},"author":1,"featured_media":0,"parent":323,"menu_order":0,"comment_status":"open","ping_status":"open","template":"","meta":{"footnotes":""},"class_list":["post-1027","page","type-page","status-publish","hentry"],"_links":{"self":[{"href":"https:\/\/www.campuswerk.com\/Hochschulen-Deutschland\/wp-json\/wp\/v2\/pages\/1027","targetHints":{"allow":["GET"]}}],"collection":[{"href":"https:\/\/www.campuswerk.com\/Hochschulen-Deutschland\/wp-json\/wp\/v2\/pages"}],"about":[{"href":"https:\/\/www.campuswerk.com\/Hochschulen-Deutschland\/wp-json\/wp\/v2\/types\/page"}],"author":[{"embeddable":true,"href":"https:\/\/www.campuswerk.com\/Hochschulen-Deutschland\/wp-json\/wp\/v2\/users\/1"}],"replies":[{"embeddable":true,"href":"https:\/\/www.campuswerk.com\/Hochschulen-Deutschland\/wp-json\/wp\/v2\/comments?post=1027"}],"version-history":[{"count":4,"href":"https:\/\/www.campuswerk.com\/Hochschulen-Deutschland\/wp-json\/wp\/v2\/pages\/1027\/revisions"}],"predecessor-version":[{"id":3050,"href":"https:\/\/www.campuswerk.com\/Hochschulen-Deutschland\/wp-json\/wp\/v2\/pages\/1027\/revisions\/3050"}],"up":[{"embeddable":true,"href":"https:\/\/www.campuswerk.com\/Hochschulen-Deutschland\/wp-json\/wp\/v2\/pages\/323"}],"wp:attachment":[{"href":"https:\/\/www.campuswerk.com\/Hochschulen-Deutschland\/wp-json\/wp\/v2\/media?parent=1027"}],"curies":[{"name":"wp","href":"https:\/\/api.w.org\/{rel}","templated":true}]}}