{"id":1020,"date":"2011-02-09T11:18:00","date_gmt":"2011-02-09T11:18:00","guid":{"rendered":"http:\/\/www.campuswerk.com\/Hochschulen-Deutschland"},"modified":"2011-05-02T13:16:14","modified_gmt":"2011-05-02T13:16:14","slug":"hochschule-fur-polizei","status":"publish","type":"page","link":"https:\/\/www.campuswerk.com\/Hochschulen-Deutschland\/hochschulen\/hochschulen-baden-wurttemberg\/hochschule-fur-polizei","title":{"rendered":"Hochschule f\u00fcr Polizei"},"content":{"rendered":"<h4>Kontakt<\/h4>\n<div class=\"adresse\">\n<ul>\n<li>Fachhochschule Villingen-Schwenningen Hochschule f\u00fcr Polizei<\/li>\n<li>Sturmb\u00fchlstra\u00dfe 250<\/li>\n<li>78054 Villingen-Schwenningen<\/li>\n<li>Telefon: +49 (0) 7720 309 223<\/li>\n<li>E-Mail: webmaster@fhpol-vs.de<\/li>\n<li>\u00d6ffnungszeiten:<\/li>\n<li>Internet: <a title=\"Fachhochschule Villingen-Schwenningen Hochschule f\u00fcr Polizei\" href=\"http:\/\/www.fhpol-vs.de\">http:\/\/www.fhpol-vs.de<\/a><\/li>\n<\/ul>\n<\/div>\n<p>\u00a0<\/p>\n<pre>[wpmaps company=\"Fachhochschule Villingen-Schwenningen Hochschule f\u00fcr Polizei\" street=\"Sturmb\u00fchlstra\u00dfe 250\" city=\"78054 Villingen-Schwenningen\"]<\/pre>\n<h5>\u00dcbersicht Studieng\u00e4nge<\/h5>\n<table border=\"0\" cellpadding=\"0\" width=\"840\">\n<tbody>\n<tr>\n<td class=\"tstyle\" width=\"40%\">Studieng\u00e4nge<\/td>\n<td class=\"tstyle\" width=\"20%\" align=\"center\">Bachlor<\/td>\n<td class=\"tstyle\" width=\"20%\" align=\"center\">Master<\/td>\n<td class=\"tstyle\" width=\"20%\" align=\"center\">Fernstudiengang<\/td>\n<\/tr>\n<tr>\n<td>Polizei der L\u00e4nder<\/td>\n<td align=\"center\">\u00a0<\/td>\n<td align=\"center\">\u00a0<\/td>\n<td align=\"center\">\u00a0<\/td>\n<\/tr>\n<\/tbody>\n<\/table>\n<p>\u00a0<\/p>\n<p>Weitere Hochschulen Baden W\u00fcrttemberg: <a title=\"Hochschule Heilbronn\" href=\"https:\/\/www.campuswerk.com\/Hochschulen-Deutschland\/hochschulen\/hochschulen-baden-wurttemberg\/hochschule-heilbronn\">Hochschule Heilbronn<\/a> | <a title=\"Hochschule Karlsruhe \u2013 Technik und Wirtschaft\" href=\"https:\/\/www.campuswerk.com\/Hochschulen-Deutschland\/hochschulen\/hochschulen-baden-wurttemberg\/hochschule-karlsruhe-technik-und-wirtschaft\">Hochschule Karlsruhe \u2013 Technik und Wirtschaft<\/a> | <a title=\"HHochschule Mannheim\" href=\"https:\/\/www.campuswerk.com\/Hochschulen-Deutschland\/hochschulen\/hochschulen-baden-wurttemberg\/hochschule-mannheim\">Hochschule Mannheim<\/a> | <a title=\"Hochschule Offenburg\" href=\"https:\/\/www.campuswerk.com\/Hochschulen-Deutschland\/hochschulen\/hochschulen-baden-wurttemberg\/hochschule-offenburg\">Hochschule Offenburg<\/a> | <a title=\"Hochschule Pforzheim\" href=\"https:\/\/www.campuswerk.com\/Hochschulen-Deutschland\/hochschulen\/hochschulen-baden-wurttemberg\/hochschule-pforzheim\">Hochschule Pforzheim<\/a> | <a title=\"Hochschule Ravensburg-Weingarten\" href=\"https:\/\/www.campuswerk.com\/Hochschulen-Deutschland\/hochschulen\/hochschulen-baden-wurttemberg\/hochschule-ravensburg-weingarten\">Hochschule Ravensburg-Weingarten<\/a> | <a title=\"Hochschule Reutlingen\" href=\"https:\/\/www.campuswerk.com\/Hochschulen-Deutschland\/hochschulen\/hochschulen-baden-wurttemberg\/hochschule-reutlingen\">Hochschule Reutlingen<\/a> | <a title=\"Hochschule Ulm\" href=\"https:\/\/www.campuswerk.com\/Hochschulen-Deutschland\/hochschulen\/hochschulen-baden-wurttemberg\/hochschule-ulm\">Hochschule Ulm<\/a> | <a title=\"Internationale Hochschule Calw\" href=\"https:\/\/www.campuswerk.com\/Hochschulen-Deutschland\/hochschulen\/hochschulen-baden-wurttemberg\/internationale-hochschule-calw\">Internationale Hochschule Calw<\/a> | <a title=\"Karlsruher Institut f\u00fcr Technologie\" href=\"https:\/\/www.campuswerk.com\/Hochschulen-Deutschland\/hochschulen\/hochschulen-baden-wurttemberg\/karlsruher-institut-fur-technologie\">Karlsruher Institut f\u00fcr Technologie<\/a> | <a title=\"Katholische Fachhochschule Freiburg\" href=\"https:\/\/www.campuswerk.com\/Hochschulen-Deutschland\/hochschulen\/hochschulen-baden-wurttemberg\/katholische-fachhochschule-freiburg\">Katholische Fachhochschule Freiburg<\/a> | <a title=\"Katholische Hochschule f\u00fcr Kirchenmusik Rottenburg\" href=\"https:\/\/www.campuswerk.com\/Hochschulen-Deutschland\/hochschulen\/hochschulen-baden-wurttemberg\/katholische-hochschule-fur-kirchenmusik-rottenburg\">Katholische Hochschule f\u00fcr Kirchenmusik Rottenburg<\/a> | <a title=\"Merz Akademie\" href=\"https:\/\/www.campuswerk.com\/Hochschulen-Deutschland\/hochschulen\/hochschulen-baden-wurttemberg\/merz-akademie\">Merz Akademie<\/a><\/p>\n","protected":false},"excerpt":{"rendered":"<p>Kontakt Fachhochschule Villingen-Schwenningen Hochschule f\u00fcr Polizei Sturmb\u00fchlstra\u00dfe 250 78054 Villingen-Schwenningen Telefon: +49 (0) 7720 309 223 E-Mail: webmaster@fhpol-vs.de \u00d6ffnungszeiten: Internet: http:\/\/www.fhpol-vs.de \u00a0 [wpmaps company=&#8220;Fachhochschule Villingen-Schwenningen Hochschule f\u00fcr Polizei&#8220; street=&#8220;Sturmb\u00fchlstra\u00dfe 250&#8243; city=&#8220;78054 Villingen-Schwenningen&#8220;] \u00dcbersicht Studieng\u00e4nge Studieng\u00e4nge Bachlor Master Fernstudiengang Polizei der L\u00e4nder \u00a0 \u00a0 \u00a0 \u00a0 Weitere Hochschulen Baden W\u00fcrttemberg: Hochschule Heilbronn | Hochschule Karlsruhe \u2013 [&hellip;]<\/p>\n","protected":false},"author":1,"featured_media":0,"parent":323,"menu_order":0,"comment_status":"open","ping_status":"open","template":"","meta":{"footnotes":""},"class_list":["post-1020","page","type-page","status-publish","hentry"],"_links":{"self":[{"href":"https:\/\/www.campuswerk.com\/Hochschulen-Deutschland\/wp-json\/wp\/v2\/pages\/1020","targetHints":{"allow":["GET"]}}],"collection":[{"href":"https:\/\/www.campuswerk.com\/Hochschulen-Deutschland\/wp-json\/wp\/v2\/pages"}],"about":[{"href":"https:\/\/www.campuswerk.com\/Hochschulen-Deutschland\/wp-json\/wp\/v2\/types\/page"}],"author":[{"embeddable":true,"href":"https:\/\/www.campuswerk.com\/Hochschulen-Deutschland\/wp-json\/wp\/v2\/users\/1"}],"replies":[{"embeddable":true,"href":"https:\/\/www.campuswerk.com\/Hochschulen-Deutschland\/wp-json\/wp\/v2\/comments?post=1020"}],"version-history":[{"count":3,"href":"https:\/\/www.campuswerk.com\/Hochschulen-Deutschland\/wp-json\/wp\/v2\/pages\/1020\/revisions"}],"predecessor-version":[{"id":2179,"href":"https:\/\/www.campuswerk.com\/Hochschulen-Deutschland\/wp-json\/wp\/v2\/pages\/1020\/revisions\/2179"}],"up":[{"embeddable":true,"href":"https:\/\/www.campuswerk.com\/Hochschulen-Deutschland\/wp-json\/wp\/v2\/pages\/323"}],"wp:attachment":[{"href":"https:\/\/www.campuswerk.com\/Hochschulen-Deutschland\/wp-json\/wp\/v2\/media?parent=1020"}],"curies":[{"name":"wp","href":"https:\/\/api.w.org\/{rel}","templated":true}]}}