{"id":1015,"date":"2011-02-09T11:16:27","date_gmt":"2011-02-09T11:16:27","guid":{"rendered":"http:\/\/www.campuswerk.com\/Hochschulen-Deutschland"},"modified":"2011-05-02T13:13:41","modified_gmt":"2011-05-02T13:13:41","slug":"hochschule-fur-musik-und-darstellende-kunst-mannheim","status":"publish","type":"page","link":"https:\/\/www.campuswerk.com\/Hochschulen-Deutschland\/hochschulen\/hochschulen-baden-wurttemberg\/hochschule-fur-musik-und-darstellende-kunst-mannheim","title":{"rendered":"Hochschule f\u00fcr Musik und Darstellende Kunst Mannheim"},"content":{"rendered":"<h4>Kontakt<\/h4>\n<div class=\"adresse\">\n<ul>\n<li>Staatliche Hochschule f\u00fcr Musik und Darstellende Kunst Mannheim<\/li>\n<li>N 7, 18<\/li>\n<li>68161 Mannheim<\/li>\n<li>Telefon: +49 (0) 621 292 35 12<\/li>\n<li>E-Mail: studienbuero@muho-mannheim.de<\/li>\n<li>\u00d6ffnungszeiten: Di-Fr 10-12, Do 14-15.30<\/li>\n<li>Internet: <a title=\"Staatliche Hochschule f\u00fcr Musik und Darstellende Kunst Mannheim\" href=\"http:\/\/www.muho-mannheim.de\">http:\/\/www.muho-mannheim.de<\/a><\/li>\n<\/ul>\n<\/div>\n<p>\u00a0<\/p>\n<pre>[wpmaps company=\"Staatliche Hochschule f\u00fcr Musik und Darstellende Kunst Mannheim\" street=\"N 7, 18\" city=\"68161 Mannheim\"]<\/pre>\n<h5>\u00dcbersicht Studieng\u00e4nge<\/h5>\n<table border=\"0\" cellpadding=\"0\" width=\"840\">\n<tbody>\n<tr>\n<td class=\"tstyle\" width=\"40%\">Studieng\u00e4nge<\/td>\n<td class=\"tstyle\" width=\"20%\" align=\"center\">Bachlor<\/td>\n<td class=\"tstyle\" width=\"20%\" align=\"center\">Master<\/td>\n<td class=\"tstyle\" width=\"20%\" align=\"center\">Fernstudiengang<\/td>\n<\/tr>\n<tr>\n<td>Dirigieren<\/td>\n<td align=\"center\">\u00a0<\/td>\n<td align=\"center\">\u00a0<\/td>\n<td align=\"center\">\u00a0<\/td>\n<\/tr>\n<tr>\n<td>Gesang<\/td>\n<td align=\"center\">\u00a0<\/td>\n<td align=\"center\">\u00a0<\/td>\n<td align=\"center\">\u00a0<\/td>\n<\/tr>\n<tr>\n<td>Instrumente, K\u00fcnstlerische Ausbildung<\/td>\n<td align=\"center\">\u00a0<\/td>\n<td align=\"center\">\u00a0<\/td>\n<td align=\"center\">\u00a0<\/td>\n<\/tr>\n<tr>\n<td>Jazz \/ Popularmusik (Gesang)<\/td>\n<td align=\"center\">B<\/td>\n<td align=\"center\">M<\/td>\n<td align=\"center\">\u00a0<\/td>\n<\/tr>\n<tr>\n<td>Jazz \/ Popularmusik (Instrument \/ Gesang)<\/td>\n<td align=\"center\">\u00a0<\/td>\n<td align=\"center\">M<\/td>\n<td align=\"center\">\u00a0<\/td>\n<\/tr>\n<tr>\n<td>Jazz \/ Popularmusik (Instrument)<\/td>\n<td align=\"center\">B<\/td>\n<td align=\"center\">\u00a0<\/td>\n<td align=\"center\">\u00a0<\/td>\n<\/tr>\n<tr>\n<td>Jazz \/ Popularmusik (Komposition und Arrangement)<\/td>\n<td align=\"center\">\u00a0<\/td>\n<td align=\"center\">M<\/td>\n<td align=\"center\">\u00a0<\/td>\n<\/tr>\n<tr>\n<td>Kindertanzp\u00e4dagogik<\/td>\n<td align=\"center\">\u00a0<\/td>\n<td align=\"center\">\u00a0<\/td>\n<td align=\"center\">\u00a0<\/td>\n<\/tr>\n<tr>\n<td>Komposition<\/td>\n<td align=\"center\">\u00a0<\/td>\n<td align=\"center\">\u00a0<\/td>\n<td align=\"center\">\u00a0<\/td>\n<\/tr>\n<tr>\n<td>Leitung von Blasorchestern-Musiklehrer<\/td>\n<td align=\"center\">\u00a0<\/td>\n<td align=\"center\">\u00a0<\/td>\n<td align=\"center\">\u00a0<\/td>\n<\/tr>\n<tr>\n<td>Musik (Lehramt)<\/td>\n<td align=\"center\">\u00a0<\/td>\n<td align=\"center\">\u00a0<\/td>\n<td align=\"center\">\u00a0<\/td>\n<\/tr>\n<tr>\n<td>Schulmusik (Lehramt)<\/td>\n<td align=\"center\">\u00a0<\/td>\n<td align=\"center\">\u00a0<\/td>\n<td align=\"center\">\u00a0<\/td>\n<\/tr>\n<tr>\n<td>Tanz<\/td>\n<td align=\"center\">\u00a0<\/td>\n<td align=\"center\">\u00a0<\/td>\n<td align=\"center\">\u00a0<\/td>\n<\/tr>\n<\/tbody>\n<\/table>\n<p>\u00a0<\/p>\n<p>Weitere Hochschulen Baden W\u00fcrttemberg: <a title=\"Hochschule Heilbronn\" href=\"https:\/\/www.campuswerk.com\/Hochschulen-Deutschland\/hochschulen\/hochschulen-baden-wurttemberg\/hochschule-heilbronn\">Hochschule Heilbronn<\/a> | <a title=\"Hochschule Karlsruhe \u2013 Technik und Wirtschaft\" href=\"https:\/\/www.campuswerk.com\/Hochschulen-Deutschland\/hochschulen\/hochschulen-baden-wurttemberg\/hochschule-karlsruhe-technik-und-wirtschaft\">Hochschule Karlsruhe \u2013 Technik und Wirtschaft<\/a> | <a title=\"HHochschule Mannheim\" href=\"https:\/\/www.campuswerk.com\/Hochschulen-Deutschland\/hochschulen\/hochschulen-baden-wurttemberg\/hochschule-mannheim\">Hochschule Mannheim<\/a> | <a title=\"Hochschule Offenburg\" href=\"https:\/\/www.campuswerk.com\/Hochschulen-Deutschland\/hochschulen\/hochschulen-baden-wurttemberg\/hochschule-offenburg\">Hochschule Offenburg<\/a> | <a title=\"Hochschule Pforzheim\" href=\"https:\/\/www.campuswerk.com\/Hochschulen-Deutschland\/hochschulen\/hochschulen-baden-wurttemberg\/hochschule-pforzheim\">Hochschule Pforzheim<\/a> | <a title=\"Hochschule Ravensburg-Weingarten\" href=\"https:\/\/www.campuswerk.com\/Hochschulen-Deutschland\/hochschulen\/hochschulen-baden-wurttemberg\/hochschule-ravensburg-weingarten\">Hochschule Ravensburg-Weingarten<\/a> | <a title=\"Hochschule Reutlingen\" href=\"https:\/\/www.campuswerk.com\/Hochschulen-Deutschland\/hochschulen\/hochschulen-baden-wurttemberg\/hochschule-reutlingen\">Hochschule Reutlingen<\/a> | <a title=\"Hochschule Ulm\" href=\"https:\/\/www.campuswerk.com\/Hochschulen-Deutschland\/hochschulen\/hochschulen-baden-wurttemberg\/hochschule-ulm\">Hochschule Ulm<\/a> | <a title=\"Internationale Hochschule Calw\" href=\"https:\/\/www.campuswerk.com\/Hochschulen-Deutschland\/hochschulen\/hochschulen-baden-wurttemberg\/internationale-hochschule-calw\">Internationale Hochschule Calw<\/a> | <a title=\"Karlsruher Institut f\u00fcr Technologie\" href=\"https:\/\/www.campuswerk.com\/Hochschulen-Deutschland\/hochschulen\/hochschulen-baden-wurttemberg\/karlsruher-institut-fur-technologie\">Karlsruher Institut f\u00fcr Technologie<\/a> | <a title=\"Katholische Fachhochschule Freiburg\" href=\"https:\/\/www.campuswerk.com\/Hochschulen-Deutschland\/hochschulen\/hochschulen-baden-wurttemberg\/katholische-fachhochschule-freiburg\">Katholische Fachhochschule Freiburg<\/a> | <a title=\"Katholische Hochschule f\u00fcr Kirchenmusik Rottenburg\" href=\"https:\/\/www.campuswerk.com\/Hochschulen-Deutschland\/hochschulen\/hochschulen-baden-wurttemberg\/katholische-hochschule-fur-kirchenmusik-rottenburg\">Katholische Hochschule f\u00fcr Kirchenmusik Rottenburg<\/a> | <a title=\"Merz Akademie\" href=\"https:\/\/www.campuswerk.com\/Hochschulen-Deutschland\/hochschulen\/hochschulen-baden-wurttemberg\/merz-akademie\">Merz Akademie<\/a><\/p>\n","protected":false},"excerpt":{"rendered":"<p>Kontakt Staatliche Hochschule f\u00fcr Musik und Darstellende Kunst Mannheim N 7, 18 68161 Mannheim Telefon: +49 (0) 621 292 35 12 E-Mail: studienbuero@muho-mannheim.de \u00d6ffnungszeiten: Di-Fr 10-12, Do 14-15.30 Internet: http:\/\/www.muho-mannheim.de \u00a0 [wpmaps company=&#8220;Staatliche Hochschule f\u00fcr Musik und Darstellende Kunst Mannheim&#8220; street=&#8220;N 7, 18&#8243; city=&#8220;68161 Mannheim&#8220;] \u00dcbersicht Studieng\u00e4nge Studieng\u00e4nge Bachlor Master Fernstudiengang Dirigieren \u00a0 \u00a0 \u00a0 [&hellip;]<\/p>\n","protected":false},"author":1,"featured_media":0,"parent":323,"menu_order":0,"comment_status":"open","ping_status":"open","template":"","meta":{"footnotes":""},"class_list":["post-1015","page","type-page","status-publish","hentry"],"_links":{"self":[{"href":"https:\/\/www.campuswerk.com\/Hochschulen-Deutschland\/wp-json\/wp\/v2\/pages\/1015","targetHints":{"allow":["GET"]}}],"collection":[{"href":"https:\/\/www.campuswerk.com\/Hochschulen-Deutschland\/wp-json\/wp\/v2\/pages"}],"about":[{"href":"https:\/\/www.campuswerk.com\/Hochschulen-Deutschland\/wp-json\/wp\/v2\/types\/page"}],"author":[{"embeddable":true,"href":"https:\/\/www.campuswerk.com\/Hochschulen-Deutschland\/wp-json\/wp\/v2\/users\/1"}],"replies":[{"embeddable":true,"href":"https:\/\/www.campuswerk.com\/Hochschulen-Deutschland\/wp-json\/wp\/v2\/comments?post=1015"}],"version-history":[{"count":4,"href":"https:\/\/www.campuswerk.com\/Hochschulen-Deutschland\/wp-json\/wp\/v2\/pages\/1015\/revisions"}],"predecessor-version":[{"id":2175,"href":"https:\/\/www.campuswerk.com\/Hochschulen-Deutschland\/wp-json\/wp\/v2\/pages\/1015\/revisions\/2175"}],"up":[{"embeddable":true,"href":"https:\/\/www.campuswerk.com\/Hochschulen-Deutschland\/wp-json\/wp\/v2\/pages\/323"}],"wp:attachment":[{"href":"https:\/\/www.campuswerk.com\/Hochschulen-Deutschland\/wp-json\/wp\/v2\/media?parent=1015"}],"curies":[{"name":"wp","href":"https:\/\/api.w.org\/{rel}","templated":true}]}}