{"id":1013,"date":"2011-02-09T11:15:39","date_gmt":"2011-02-09T11:15:39","guid":{"rendered":"http:\/\/www.campuswerk.com\/Hochschulen-Deutschland"},"modified":"2022-05-10T22:02:38","modified_gmt":"2022-05-10T22:02:38","slug":"hochschule-fur-musik-trossingen","status":"publish","type":"page","link":"https:\/\/www.campuswerk.com\/Hochschulen-Deutschland\/hochschulen\/hochschulen-baden-wurttemberg\/hochschule-fur-musik-trossingen","title":{"rendered":"Hochschule f\u00fcr Musik Trossingen"},"content":{"rendered":"<h4>Kontakt<\/h4>\n<div class=\"adresse\">\n<ul>\n<li>Staatliche Hochschule f\u00fcr Musik Trossingen<\/li>\n<li>Schulthei\u00df-Koch-Platz 3<\/li>\n<li>78647 Trossingen<\/li>\n<li>Telefon: +49 (0) 7425 9491 0<\/li>\n<li>E-Mail: rektorat@mh-trossingen.de<\/li>\n<li>\u00d6ffnungszeiten:<\/li>\n<li>Internet: <a title=\"Staatliche Hochschule f\u00fcr Musik Trossingen\" href=\"https:\/\/www.hfm-trossingen.de\">https:\/\/www.hfm-trossingen.de<\/a><\/li>\n<\/ul>\n<\/div>\n<pre>[wpmaps company=\"Staatliche Hochschule f\u00fcr Musik Trossingen\" street=\"Schulthei\u00df-Koch-Platz 3\" city=\"78647 Trossingen\"]<\/pre>\n<h5>\u00dcbersicht Studieng\u00e4nge<\/h5>\n<table border=\"0\" width=\"840\" cellpadding=\"0\">\n<tbody>\n<tr>\n<td class=\"tstyle\" width=\"40%\">Studieng\u00e4nge<\/td>\n<td class=\"tstyle\" align=\"center\" width=\"20%\">Bachlor<\/td>\n<td class=\"tstyle\" align=\"center\" width=\"20%\">Master<\/td>\n<td class=\"tstyle\" align=\"center\" width=\"20%\">Fernstudiengang<\/td>\n<\/tr>\n<tr>\n<td>Alte Musik<\/td>\n<td align=\"center\"><\/td>\n<td align=\"center\"><\/td>\n<td align=\"center\"><\/td>\n<\/tr>\n<tr>\n<td>Instrumente und Gesang<\/td>\n<td align=\"center\"><\/td>\n<td align=\"center\"><\/td>\n<td align=\"center\"><\/td>\n<\/tr>\n<tr>\n<td>Kirchenmusik B<\/td>\n<td align=\"center\"><\/td>\n<td align=\"center\"><\/td>\n<td align=\"center\"><\/td>\n<\/tr>\n<tr>\n<td>Musik<\/td>\n<td align=\"center\"><\/td>\n<td align=\"center\"><\/td>\n<td align=\"center\"><\/td>\n<\/tr>\n<tr>\n<td>Musikp\u00e4dagogik (Lehramt)<\/td>\n<td align=\"center\"><\/td>\n<td align=\"center\"><\/td>\n<td align=\"center\"><\/td>\n<\/tr>\n<tr>\n<td>Musiktheorie<\/td>\n<td align=\"center\"><\/td>\n<td align=\"center\"><\/td>\n<td align=\"center\"><\/td>\n<\/tr>\n<tr>\n<td>Rhythmik<\/td>\n<td align=\"center\"><\/td>\n<td align=\"center\"><\/td>\n<td align=\"center\"><\/td>\n<\/tr>\n<\/tbody>\n<\/table>\n<p>Weitere Hochschulen Baden W\u00fcrttemberg: <a title=\"Hochschule Heilbronn\" href=\"https:\/\/www.campuswerk.com\/Hochschulen-Deutschland\/hochschulen\/hochschulen-baden-wurttemberg\/hochschule-heilbronn\">Hochschule Heilbronn<\/a> | <a title=\"Hochschule Karlsruhe \u2013 Technik und Wirtschaft\" href=\"https:\/\/www.campuswerk.com\/Hochschulen-Deutschland\/hochschulen\/hochschulen-baden-wurttemberg\/hochschule-karlsruhe-technik-und-wirtschaft\">Hochschule Karlsruhe \u2013 Technik und Wirtschaft<\/a> | <a title=\"HHochschule Mannheim\" href=\"https:\/\/www.campuswerk.com\/Hochschulen-Deutschland\/hochschulen\/hochschulen-baden-wurttemberg\/hochschule-mannheim\">Hochschule Mannheim<\/a> | <a title=\"Hochschule Offenburg\" href=\"https:\/\/www.campuswerk.com\/Hochschulen-Deutschland\/hochschulen\/hochschulen-baden-wurttemberg\/hochschule-offenburg\">Hochschule Offenburg<\/a> | <a title=\"Hochschule Pforzheim\" href=\"https:\/\/www.campuswerk.com\/Hochschulen-Deutschland\/hochschulen\/hochschulen-baden-wurttemberg\/hochschule-pforzheim\">Hochschule Pforzheim<\/a> | <a title=\"Hochschule Ravensburg-Weingarten\" href=\"https:\/\/www.campuswerk.com\/Hochschulen-Deutschland\/hochschulen\/hochschulen-baden-wurttemberg\/hochschule-ravensburg-weingarten\">Hochschule Ravensburg-Weingarten<\/a> | <a title=\"Hochschule Reutlingen\" href=\"https:\/\/www.campuswerk.com\/Hochschulen-Deutschland\/hochschulen\/hochschulen-baden-wurttemberg\/hochschule-reutlingen\">Hochschule Reutlingen<\/a> | <a title=\"Hochschule Ulm\" href=\"https:\/\/www.campuswerk.com\/Hochschulen-Deutschland\/hochschulen\/hochschulen-baden-wurttemberg\/hochschule-ulm\">Hochschule Ulm<\/a> | <a title=\"Internationale Hochschule Calw\" href=\"https:\/\/www.campuswerk.com\/Hochschulen-Deutschland\/hochschulen\/hochschulen-baden-wurttemberg\/internationale-hochschule-calw\">Internationale Hochschule Calw<\/a> | <a title=\"Karlsruher Institut f\u00fcr Technologie\" href=\"https:\/\/www.campuswerk.com\/Hochschulen-Deutschland\/hochschulen\/hochschulen-baden-wurttemberg\/karlsruher-institut-fur-technologie\">Karlsruher Institut f\u00fcr Technologie<\/a> | <a title=\"Katholische Fachhochschule Freiburg\" href=\"https:\/\/www.campuswerk.com\/Hochschulen-Deutschland\/hochschulen\/hochschulen-baden-wurttemberg\/katholische-fachhochschule-freiburg\">Katholische Fachhochschule Freiburg<\/a> | <a title=\"Katholische Hochschule f\u00fcr Kirchenmusik Rottenburg\" href=\"https:\/\/www.campuswerk.com\/Hochschulen-Deutschland\/hochschulen\/hochschulen-baden-wurttemberg\/katholische-hochschule-fur-kirchenmusik-rottenburg\">Katholische Hochschule f\u00fcr Kirchenmusik Rottenburg<\/a> | <a title=\"Merz Akademie\" href=\"https:\/\/www.campuswerk.com\/Hochschulen-Deutschland\/hochschulen\/hochschulen-baden-wurttemberg\/merz-akademie\">Merz Akademie<\/a><\/p>\n","protected":false},"excerpt":{"rendered":"<p>Kontakt Staatliche Hochschule f\u00fcr Musik Trossingen Schulthei\u00df-Koch-Platz 3 78647 Trossingen Telefon: +49 (0) 7425 9491 0 E-Mail: rektorat@mh-trossingen.de \u00d6ffnungszeiten: Internet: https:\/\/www.hfm-trossingen.de [wpmaps company=&#8220;Staatliche Hochschule f\u00fcr Musik Trossingen&#8220; street=&#8220;Schulthei\u00df-Koch-Platz 3&#8243; city=&#8220;78647 Trossingen&#8220;] \u00dcbersicht Studieng\u00e4nge Studieng\u00e4nge Bachlor Master Fernstudiengang Alte Musik Instrumente und Gesang Kirchenmusik B Musik Musikp\u00e4dagogik (Lehramt) Musiktheorie Rhythmik Weitere Hochschulen Baden W\u00fcrttemberg: Hochschule Heilbronn [&hellip;]<\/p>\n","protected":false},"author":1,"featured_media":0,"parent":323,"menu_order":0,"comment_status":"open","ping_status":"open","template":"","meta":{"footnotes":""},"class_list":["post-1013","page","type-page","status-publish","hentry"],"_links":{"self":[{"href":"https:\/\/www.campuswerk.com\/Hochschulen-Deutschland\/wp-json\/wp\/v2\/pages\/1013","targetHints":{"allow":["GET"]}}],"collection":[{"href":"https:\/\/www.campuswerk.com\/Hochschulen-Deutschland\/wp-json\/wp\/v2\/pages"}],"about":[{"href":"https:\/\/www.campuswerk.com\/Hochschulen-Deutschland\/wp-json\/wp\/v2\/types\/page"}],"author":[{"embeddable":true,"href":"https:\/\/www.campuswerk.com\/Hochschulen-Deutschland\/wp-json\/wp\/v2\/users\/1"}],"replies":[{"embeddable":true,"href":"https:\/\/www.campuswerk.com\/Hochschulen-Deutschland\/wp-json\/wp\/v2\/comments?post=1013"}],"version-history":[{"count":5,"href":"https:\/\/www.campuswerk.com\/Hochschulen-Deutschland\/wp-json\/wp\/v2\/pages\/1013\/revisions"}],"predecessor-version":[{"id":3210,"href":"https:\/\/www.campuswerk.com\/Hochschulen-Deutschland\/wp-json\/wp\/v2\/pages\/1013\/revisions\/3210"}],"up":[{"embeddable":true,"href":"https:\/\/www.campuswerk.com\/Hochschulen-Deutschland\/wp-json\/wp\/v2\/pages\/323"}],"wp:attachment":[{"href":"https:\/\/www.campuswerk.com\/Hochschulen-Deutschland\/wp-json\/wp\/v2\/media?parent=1013"}],"curies":[{"name":"wp","href":"https:\/\/api.w.org\/{rel}","templated":true}]}}